{"id":34027,"date":"2025-05-29T11:44:51","date_gmt":"2025-05-29T07:44:51","guid":{"rendered":"https:\/\/airsystems.ge\/shop\/product\/solar-panel-ibex-132mhc-eiger-495-500-full-black\/"},"modified":"2025-05-29T11:50:43","modified_gmt":"2025-05-29T07:50:43","slug":"solar-panel-ibex-132mhc-eiger-495-500-full-black","status":"publish","type":"product","link":"https:\/\/airsystems.ge\/shop\/az\/product\/solar-panel-ibex-132mhc-eiger-495-500-full-black\/","title":{"rendered":"G\u00fcn\u0259\u015f paneli IBEX 132MHC-EiGER 495-500 FULL BLACK Solar panel"},"content":{"rendered":"<h2>TECHNICAL DATA<\/h2>\n<div class=\"technical-data-table\">\n<div class=\"row no-gutters technical-data-table-row\">\n<div class=\"col-6\">Power classes: 495, 500 Wp<\/div>\n<\/div>\n<div class=\"row no-gutters technical-data-table-row\">\n<div class=\"col-6\">Efficiency: Up to 21.06%<\/div>\n<\/div>\n<div class=\"row no-gutters technical-data-table-row\">\n<div class=\"col-6\">Size: 2094 x 1134 x 35 mm<\/div>\n<\/div>\n<div class=\"row no-gutters technical-data-table-row\">\n<div class=\"col-6\">Weight: Up to 25.5 kg<\/div>\n<\/div>\n<div class=\"row no-gutters technical-data-table-row small\">\n<div class=\"col-6\">Warranty<\/div>\n<div class=\"col-6\">At least 97% of nominal power during first year.<br \/>\nThereafter max. 0.5086% degradation per year.<br \/>\nAt least 86.83% of nominal power up to 20 years.<br \/>\nAt least 81.75% of nominal power up to 30 years.<\/div>\n<\/div>\n<div>\n<p>YOU CAN READ MORE INFORMATION IN OUR DATA SHEET:<\/p>\n<p><a class=\"btn btn--theme\" href=\"https:\/\/www.swissenergy-solar.ch\/wp-content\/uploads\/2021\/02\/IBEX-132MHC-EiGER-495-500-FULL-BLACK-V2_compressed.pdf\" target=\"_blank\" rel=\"noopener\">DATA SHEET<\/a><\/p>\n<\/div>\n<\/div>\n","protected":false},"excerpt":{"rendered":"<div class=\"country\"><b>\u0130sve\u00e7r\u0259d\u0259 haz\u0131rlanm\u0131\u015fd\u0131r<\/b><\/div>\n<div class=\"description\">\n<h2>EIGER texnologiyas\u0131<\/h2>\n<ul>\n<li>M10 Qallium qatq\u0131l\u0131 mono vafli<br \/>\nP tipli PERC h\u00fcceyr\u0259si<br \/>\n9BB Half-cut texnologiyas\u0131<br \/>\nR\u0259ng arxa v\u0259r\u0259q &#8211; qara<br \/>\n21,06% modul s\u0259m\u0259r\u0259liliyi<br \/>\n\u018fn b\u00f6y\u00fck h\u00fcceyr\u0259 \u00f6l\u00e7\u00fcs\u00fc (182\u00d791)<\/p>\n<p>&nbsp;<\/li>\n<\/ul>\n<\/div>\n<div class=\"applications\">\n<h3>\u00dc\u00c7\u00dcN \u0130DEAL<\/h3>\n<ul class=\"applications-list custom_list\">\n<li>\u015e\u0259xsi dam \u00f6rt\u00fcy\u00fcn\u00fcn qura\u015fd\u0131r\u0131lmas\u0131<br \/>\nTicar\u0259t v\u0259 S\u0259naye<br \/>\nYer\u0259 qura\u015fd\u0131r\u0131lm\u0131\u015f g\u00fcn\u0259\u015f elektrik stansiyalar\u0131<\/li>\n<\/ul>\n<\/div>\n","protected":false},"featured_media":34010,"template":"","meta":[],"product_brand":[],"product_cat":[1673],"product_tag":[],"class_list":{"0":"post-34027","1":"product","2":"type-product","3":"status-publish","4":"has-post-thumbnail","6":"product_cat-guns-paneli-enerjisi-energy-az","8":"first","9":"instock","10":"shipping-taxable","11":"product-type-simple"},"_links":{"self":[{"href":"https:\/\/airsystems.ge\/shop\/az\/wp-json\/wp\/v2\/product\/34027","targetHints":{"allow":["GET"]}}],"collection":[{"href":"https:\/\/airsystems.ge\/shop\/az\/wp-json\/wp\/v2\/product"}],"about":[{"href":"https:\/\/airsystems.ge\/shop\/az\/wp-json\/wp\/v2\/types\/product"}],"wp:featuredmedia":[{"embeddable":true,"href":"https:\/\/airsystems.ge\/shop\/az\/wp-json\/wp\/v2\/media\/34010"}],"wp:attachment":[{"href":"https:\/\/airsystems.ge\/shop\/az\/wp-json\/wp\/v2\/media?parent=34027"}],"wp:term":[{"taxonomy":"product_brand","embeddable":true,"href":"https:\/\/airsystems.ge\/shop\/az\/wp-json\/wp\/v2\/product_brand?post=34027"},{"taxonomy":"product_cat","embeddable":true,"href":"https:\/\/airsystems.ge\/shop\/az\/wp-json\/wp\/v2\/product_cat?post=34027"},{"taxonomy":"product_tag","embeddable":true,"href":"https:\/\/airsystems.ge\/shop\/az\/wp-json\/wp\/v2\/product_tag?post=34027"}],"curies":[{"name":"wp","href":"https:\/\/api.w.org\/{rel}","templated":true}]}}