{"id":33828,"date":"2025-05-28T18:59:49","date_gmt":"2025-05-28T14:59:49","guid":{"rendered":"https:\/\/airsystems.ge\/shop\/product\/solar-panel-ibex-144bf-mhc-eiger-530-550-bifacial-glass\/"},"modified":"2025-05-28T19:09:46","modified_gmt":"2025-05-28T15:09:46","slug":"solar-panel-ibex-144bf-mhc-eiger-530-550-bifacial-glass","status":"publish","type":"product","link":"https:\/\/airsystems.ge\/shop\/az\/product\/solar-panel-ibex-144bf-mhc-eiger-530-550-bifacial-glass\/","title":{"rendered":"Solar Panel IBEX 144BF-MHC-EiGER-530-550 BIFACIAL GLASS"},"content":{"rendered":"<h2>TECHNICAL DATA<\/h2>\n<div class=\"technical-data-table\">\n<div class=\"row no-gutters technical-data-table-row\">\n<div class=\"col-6\">Type:IBEX 144BF-MHC-EiGER-530-550 BIFACIAL GLASS, half cell modules<\/div>\n<\/div>\n<div class=\"row no-gutters technical-data-table-row\">\n<div class=\"col-6\">Power classes<\/div>\n<\/div>\n<div class=\"row no-gutters technical-data-table-row\">\n<div class=\"col-6\">Efficiency<\/div>\n<\/div>\n<div class=\"row no-gutters technical-data-table-row\">\n<div class=\"col-6\">Size: <a class=\"btn btn--theme\" href=\"https:\/\/www.swissenergy-solar.ch\/wp-content\/uploads\/2022\/08\/IBEX-144MHC-EIGER-530-550-BIFACIALGLASS_compressed.pdf\" target=\"_blank\" rel=\"noopener\">DATA SHEET<\/a><\/div>\n<div class=\"col-6\"><\/div>\n<\/div>\n<div class=\"row no-gutters technical-data-table-row\">\n<div class=\"col-6\">Weight: Up to 27.5 kg<\/div>\n<\/div>\n<div class=\"row no-gutters technical-data-table-row small\">\n<div class=\"col-6\">Warranty<\/div>\n<div class=\"col-6\">At least 97% of nominal power during first year.<br \/>\nThereafter max. 0.415% degradation per year.<br \/>\nAt least 86.63% of nominal power up to 25 years.<br \/>\nAt least 84.55% of nominal power up to 30 years.<\/div>\n<\/div>\n<\/div>\n","protected":false},"excerpt":{"rendered":"<div class=\"country\"><b>\u0130sve\u00e7r\u0259d\u0259 haz\u0131rlanm\u0131\u015fd\u0131r<\/b><\/div>\n<div class=\"description\">\n<h2>EiGER Texnologiyas\u0131<\/h2>\n<ul>\n<li>M10 Qallium qatq\u0131l\u0131 mono vafli<br \/>\nP tipli PERC h\u00fcceyr\u0259si<br \/>\n9BB Half-cut texnologiyas\u0131<br \/>\nR\u0259ng arxa v\u0259r\u0259q &#8211; \u015f\u0259ffaf<br \/>\nNormal 6 s\u0131ra 72 C \/ 66 C modul dizayn\u0131<br \/>\n21,30% modul s\u0259m\u0259r\u0259liliyi<br \/>\n\u0259n b\u00f6y\u00fck h\u00fcceyr\u0259 \u00f6l\u00e7\u00fcs\u00fc (182\u00d791)<\/p>\n<p>&nbsp;<\/li>\n<\/ul>\n<\/div>\n<div class=\"applications\">\n<h3>\u00dc\u00c7\u00dcN \u0130DEAL<\/h3>\n<ul>\n<li>Ticar\u0259t v\u0259 S\u0259naye\n<p>Yer\u0259 qura\u015fd\u0131r\u0131lm\u0131\u015f g\u00fcn\u0259\u015f elektrik stansiyalar\u0131<\/li>\n<\/ul>\n<\/div>\n","protected":false},"featured_media":33811,"template":"","meta":[],"product_brand":[],"product_cat":[1673],"product_tag":[],"class_list":{"0":"post-33828","1":"product","2":"type-product","3":"status-publish","4":"has-post-thumbnail","6":"product_cat-guns-paneli-enerjisi-energy-az","8":"first","9":"instock","10":"shipping-taxable","11":"product-type-simple"},"_links":{"self":[{"href":"https:\/\/airsystems.ge\/shop\/az\/wp-json\/wp\/v2\/product\/33828","targetHints":{"allow":["GET"]}}],"collection":[{"href":"https:\/\/airsystems.ge\/shop\/az\/wp-json\/wp\/v2\/product"}],"about":[{"href":"https:\/\/airsystems.ge\/shop\/az\/wp-json\/wp\/v2\/types\/product"}],"wp:featuredmedia":[{"embeddable":true,"href":"https:\/\/airsystems.ge\/shop\/az\/wp-json\/wp\/v2\/media\/33811"}],"wp:attachment":[{"href":"https:\/\/airsystems.ge\/shop\/az\/wp-json\/wp\/v2\/media?parent=33828"}],"wp:term":[{"taxonomy":"product_brand","embeddable":true,"href":"https:\/\/airsystems.ge\/shop\/az\/wp-json\/wp\/v2\/product_brand?post=33828"},{"taxonomy":"product_cat","embeddable":true,"href":"https:\/\/airsystems.ge\/shop\/az\/wp-json\/wp\/v2\/product_cat?post=33828"},{"taxonomy":"product_tag","embeddable":true,"href":"https:\/\/airsystems.ge\/shop\/az\/wp-json\/wp\/v2\/product_tag?post=33828"}],"curies":[{"name":"wp","href":"https:\/\/api.w.org\/{rel}","templated":true}]}}