{"id":33667,"date":"2025-05-26T11:40:53","date_gmt":"2025-05-26T07:40:53","guid":{"rendered":"https:\/\/airsystems.ge\/shop\/product\/lsa-hp-high-efficiency-air-to-water-heat-pumps\/"},"modified":"2025-05-26T11:43:09","modified_gmt":"2025-05-26T07:43:09","slug":"lsa-hp-high-efficiency-air-to-water-heat-pumps","status":"publish","type":"product","link":"https:\/\/airsystems.ge\/shop\/az\/product\/lsa-hp-high-efficiency-air-to-water-heat-pumps\/","title":{"rendered":"LSA HP Y\u00fcks\u0259k s\u0259m\u0259r\u0259li havadan suya istilik nasoslar\u0131"},"content":{"rendered":"<div class=\"elementor-element elementor-element-70da8153 elementor-widget elementor-widget-theme-page-title elementor-page-title elementor-widget-heading\" data-id=\"70da8153\" data-element_type=\"widget\" data-widget_type=\"theme-page-title.default\">\n<div class=\"elementor-widget-container\">\n<p>6 kVt-dan 44 kVt-a q\u0259d\u0259r istilik g\u00fcc\u00fc<\/p>\n<p>LSA\/HP su soyuducu \u00e7e\u015fidi ki\u00e7ik v\u0259 orta ya\u015fay\u0131\u015f v\u0259 kommersiya t\u0259tbiql\u0259ri \u00fc\u00e7\u00fcn n\u0259z\u0259rd\u0259 tutulmu\u015fdur. Onlar 7\u00b0C temperaturda soyudulmu\u015f su yaratmaq \u00fc\u00e7\u00fcn uy\u011fundur, ad\u0259t\u0259n fan coill\u0259ri v\u0259\/yaxud hava idar\u0259etm\u0259 qur\u011fular\u0131 il\u0259 t\u0259tbiql\u0259rd\u0259 istifad\u0259 olunur. LSA\/HP su soyuducular\u0131 y\u00fcks\u0259k i\u015f s\u0259m\u0259r\u0259liliyin\u0259 malikdir v\u0259 \u0259m\u0259liyyatda s\u0259ssizdir. F\u0259rqli versiyalar v\u0259 geni\u015f \u00e7e\u015fidli aksesuarlar optimal h\u0259lli se\u00e7m\u0259k imkan\u0131 verir.<\/p>\n<\/div>\n<\/div>\n<div class=\"elementor-element elementor-element-391e72ec elementor-widget elementor-widget-theme-post-content\" data-id=\"391e72ec\" data-element_type=\"widget\" data-widget_type=\"theme-post-content.default\">\n<div class=\"elementor-widget-container\">\n<p>&nbsp;<\/p>\n<\/div>\n<\/div>\n<div class=\"elementor-element elementor-element-427e8a79 e-flex e-con-boxed e-con e-child\" data-id=\"427e8a79\" data-element_type=\"container\">\n<div class=\"e-con-inner\">\n<div class=\"elementor-element elementor-element-6e19ed90 hidebutton mc-bl elementor-align-left elementor-widget elementor-widget-button\" data-id=\"6e19ed90\" data-element_type=\"widget\" data-widget_type=\"button.default\">\n<div class=\"elementor-widget-container\">\n<div class=\"elementor-button-wrapper\"><a class=\"elementor-button elementor-button-link elementor-size-sm\" href=\"https:\/\/www.enextechnologies.com\/wp-content\/uploads\/2024\/09\/LSA-HP_ENG.pdf\" target=\"_blank\" rel=\"noopener\"><span class=\"elementor-button-content-wrapper\"><span class=\"elementor-button-text\">BROCHURE<\/span><\/span><\/a><\/div>\n<\/div>\n<\/div>\n<\/div>\n<\/div>\n","protected":false},"excerpt":{"rendered":"<p>6 kVt-dan 44 kVt-a q\u0259d\u0259r istilik g\u00fcc\u00fc LSA\/HP su soyuducu \u00e7e\u015fidi ki\u00e7ik v\u0259 orta ya\u015fay\u0131\u015f v\u0259 kommersiya t\u0259tbiql\u0259ri \u00fc\u00e7\u00fcn n\u0259z\u0259rd\u0259<\/p>\n","protected":false},"featured_media":33662,"template":"","meta":[],"product_brand":[],"product_cat":[1668,875],"product_tag":[],"class_list":{"0":"post-33667","1":"product","2":"type-product","3":"status-publish","4":"has-post-thumbnail","6":"product_cat-istilik-nasosu","7":"product_cat-snaye-az-kondisionerlr","9":"first","10":"instock","11":"shipping-taxable","12":"product-type-simple"},"_links":{"self":[{"href":"https:\/\/airsystems.ge\/shop\/az\/wp-json\/wp\/v2\/product\/33667","targetHints":{"allow":["GET"]}}],"collection":[{"href":"https:\/\/airsystems.ge\/shop\/az\/wp-json\/wp\/v2\/product"}],"about":[{"href":"https:\/\/airsystems.ge\/shop\/az\/wp-json\/wp\/v2\/types\/product"}],"wp:featuredmedia":[{"embeddable":true,"href":"https:\/\/airsystems.ge\/shop\/az\/wp-json\/wp\/v2\/media\/33662"}],"wp:attachment":[{"href":"https:\/\/airsystems.ge\/shop\/az\/wp-json\/wp\/v2\/media?parent=33667"}],"wp:term":[{"taxonomy":"product_brand","embeddable":true,"href":"https:\/\/airsystems.ge\/shop\/az\/wp-json\/wp\/v2\/product_brand?post=33667"},{"taxonomy":"product_cat","embeddable":true,"href":"https:\/\/airsystems.ge\/shop\/az\/wp-json\/wp\/v2\/product_cat?post=33667"},{"taxonomy":"product_tag","embeddable":true,"href":"https:\/\/airsystems.ge\/shop\/az\/wp-json\/wp\/v2\/product_tag?post=33667"}],"curies":[{"name":"wp","href":"https:\/\/api.w.org\/{rel}","templated":true}]}}