{"id":33609,"date":"2025-05-25T22:13:01","date_gmt":"2025-05-25T18:13:01","guid":{"rendered":"https:\/\/airsystems.ge\/shop\/product\/yukon-d-split-air-to-water-heating-only-reciprocating-heat-pump-with-remote-evaporator\/"},"modified":"2025-05-25T22:16:41","modified_gmt":"2025-05-25T18:16:41","slug":"yukon-d-split-air-to-water-heating-only-reciprocating-heat-pump-with-remote-evaporator","status":"publish","type":"product","link":"https:\/\/airsystems.ge\/shop\/az\/product\/yukon-d-split-air-to-water-heating-only-reciprocating-heat-pump-with-remote-evaporator\/","title":{"rendered":"Yukon D Havadan suya b\u00f6l\u00fcn\u0259n istilik yaln\u0131z uzaqdan buxarland\u0131r\u0131c\u0131ya malik pistonlu istilik nasosu"},"content":{"rendered":"<div class=\"elementor-element elementor-element-6799186e elementor-widget elementor-widget-heading\" data-id=\"6799186e\" data-element_type=\"widget\" data-widget_type=\"heading.default\">\n<div class=\"elementor-widget-container\">\n<div class=\"elementor-heading-title elementor-size-default\">\n<p>Yukon D<br \/>\nYUKON D split havadan suya q\u0131zd\u0131r\u0131lan yaln\u0131z ENEX-d\u0259n uzaqdan buxarland\u0131r\u0131c\u0131ya malik pistonlu istilik nasosu y\u00fcks\u0259k dayan\u0131ql\u0131 R744 soyuducudan istifad\u0259 edir. O, transkritik CO2 d\u00f6vr\u00fcn\u0259 \u0259saslan\u0131r v\u0259 suyun y\u00fcks\u0259k temperaturda (80\u00b0C-\u0259 q\u0259d\u0259r) b\u00f6y\u00fck \u2206T il\u0259 q\u0131zd\u0131r\u0131lmas\u0131 laz\u0131m olduqda, m\u0259s\u0259l\u0259n, m\u0259rk\u0259zi isitm\u0259 proqramlar\u0131nda v\u0259 toksik olmayan\/yanmaz soyuducuya \u00fcst\u00fcnl\u00fck verildikd\u0259 ideal se\u00e7imdir.<\/p>\n<p>X\u00dcSUS\u0130YY\u018fTL\u018fR\u0130<\/p>\n<p>Qaynaqlanm\u0131\u015f polad \u00e7\u0259r\u00e7iv\u0259<br \/>\nPistonlu kompressorlar<br \/>\nPaslanmayan polad borular<br \/>\nM\u00fclkiyy\u0259t n\u0259zar\u0259t proqram\u0131<br \/>\nMexanik ehtiyat klapanlar<br \/>\nBirinci kompressorda tezlik \u00e7eviricisi<br \/>\nRelief klapanlar\u0131n kanalizasiyas\u0131<br \/>\nModbus TCP\/IP Enerji say\u011fac\u0131 il\u0259 \u0259laq\u0259. Uzaqdan monitorinq<br \/>\n\u2206T istilik rejimind\u0259 70K-a q\u0259d\u0259r<br \/>\nPS 80 bar il\u0259 maye q\u0259buledicisi<br \/>\nT\u0259zyiq d\u0259r\u0259c\u0259si HP t\u0259r\u0259fi PS=130 bar<\/p>\n<\/div>\n<\/div>\n<\/div>\n<div class=\"elementor-element elementor-element-427e8a79 e-flex e-con-boxed e-con e-child\" data-id=\"427e8a79\" data-element_type=\"container\">\n<div class=\"e-con-inner\">\n<div class=\"elementor-element elementor-element-6e19ed90 hidebutton mc-bl elementor-align-left elementor-widget elementor-widget-button\" data-id=\"6e19ed90\" data-element_type=\"widget\" data-widget_type=\"button.default\">\n<div class=\"elementor-widget-container\">\n<div class=\"elementor-button-wrapper\"><a class=\"elementor-button elementor-button-link elementor-size-sm\" href=\"https:\/\/www.enextechnologies.com\/wp-content\/uploads\/2024\/10\/One-Pager-YUKON-D-ENG.pdf\" target=\"_blank\" rel=\"noopener\"><span class=\"elementor-button-content-wrapper\"><span class=\"elementor-button-text\">ONE PAGER<\/span><\/span><\/a><\/div>\n<\/div>\n<\/div>\n<\/div>\n<\/div>\n","protected":false},"excerpt":{"rendered":"<p>Yukon D YUKON D split havadan suya q\u0131zd\u0131r\u0131lan yaln\u0131z ENEX-d\u0259n uzaqdan buxarland\u0131r\u0131c\u0131ya malik pistonlu istilik nasosu y\u00fcks\u0259k dayan\u0131ql\u0131 R744 soyuducudan<\/p>\n","protected":false},"featured_media":33604,"template":"","meta":[],"product_brand":[],"product_cat":[1668,875],"product_tag":[],"class_list":{"0":"post-33609","1":"product","2":"type-product","3":"status-publish","4":"has-post-thumbnail","6":"product_cat-istilik-nasosu","7":"product_cat-snaye-az-kondisionerlr","9":"first","10":"instock","11":"shipping-taxable","12":"product-type-simple"},"_links":{"self":[{"href":"https:\/\/airsystems.ge\/shop\/az\/wp-json\/wp\/v2\/product\/33609","targetHints":{"allow":["GET"]}}],"collection":[{"href":"https:\/\/airsystems.ge\/shop\/az\/wp-json\/wp\/v2\/product"}],"about":[{"href":"https:\/\/airsystems.ge\/shop\/az\/wp-json\/wp\/v2\/types\/product"}],"wp:featuredmedia":[{"embeddable":true,"href":"https:\/\/airsystems.ge\/shop\/az\/wp-json\/wp\/v2\/media\/33604"}],"wp:attachment":[{"href":"https:\/\/airsystems.ge\/shop\/az\/wp-json\/wp\/v2\/media?parent=33609"}],"wp:term":[{"taxonomy":"product_brand","embeddable":true,"href":"https:\/\/airsystems.ge\/shop\/az\/wp-json\/wp\/v2\/product_brand?post=33609"},{"taxonomy":"product_cat","embeddable":true,"href":"https:\/\/airsystems.ge\/shop\/az\/wp-json\/wp\/v2\/product_cat?post=33609"},{"taxonomy":"product_tag","embeddable":true,"href":"https:\/\/airsystems.ge\/shop\/az\/wp-json\/wp\/v2\/product_tag?post=33609"}],"curies":[{"name":"wp","href":"https:\/\/api.w.org\/{rel}","templated":true}]}}