{"id":33584,"date":"2025-05-25T22:00:11","date_gmt":"2025-05-25T18:00:11","guid":{"rendered":"https:\/\/airsystems.ge\/shop\/product\/yukon-w-water-to-water-reciprocating-heat-pump\/"},"modified":"2025-05-25T22:03:34","modified_gmt":"2025-05-25T18:03:34","slug":"yukon-w-water-to-water-reciprocating-heat-pump","status":"publish","type":"product","link":"https:\/\/airsystems.ge\/shop\/az\/product\/yukon-w-water-to-water-reciprocating-heat-pump\/","title":{"rendered":"Yukon W Sudan suya d\u00f6n\u0259n istilik nasosu"},"content":{"rendered":"","protected":false},"excerpt":{"rendered":"<p>36 kVt-dan 3000 kVt-a q\u0259d\u0259r istilik g\u00fcc\u00fc<\/p>\n<p>Yukon W sudan suya d\u00f6n\u0259n istilik nasosu transkritik CO2 d\u00f6vr\u00fcn\u0259 \u0259saslan\u0131r. Suyun y\u00fcks\u0259k temperaturda (80\u00b0C-\u0259 q\u0259d\u0259r) q\u0131zd\u0131r\u0131lmal\u0131 oldu\u011fu v\u0259 isti t\u0259r\u0259f\u0259 qay\u0131tma temperaturunun 35\u00b0C-d\u0259n a\u015fa\u011f\u0131 oldu\u011fu zaman m\u0259nb\u0259 kimi sudan istifad\u0259 ed\u0259n s\u0259naye v\u0259 iri m\u0259rk\u0259zi istilik sisteml\u0259ri \u00fc\u00e7\u00fcn ideal se\u00e7imdir.<\/p>\n<p>X\u00dcSUS\u0130YY\u018fTL\u018fR\u0130<\/p>\n<p>\u2022 Qaynaqlanm\u0131\u015f polad \u00e7\u0259r\u00e7iv\u0259<br \/>\n\u2022 Pistonlu kompressorlar<br \/>\n\u2022 Paslanmayan polad boru k\u0259m\u0259rl\u0259ri<br \/>\n\u2022 M\u00fc\u0259llif n\u0259zar\u0259t proqram\u0131<br \/>\n\u2022 Mexanik ehtiyat klapanlar<br \/>\n\u2022 Birinci kompressorda tezlik \u00e7eviricisi<br \/>\n\u2022 Bo\u015faltma klapanlar\u0131n\u0131n kanallar\u0131<br \/>\n\u2022 Modbus TCP\/IP vasit\u0259sil\u0259 qo\u015fulma<br \/>\n\u2022 Enerji say\u011fac\u0131<br \/>\n\u2022 Uzaqdan monitorinq<br \/>\n\u2022 70K-a q\u0259d\u0259r \u0394T<br \/>\n\u2022 PS 80 barl\u0131 maye q\u0259buledicisi<br \/>\n\u2022 T\u0259zyiq d\u0259r\u0259c\u0259si HP t\u0259r\u0259fi PS=130 bar<\/p>\n","protected":false},"featured_media":33579,"template":"","meta":[],"product_brand":[],"product_cat":[1668,875],"product_tag":[],"class_list":{"0":"post-33584","1":"product","2":"type-product","3":"status-publish","4":"has-post-thumbnail","6":"product_cat-istilik-nasosu","7":"product_cat-snaye-az-kondisionerlr","9":"first","10":"instock","11":"shipping-taxable","12":"product-type-simple"},"_links":{"self":[{"href":"https:\/\/airsystems.ge\/shop\/az\/wp-json\/wp\/v2\/product\/33584","targetHints":{"allow":["GET"]}}],"collection":[{"href":"https:\/\/airsystems.ge\/shop\/az\/wp-json\/wp\/v2\/product"}],"about":[{"href":"https:\/\/airsystems.ge\/shop\/az\/wp-json\/wp\/v2\/types\/product"}],"wp:featuredmedia":[{"embeddable":true,"href":"https:\/\/airsystems.ge\/shop\/az\/wp-json\/wp\/v2\/media\/33579"}],"wp:attachment":[{"href":"https:\/\/airsystems.ge\/shop\/az\/wp-json\/wp\/v2\/media?parent=33584"}],"wp:term":[{"taxonomy":"product_brand","embeddable":true,"href":"https:\/\/airsystems.ge\/shop\/az\/wp-json\/wp\/v2\/product_brand?post=33584"},{"taxonomy":"product_cat","embeddable":true,"href":"https:\/\/airsystems.ge\/shop\/az\/wp-json\/wp\/v2\/product_cat?post=33584"},{"taxonomy":"product_tag","embeddable":true,"href":"https:\/\/airsystems.ge\/shop\/az\/wp-json\/wp\/v2\/product_tag?post=33584"}],"curies":[{"name":"wp","href":"https:\/\/api.w.org\/{rel}","templated":true}]}}