{"id":33532,"date":"2025-05-25T21:25:03","date_gmt":"2025-05-25T17:25:03","guid":{"rendered":"https:\/\/airsystems.ge\/shop\/product\/scroll-unit-scroll-condensing-units\/"},"modified":"2025-05-25T21:27:13","modified_gmt":"2025-05-25T17:27:13","slug":"scroll-unit-scroll-condensing-units","status":"publish","type":"product","link":"https:\/\/airsystems.ge\/shop\/az\/product\/scroll-unit-scroll-condensing-units\/","title":{"rendered":"S\u00fcr\u00fc\u015fd\u00fcrm\u0259 Vahidi Kondensasiya Vahidl\u0259rini s\u00fcr\u00fc\u015fd\u00fcr\u00fcn"},"content":{"rendered":"<div class=\"elementor-element elementor-element-70da8153 elementor-widget elementor-widget-theme-page-title elementor-page-title elementor-widget-heading\" data-id=\"70da8153\" data-element_type=\"widget\" data-widget_type=\"theme-page-title.default\">\n<div class=\"elementor-widget-container\">\n<p>Bizim f\u0131rlanan kondensasiya qur\u011fular\u0131m\u0131z GWP &lt;150 olan A2L-l\u0259r d\u0259 daxil olmaqla b\u00fct\u00fcn m\u00f6vcud soyuducu madd\u0259l\u0259rd\u0259n istifad\u0259 ed\u0259r\u0259k maksimum s\u0259m\u0259r\u0259lilik v\u0259 daha az enerji s\u0259rfiyyat\u0131 \u0259ld\u0259 edir. T\u0259klif olunan s\u00fcr\u00fc\u015fm\u0259 kompressorlar\u0131: \u2013 Copeland \u2013 Danfoss qura\u015fd\u0131r\u0131lm\u0131\u015f eksenel v\u0259 ya m\u0259rk\u0259zd\u0259nqa\u00e7ma ventilyatorlar\u0131 olan kondensator. K\u00f6n\u00fcll\u00fc:<\/p>\n<p>Elektrik paneli qura\u015fd\u0131r\u0131lm\u0131\u015f v\u0259 naqilli v\u0259 ya uzaqdan<br \/>\n\u00dczl\u00fck (akustik izolyasiya il\u0259 v\u0259 ya olmadan)<br \/>\nYa\u011f ay\u0131r\u0131c\u0131<br \/>\nEmi\u015f akkumulyatoru<br \/>\nTezlik \u00e7eviricisi<\/p>\n<\/div>\n<\/div>\n","protected":false},"excerpt":{"rendered":"<p>Bizim f\u0131rlanan kondensasiya qur\u011fular\u0131m\u0131z GWP &lt;150 olan A2L-l\u0259r d\u0259 daxil olmaqla b\u00fct\u00fcn m\u00f6vcud soyuducu madd\u0259l\u0259rd\u0259n istifad\u0259 ed\u0259r\u0259k maksimum s\u0259m\u0259r\u0259lilik v\u0259<\/p>\n","protected":false},"featured_media":33527,"template":"","meta":[],"product_brand":[],"product_cat":[1662,875],"product_tag":[],"class_list":{"0":"post-33532","1":"product","2":"type-product","3":"status-publish","4":"has-post-thumbnail","6":"product_cat-kondensasiya-qurgusu","7":"product_cat-snaye-az-kondisionerlr","9":"first","10":"instock","11":"shipping-taxable","12":"product-type-simple"},"_links":{"self":[{"href":"https:\/\/airsystems.ge\/shop\/az\/wp-json\/wp\/v2\/product\/33532","targetHints":{"allow":["GET"]}}],"collection":[{"href":"https:\/\/airsystems.ge\/shop\/az\/wp-json\/wp\/v2\/product"}],"about":[{"href":"https:\/\/airsystems.ge\/shop\/az\/wp-json\/wp\/v2\/types\/product"}],"wp:featuredmedia":[{"embeddable":true,"href":"https:\/\/airsystems.ge\/shop\/az\/wp-json\/wp\/v2\/media\/33527"}],"wp:attachment":[{"href":"https:\/\/airsystems.ge\/shop\/az\/wp-json\/wp\/v2\/media?parent=33532"}],"wp:term":[{"taxonomy":"product_brand","embeddable":true,"href":"https:\/\/airsystems.ge\/shop\/az\/wp-json\/wp\/v2\/product_brand?post=33532"},{"taxonomy":"product_cat","embeddable":true,"href":"https:\/\/airsystems.ge\/shop\/az\/wp-json\/wp\/v2\/product_cat?post=33532"},{"taxonomy":"product_tag","embeddable":true,"href":"https:\/\/airsystems.ge\/shop\/az\/wp-json\/wp\/v2\/product_tag?post=33532"}],"curies":[{"name":"wp","href":"https:\/\/api.w.org\/{rel}","templated":true}]}}