{"id":33519,"date":"2025-05-25T21:21:07","date_gmt":"2025-05-25T17:21:07","guid":{"rendered":"https:\/\/airsystems.ge\/shop\/product\/screw-unit-screw-condensing-units\/"},"modified":"2025-05-25T21:23:30","modified_gmt":"2025-05-25T17:23:30","slug":"screw-unit-screw-condensing-units","status":"publish","type":"product","link":"https:\/\/airsystems.ge\/shop\/az\/product\/screw-unit-screw-condensing-units\/","title":{"rendered":"Vida vahidi Vidal\u0131 kondensasiya qur\u011fular\u0131"},"content":{"rendered":"<p>Vidal\u0131 kondensasiya qur\u011fular\u0131m\u0131z GWP &lt;150 olan A2L d\u0259 daxil olmaqla b\u00fct\u00fcn m\u00f6vcud soyuducu madd\u0259l\u0259rd\u0259n istifad\u0259 ed\u0259r\u0259k maksimum s\u0259m\u0259r\u0259liliy\u0259 v\u0259 daha az enerji s\u0259rfiyyat\u0131na nail olur.<\/p>\n<p>T\u0259klif olunan vintli kompressorlar:<\/p>\n<p>&#8211; Bitzer<\/p>\n<p>\u2013 SRM Tech<\/p>\n<p>Eksenel v\u0259 ya m\u0259rk\u0259zd\u0259nqa\u00e7ma fanatlar\u0131 olan qura\u015fd\u0131r\u0131lm\u0131\u015f kondensator.<\/p>\n<p>K\u00f6n\u00fcll\u00fc:<\/p>\n<p>Elektrik paneli qura\u015fd\u0131r\u0131lm\u0131\u015f v\u0259 naqilli v\u0259 ya uzaqdan<br \/>\n\u00dczl\u00fck (akustik izolyasiya il\u0259 v\u0259 ya olmadan)<br \/>\nYa\u011f ay\u0131r\u0131c\u0131<br \/>\nEmi\u015f akkumulyatoru<br \/>\nTezlik \u00e7eviricisi<\/p>\n","protected":false},"excerpt":{"rendered":"<p>Vidal\u0131 kondensasiya qur\u011fular\u0131m\u0131z GWP &lt;150 olan A2L d\u0259 daxil olmaqla b\u00fct\u00fcn m\u00f6vcud soyuducu madd\u0259l\u0259rd\u0259n istifad\u0259 ed\u0259r\u0259k maksimum s\u0259m\u0259r\u0259liliy\u0259 v\u0259 daha<\/p>\n","protected":false},"featured_media":33514,"template":"","meta":[],"product_brand":[],"product_cat":[1662,875],"product_tag":[],"class_list":{"0":"post-33519","1":"product","2":"type-product","3":"status-publish","4":"has-post-thumbnail","6":"product_cat-kondensasiya-qurgusu","7":"product_cat-snaye-az-kondisionerlr","9":"first","10":"instock","11":"shipping-taxable","12":"product-type-simple"},"_links":{"self":[{"href":"https:\/\/airsystems.ge\/shop\/az\/wp-json\/wp\/v2\/product\/33519","targetHints":{"allow":["GET"]}}],"collection":[{"href":"https:\/\/airsystems.ge\/shop\/az\/wp-json\/wp\/v2\/product"}],"about":[{"href":"https:\/\/airsystems.ge\/shop\/az\/wp-json\/wp\/v2\/types\/product"}],"wp:featuredmedia":[{"embeddable":true,"href":"https:\/\/airsystems.ge\/shop\/az\/wp-json\/wp\/v2\/media\/33514"}],"wp:attachment":[{"href":"https:\/\/airsystems.ge\/shop\/az\/wp-json\/wp\/v2\/media?parent=33519"}],"wp:term":[{"taxonomy":"product_brand","embeddable":true,"href":"https:\/\/airsystems.ge\/shop\/az\/wp-json\/wp\/v2\/product_brand?post=33519"},{"taxonomy":"product_cat","embeddable":true,"href":"https:\/\/airsystems.ge\/shop\/az\/wp-json\/wp\/v2\/product_cat?post=33519"},{"taxonomy":"product_tag","embeddable":true,"href":"https:\/\/airsystems.ge\/shop\/az\/wp-json\/wp\/v2\/product_tag?post=33519"}],"curies":[{"name":"wp","href":"https:\/\/api.w.org\/{rel}","templated":true}]}}