{"id":33475,"date":"2025-05-25T20:46:48","date_gmt":"2025-05-25T16:46:48","guid":{"rendered":"https:\/\/airsystems.ge\/shop\/product\/nh3-cooling-unit-w-custom-refrigeration-system-for-indoor-use\/"},"modified":"2025-05-25T20:50:03","modified_gmt":"2025-05-25T16:50:03","slug":"nh3-cooling-unit-w-custom-refrigeration-system-for-indoor-use","status":"publish","type":"product","link":"https:\/\/airsystems.ge\/shop\/az\/product\/nh3-cooling-unit-w-custom-refrigeration-system-for-indoor-use\/","title":{"rendered":"Soyutma qur\u011fusu  NH3 Soyutma qur\u011fusu W: Daxili istifad\u0259 \u00fc\u00e7\u00fcn x\u00fcsusi soyuducu sistem"},"content":{"rendered":"","protected":false},"excerpt":{"rendered":"<p>S\u00fcp\u00fcr\u00fcl\u0259n H\u0259cm 1000 m3\/saatdan 12000 m3\/saata q\u0259d\u0259r<\/p>\n<p>ENEX INDUSTRIAL-dan W x\u00fcsusi soyuducu sistemi daxili istifad\u0259 \u00fc\u00e7\u00fcn ideald\u0131r. Uzaqdan quru v\u0259 ya buxarlanan kondensatorla hava il\u0259 soyudulur, su v\u0259 ya duzlu su il\u0259 soyudulur. Nasoslu sistem se\u00e7imi il\u0259 m\u00f6vcuddur v\u0259 qida emal\u0131 v\u0259 saxlama kimi b\u00f6y\u00fck s\u0259naye soyuducu sisteml\u0259ri \u00fc\u00e7\u00fcn uy\u011fundur.<\/p>\n<p>X\u00fcsusiyy\u0259tl\u0259r<\/p>\n<p>Paralel olaraq 2-d\u0259n 4-\u0259 q\u0259d\u0259r kompressor<br \/>\nBuxarlanma temperaturunun geni\u015f diapazonu (bir v\u0259 ya iki s\u0259viyy\u0259)<br \/>\nBoyal\u0131 polad damlama qab\u0131<br \/>\nSu\/duzlu su d\u00f6vr\u0259si \u00fc\u00e7\u00fcn paslanmayan polad 304L boru k\u0259m\u0259rl\u0259ri<\/p>\n","protected":false},"featured_media":33470,"template":"","meta":[],"product_brand":[],"product_cat":[875,1649],"product_tag":[],"class_list":{"0":"post-33475","1":"product","2":"type-product","3":"status-publish","4":"has-post-thumbnail","6":"product_cat-snaye-az-kondisionerlr","7":"product_cat-soyutma-qurgusu","9":"first","10":"instock","11":"shipping-taxable","12":"product-type-simple"},"_links":{"self":[{"href":"https:\/\/airsystems.ge\/shop\/az\/wp-json\/wp\/v2\/product\/33475","targetHints":{"allow":["GET"]}}],"collection":[{"href":"https:\/\/airsystems.ge\/shop\/az\/wp-json\/wp\/v2\/product"}],"about":[{"href":"https:\/\/airsystems.ge\/shop\/az\/wp-json\/wp\/v2\/types\/product"}],"wp:featuredmedia":[{"embeddable":true,"href":"https:\/\/airsystems.ge\/shop\/az\/wp-json\/wp\/v2\/media\/33470"}],"wp:attachment":[{"href":"https:\/\/airsystems.ge\/shop\/az\/wp-json\/wp\/v2\/media?parent=33475"}],"wp:term":[{"taxonomy":"product_brand","embeddable":true,"href":"https:\/\/airsystems.ge\/shop\/az\/wp-json\/wp\/v2\/product_brand?post=33475"},{"taxonomy":"product_cat","embeddable":true,"href":"https:\/\/airsystems.ge\/shop\/az\/wp-json\/wp\/v2\/product_cat?post=33475"},{"taxonomy":"product_tag","embeddable":true,"href":"https:\/\/airsystems.ge\/shop\/az\/wp-json\/wp\/v2\/product_tag?post=33475"}],"curies":[{"name":"wp","href":"https:\/\/api.w.org\/{rel}","templated":true}]}}