{"id":33459,"date":"2025-05-25T20:38:39","date_gmt":"2025-05-25T16:38:39","guid":{"rendered":"https:\/\/airsystems.ge\/shop\/product\/cascade-nh%e2%82%83-co%e2%82%82-units-compressor-brand-howden-bitzer-srm-tec-etc\/"},"modified":"2025-05-25T20:44:40","modified_gmt":"2025-05-25T16:44:40","slug":"cascade-nh%e2%82%83-co%e2%82%82-units-compressor-brand-howden-bitzer-srm-tec-etc","status":"publish","type":"product","link":"https:\/\/airsystems.ge\/shop\/az\/product\/cascade-nh%e2%82%83-co%e2%82%82-units-compressor-brand-howden-bitzer-srm-tec-etc\/","title":{"rendered":"Kaskad NH\u2083 \u2013 CO\u2082 Vahidl\u0259r Kompressor markas\u0131: HOWDEN, BITZER, SRM Tec v\u0259 s."},"content":{"rendered":"","protected":false},"excerpt":{"rendered":"<p>Texnologiya: Vida<\/p>\n<p>T\u0259bii soyuducular Ammonyak, GWP s\u0131f\u0131r v\u0259 CO2, GWP bir.<\/p>\n<p>M\u00fc\u015ft\u0259rinin ehtiyaclar\u0131na uy\u011funla\u015fd\u0131r\u0131lm\u0131\u015f g\u00fcc v\u0259 s\u00fcr\u0259t<\/p>\n<p>Hava v\u0259 ya su il\u0259 kondensasiya<\/p>\n<p>Kaskad d\u0259yi\u015fdiricil\u0259rin iki se\u00e7imi<\/p>\n<p>Sprey Soyuducu<br \/>\nKatedral \u015f\u0259lal\u0259si (ay\u0131r\u0131c\u0131 \u015f\u00fc\u015f\u0259 LP + kondensator kolbas\u0131)<br \/>\nKondensasiya, superheating v\u0259 ya\u011f\u0131n soyudulmas\u0131 zaman\u0131 istiliyin b\u0259rpas\u0131 \u00fc\u00e7\u00fcn se\u00e7im.<\/p>\n","protected":false},"featured_media":33454,"template":"","meta":[],"product_brand":[],"product_cat":[875,1649],"product_tag":[],"class_list":{"0":"post-33459","1":"product","2":"type-product","3":"status-publish","4":"has-post-thumbnail","6":"product_cat-snaye-az-kondisionerlr","7":"product_cat-soyutma-qurgusu","9":"first","10":"instock","11":"shipping-taxable","12":"product-type-simple"},"_links":{"self":[{"href":"https:\/\/airsystems.ge\/shop\/az\/wp-json\/wp\/v2\/product\/33459","targetHints":{"allow":["GET"]}}],"collection":[{"href":"https:\/\/airsystems.ge\/shop\/az\/wp-json\/wp\/v2\/product"}],"about":[{"href":"https:\/\/airsystems.ge\/shop\/az\/wp-json\/wp\/v2\/types\/product"}],"wp:featuredmedia":[{"embeddable":true,"href":"https:\/\/airsystems.ge\/shop\/az\/wp-json\/wp\/v2\/media\/33454"}],"wp:attachment":[{"href":"https:\/\/airsystems.ge\/shop\/az\/wp-json\/wp\/v2\/media?parent=33459"}],"wp:term":[{"taxonomy":"product_brand","embeddable":true,"href":"https:\/\/airsystems.ge\/shop\/az\/wp-json\/wp\/v2\/product_brand?post=33459"},{"taxonomy":"product_cat","embeddable":true,"href":"https:\/\/airsystems.ge\/shop\/az\/wp-json\/wp\/v2\/product_cat?post=33459"},{"taxonomy":"product_tag","embeddable":true,"href":"https:\/\/airsystems.ge\/shop\/az\/wp-json\/wp\/v2\/product_tag?post=33459"}],"curies":[{"name":"wp","href":"https:\/\/api.w.org\/{rel}","templated":true}]}}