{"id":33444,"date":"2025-05-25T17:08:58","date_gmt":"2025-05-25T13:08:58","guid":{"rendered":"https:\/\/airsystems.ge\/shop\/product\/dual-discharge-industrial-unit-cooler-od-bd-dual-discharge-co2-and-brine-unit-coolers\/"},"modified":"2025-05-25T17:11:34","modified_gmt":"2025-05-25T13:11:34","slug":"dual-discharge-industrial-unit-cooler-od-bd-dual-discharge-co2-and-brine-unit-coolers","status":"publish","type":"product","link":"https:\/\/airsystems.ge\/shop\/az\/product\/dual-discharge-industrial-unit-cooler-od-bd-dual-discharge-co2-and-brine-unit-coolers\/","title":{"rendered":"\u0130kili bo\u015falma s\u0259naye blokunun soyuducusu OD\/BD: \u0130kili atq\u0131l\u0131 CO2 v\u0259 duzlu su qur\u011fusu soyuducular\u0131"},"content":{"rendered":"","protected":false},"excerpt":{"rendered":"<p>2 kVt-dan 160 kVt-a q\u0259d\u0259r soyutma g\u00fcc\u00fc<\/p>\n<p>ENEX-in OD\/BD ikili bo\u015falma qur\u011fular\u0131 soyutma v\u0259 ya dondurma t\u0259tbiql\u0259rini t\u0259l\u0259b ed\u0259n orta v\u0259 b\u00f6y\u00fck soyuq otaqlar \u00fc\u00e7\u00fcn ideald\u0131r. X\u00fcsusil\u0259 dolay\u0131 hava ax\u0131n\u0131na \u00fcst\u00fcnl\u00fck veril\u0259n i\u015f yerl\u0259ri (yem\u0259k haz\u0131rlama otaqlar\u0131, d\u0259hlizl\u0259r) v\u0259 temperatura h\u0259ssas m\u0259hsullar (\u0259t, bal\u0131q, meyv\u0259 v\u0259 s.) \u00fc\u00e7\u00fcn n\u0259z\u0259rd\u0259 tutulmu\u015fdur. Onlar y\u00fcks\u0259k dayan\u0131ql\u0131 R744 birba\u015fa geni\u015fl\u0259ndirm\u0259 sistemi v\u0259 ya duzlu su d\u00f6ng\u0259si il\u0259 istifad\u0259 edil\u0259 bil\u0259r.<\/p>\n<p>X\u00fcsusiyy\u0259tl\u0259r<\/p>\n<p>Qapaql\u0131 rulon: Yivli mis borular (3\/8&#8243; \u00d8) v\u0259 CUPROCLIMA\u00ae spesifikasiyas\u0131na uy\u011fun olaraq haz\u0131rlanm\u0131\u015f b\u00fczm\u0259li al\u00fcminium qanadlarla tikilmi\u015fdir.<br \/>\nFanlar: Standart olaraq AC fan m\u00fch\u0259rrikl\u0259ri il\u0259 t\u0259chiz edilmi\u015fdir.<br \/>\nEksenel t\u0259k fazal\u0131 m\u00fch\u0259rrikl\u0259r (230V I 50\/60Hz)<br \/>\nErP Direktivin\u0259 uy\u011fundur \u00d8 500, 630 mm<br \/>\nKorpus: Ekstremal ekoloji \u015f\u0259raitd\u0259 bel\u0259 korroziyaya qar\u015f\u0131 y\u00fcks\u0259k qorunma \u00fc\u00e7\u00fcn \u0259vv\u0259lc\u0259d\u0259n r\u0259ngl\u0259nmi\u015f al\u00fcminium. Korpus \u0259n s\u0259rt qida gigiyena standartlar\u0131na uy\u011fundur<br \/>\nDizayn t\u0259zyiqi: PS=60-80bar PT=86-115bar<\/p>\n","protected":false},"featured_media":33438,"template":"","meta":[],"product_brand":[],"product_cat":[1643,875],"product_tag":[],"class_list":{"0":"post-33444","1":"product","2":"type-product","3":"status-publish","4":"has-post-thumbnail","6":"product_cat-buxarlandirici","7":"product_cat-snaye-az-kondisionerlr","9":"first","10":"instock","11":"shipping-taxable","12":"product-type-simple"},"_links":{"self":[{"href":"https:\/\/airsystems.ge\/shop\/az\/wp-json\/wp\/v2\/product\/33444","targetHints":{"allow":["GET"]}}],"collection":[{"href":"https:\/\/airsystems.ge\/shop\/az\/wp-json\/wp\/v2\/product"}],"about":[{"href":"https:\/\/airsystems.ge\/shop\/az\/wp-json\/wp\/v2\/types\/product"}],"wp:featuredmedia":[{"embeddable":true,"href":"https:\/\/airsystems.ge\/shop\/az\/wp-json\/wp\/v2\/media\/33438"}],"wp:attachment":[{"href":"https:\/\/airsystems.ge\/shop\/az\/wp-json\/wp\/v2\/media?parent=33444"}],"wp:term":[{"taxonomy":"product_brand","embeddable":true,"href":"https:\/\/airsystems.ge\/shop\/az\/wp-json\/wp\/v2\/product_brand?post=33444"},{"taxonomy":"product_cat","embeddable":true,"href":"https:\/\/airsystems.ge\/shop\/az\/wp-json\/wp\/v2\/product_cat?post=33444"},{"taxonomy":"product_tag","embeddable":true,"href":"https:\/\/airsystems.ge\/shop\/az\/wp-json\/wp\/v2\/product_tag?post=33444"}],"curies":[{"name":"wp","href":"https:\/\/api.w.org\/{rel}","templated":true}]}}