{"id":33404,"date":"2025-05-25T16:52:45","date_gmt":"2025-05-25T12:52:45","guid":{"rendered":"https:\/\/airsystems.ge\/shop\/product\/meh-ke-kh-motoevaporating-units-with-semi-hermetic-screw-compressors\/"},"modified":"2025-05-25T16:55:30","modified_gmt":"2025-05-25T12:55:30","slug":"meh-ke-kh-motoevaporating-units-with-semi-hermetic-screw-compressors","status":"publish","type":"product","link":"https:\/\/airsystems.ge\/shop\/az\/product\/meh-ke-kh-motoevaporating-units-with-semi-hermetic-screw-compressors\/","title":{"rendered":"MEH Ke\/Kh Yar\u0131m hermetik vintli kompressorlu motorbuxarland\u0131r\u0131c\u0131 qur\u011fular"},"content":{"rendered":"","protected":false},"excerpt":{"rendered":"<p>475 kVt-dan 1260 kVt-a q\u0259d\u0259r soyutma g\u00fcc\u00fc<\/p>\n<p>MEH Ke\/Kh seriyas\u0131n\u0131n motobuxarland\u0131r\u0131c\u0131 qur\u011fular\u0131 EN 378 Avropa Normlar\u0131na v\u0259 m\u00fcvafiq yenil\u0259m\u0259l\u0259r\u0259 uy\u011fun olaraq daxili qur\u011fular kimi dizayn edilmi\u015fdir. Bu diapazonlar\u0131n aqreqatlar\u0131 bir-birind\u0259n tamamil\u0259 m\u00fcst\u0259qil olan 1,2 v\u0259 ya 3 soyutma d\u00f6vr\u0259sind\u0259 qura\u015fd\u0131r\u0131lm\u0131\u015f t\u0259k v\u0259 ya \u00e7oxlu kompressorlu versiyalarda m\u00f6vcuddur. MEH Ke seriyas\u0131n\u0131n motobuxarland\u0131r\u0131c\u0131 qur\u011fular\u0131 quru hava v\u0259 ya azot v\u0259 donmayan ya\u011f (kompressorda \u0259vv\u0259lc\u0259d\u0259n y\u00fckl\u0259nmi\u015f) il\u0259 y\u00fckl\u0259nmi\u015f t\u0259zyiq alt\u0131nda s\u0131x \u015f\u0259kild\u0259 soyutma d\u00f6vr\u0259l\u0259ri il\u0259 t\u0259chiz edilir; g\u00f6nd\u0259rilm\u0259zd\u0259n \u0259vv\u0259l b\u00fct\u00fcn qur\u011fular fabrikimizd\u0259 elektrikl\u0259 s\u0131naqdan ke\u00e7irilir.<\/p>\n","protected":false},"featured_media":33399,"template":"","meta":[],"product_brand":[],"product_cat":[1643,875],"product_tag":[],"class_list":{"0":"post-33404","1":"product","2":"type-product","3":"status-publish","4":"has-post-thumbnail","6":"product_cat-buxarlandirici","7":"product_cat-snaye-az-kondisionerlr","9":"first","10":"instock","11":"shipping-taxable","12":"product-type-simple"},"_links":{"self":[{"href":"https:\/\/airsystems.ge\/shop\/az\/wp-json\/wp\/v2\/product\/33404","targetHints":{"allow":["GET"]}}],"collection":[{"href":"https:\/\/airsystems.ge\/shop\/az\/wp-json\/wp\/v2\/product"}],"about":[{"href":"https:\/\/airsystems.ge\/shop\/az\/wp-json\/wp\/v2\/types\/product"}],"wp:featuredmedia":[{"embeddable":true,"href":"https:\/\/airsystems.ge\/shop\/az\/wp-json\/wp\/v2\/media\/33399"}],"wp:attachment":[{"href":"https:\/\/airsystems.ge\/shop\/az\/wp-json\/wp\/v2\/media?parent=33404"}],"wp:term":[{"taxonomy":"product_brand","embeddable":true,"href":"https:\/\/airsystems.ge\/shop\/az\/wp-json\/wp\/v2\/product_brand?post=33404"},{"taxonomy":"product_cat","embeddable":true,"href":"https:\/\/airsystems.ge\/shop\/az\/wp-json\/wp\/v2\/product_cat?post=33404"},{"taxonomy":"product_tag","embeddable":true,"href":"https:\/\/airsystems.ge\/shop\/az\/wp-json\/wp\/v2\/product_tag?post=33404"}],"curies":[{"name":"wp","href":"https:\/\/api.w.org\/{rel}","templated":true}]}}