{"id":33367,"date":"2025-05-25T16:36:47","date_gmt":"2025-05-25T12:36:47","guid":{"rendered":"https:\/\/airsystems.ge\/shop\/product\/nh3-blast-freezer\/"},"modified":"2025-05-25T16:39:26","modified_gmt":"2025-05-25T12:39:26","slug":"nh3-blast-freezer","status":"publish","type":"product","link":"https:\/\/airsystems.ge\/shop\/az\/product\/nh3-blast-freezer\/","title":{"rendered":"NH3 Blast dondurucu"},"content":{"rendered":"","protected":false},"excerpt":{"rendered":"<div class=\"elementor-element elementor-element-f80f489 elementor-widget elementor-widget-heading\" data-id=\"f80f489\" data-element_type=\"widget\" data-widget_type=\"heading.default\">\n<div class=\"elementor-widget-container\">\n<div class=\"elementor-heading-title elementor-size-default\">\n<p>BTV\/BF\/SBF\/ECT: NH3 v\u0259 duzlu dondurucular<br \/>\n15 kVt-dan 550 kVt-a q\u0259d\u0259r soyutma g\u00fcc\u00fc<\/p>\n<p>ENEX INDUSTRIAL-\u0131n NH3 v\u0259 duzlu sulu dondurucu qur\u011fular\u0131 soyuq otaqda vahid hava paylanmas\u0131 t\u0259l\u0259b ed\u0259n s\u00fcr\u0259tli soyutma v\u0259 dondurma t\u0259tbiql\u0259ri \u00fc\u00e7\u00fcn n\u0259z\u0259rd\u0259 tutulmu\u015fdur. Qida h\u00fcceyr\u0259l\u0259rin\u0259 orqanolektik x\u00fcsusiyy\u0259tl\u0259rini saxlama\u011fa imkan ver\u0259n ki\u00e7ik buz kristallar\u0131n\u0131n \u0259m\u0259l\u0259 g\u0259lm\u0259sin\u0259 s\u0259b\u0259b olan s\u00fcr\u0259tli v\u0259 homojen bir proses \u00fc\u00e7\u00fcn haz\u0131rlanm\u0131\u015fd\u0131r. Paslanmayan polad borular aqressiv m\u00fchitl\u0259rd\u0259 y\u00fcks\u0259k dayan\u0131ql\u0131 R717 soyuducu v\u0259 maksimum m\u00fcdafi\u0259 il\u0259 uy\u011funluq t\u0259klif edir.<\/p>\n<\/div>\n<\/div>\n<\/div>\n","protected":false},"featured_media":33360,"template":"","meta":[],"product_brand":[],"product_cat":[1643,875],"product_tag":[],"class_list":{"0":"post-33367","1":"product","2":"type-product","3":"status-publish","4":"has-post-thumbnail","6":"product_cat-buxarlandirici","7":"product_cat-snaye-az-kondisionerlr","9":"first","10":"instock","11":"shipping-taxable","12":"product-type-simple"},"_links":{"self":[{"href":"https:\/\/airsystems.ge\/shop\/az\/wp-json\/wp\/v2\/product\/33367","targetHints":{"allow":["GET"]}}],"collection":[{"href":"https:\/\/airsystems.ge\/shop\/az\/wp-json\/wp\/v2\/product"}],"about":[{"href":"https:\/\/airsystems.ge\/shop\/az\/wp-json\/wp\/v2\/types\/product"}],"wp:featuredmedia":[{"embeddable":true,"href":"https:\/\/airsystems.ge\/shop\/az\/wp-json\/wp\/v2\/media\/33360"}],"wp:attachment":[{"href":"https:\/\/airsystems.ge\/shop\/az\/wp-json\/wp\/v2\/media?parent=33367"}],"wp:term":[{"taxonomy":"product_brand","embeddable":true,"href":"https:\/\/airsystems.ge\/shop\/az\/wp-json\/wp\/v2\/product_brand?post=33367"},{"taxonomy":"product_cat","embeddable":true,"href":"https:\/\/airsystems.ge\/shop\/az\/wp-json\/wp\/v2\/product_cat?post=33367"},{"taxonomy":"product_tag","embeddable":true,"href":"https:\/\/airsystems.ge\/shop\/az\/wp-json\/wp\/v2\/product_tag?post=33367"}],"curies":[{"name":"wp","href":"https:\/\/api.w.org\/{rel}","templated":true}]}}