{"id":33340,"date":"2025-05-25T16:24:41","date_gmt":"2025-05-25T12:24:41","guid":{"rendered":"https:\/\/airsystems.ge\/shop\/product\/cubic-industrial-unit-cooler-oc-bc-cubic-co2-and-brine-unit-coolers\/"},"modified":"2025-05-25T16:27:26","modified_gmt":"2025-05-25T12:27:26","slug":"cubic-industrial-unit-cooler-oc-bc-cubic-co2-and-brine-unit-coolers","status":"publish","type":"product","link":"https:\/\/airsystems.ge\/shop\/az\/product\/cubic-industrial-unit-cooler-oc-bc-cubic-co2-and-brine-unit-coolers\/","title":{"rendered":"Kub s\u0259naye vahidinin soyuducusu  OC\/BC: Kub CO2 v\u0259 duzlu su vahidi soyuducular\u0131"},"content":{"rendered":"<p><a class=\"elementor-button elementor-button-link elementor-size-sm\" href=\"https:\/\/www.enextechnologies.com\/wp-content\/uploads\/2025\/03\/Operation-and-maintenance-manual-ECOCBC-Industrial-series-English-Rev.1-02-2025.pdf\" target=\"_blank\" rel=\"noopener\"><span class=\"elementor-button-content-wrapper\"><span class=\"elementor-button-text\">TECHNICAL MANUAL<\/span><\/span><\/a><\/p>\n","protected":false},"excerpt":{"rendered":"<p>10 kVt-dan 275 kVt-a q\u0259d\u0259r soyutma g\u00fcc\u00fc<\/p>\n<p>ENEX-in OC\/BC kub vahidl\u0259ri soyutma v\u0259 dondurma t\u0259tbiql\u0259rini t\u0259l\u0259b ed\u0259n orta v\u0259 b\u00f6y\u00fck soyuq otaqlar \u00fc\u00e7\u00fcn ideald\u0131r. Onlar y\u00fcks\u0259k dayan\u0131ql\u0131 R744 birba\u015fa geni\u015fl\u0259ndirm\u0259 sistemi v\u0259 ya duzlu su d\u00f6ng\u0259si il\u0259 istifad\u0259 edil\u0259 bil\u0259r.<\/p>\n<p>X\u00fcsusiyy\u0259tl\u0259r<\/p>\n<p>Qapaql\u0131 rulon: Yivli mis borular (3\/8&#8243; v\u0259 12mm \u00d8) v\u0259 CUPROCLIMA\u00ae spesifikasiyas\u0131na uy\u011fun olaraq haz\u0131rlanm\u0131\u015f b\u00fczm\u0259li al\u00fcminium qanadlarla tikilmi\u015fdir.<br \/>\nFanlar: Standart olaraq AC fan m\u00fch\u0259rrikl\u0259ri il\u0259 t\u0259chiz edilmi\u015fdir.<br \/>\nEksenel t\u0259k fazal\u0131 m\u00fch\u0259rrikl\u0259r (230V I 50\/60Hz)<br \/>\nErP Direktivin\u0259 uy\u011fundur. \u00d8 500, 630, 800, 910 mm<br \/>\nKorpus: Ekstremal ekoloji \u015f\u0259raitd\u0259 bel\u0259 korroziyaya qar\u015f\u0131 y\u00fcks\u0259k qorunma \u00fc\u00e7\u00fcn \u0259vv\u0259lc\u0259d\u0259n r\u0259ngl\u0259nmi\u015f al\u00fcminium. Korpus \u0259n s\u0259rt qida gigiyena standartlar\u0131na uy\u011fundur<br \/>\nDizayn t\u0259zyiqi: PS=60-80bar PT=86-115bar<\/p>\n","protected":false},"featured_media":33334,"template":"","meta":[],"product_brand":[],"product_cat":[1643,875],"product_tag":[],"class_list":{"0":"post-33340","1":"product","2":"type-product","3":"status-publish","4":"has-post-thumbnail","6":"product_cat-buxarlandirici","7":"product_cat-snaye-az-kondisionerlr","9":"first","10":"instock","11":"shipping-taxable","12":"product-type-simple"},"_links":{"self":[{"href":"https:\/\/airsystems.ge\/shop\/az\/wp-json\/wp\/v2\/product\/33340","targetHints":{"allow":["GET"]}}],"collection":[{"href":"https:\/\/airsystems.ge\/shop\/az\/wp-json\/wp\/v2\/product"}],"about":[{"href":"https:\/\/airsystems.ge\/shop\/az\/wp-json\/wp\/v2\/types\/product"}],"wp:featuredmedia":[{"embeddable":true,"href":"https:\/\/airsystems.ge\/shop\/az\/wp-json\/wp\/v2\/media\/33334"}],"wp:attachment":[{"href":"https:\/\/airsystems.ge\/shop\/az\/wp-json\/wp\/v2\/media?parent=33340"}],"wp:term":[{"taxonomy":"product_brand","embeddable":true,"href":"https:\/\/airsystems.ge\/shop\/az\/wp-json\/wp\/v2\/product_brand?post=33340"},{"taxonomy":"product_cat","embeddable":true,"href":"https:\/\/airsystems.ge\/shop\/az\/wp-json\/wp\/v2\/product_cat?post=33340"},{"taxonomy":"product_tag","embeddable":true,"href":"https:\/\/airsystems.ge\/shop\/az\/wp-json\/wp\/v2\/product_tag?post=33340"}],"curies":[{"name":"wp","href":"https:\/\/api.w.org\/{rel}","templated":true}]}}