{"id":33326,"date":"2025-05-25T16:19:42","date_gmt":"2025-05-25T12:19:42","guid":{"rendered":"https:\/\/airsystems.ge\/shop\/product\/cubic-unit-cooler-oc-bc-cubic-co2-and-brine-unit-coolers\/"},"modified":"2025-05-25T16:22:02","modified_gmt":"2025-05-25T12:22:02","slug":"cubic-unit-cooler-oc-bc-cubic-co2-and-brine-unit-coolers","status":"publish","type":"product","link":"https:\/\/airsystems.ge\/shop\/az\/product\/cubic-unit-cooler-oc-bc-cubic-co2-and-brine-unit-coolers\/","title":{"rendered":"Kub vahid soyuducu  OC\/BC: Kub CO2 v\u0259 duzlu su vahidi soyuducular\u0131"},"content":{"rendered":"","protected":false},"excerpt":{"rendered":"<div class=\"elementor-element elementor-element-f80f489 elementor-widget elementor-widget-heading\" data-id=\"f80f489\" data-element_type=\"widget\" data-widget_type=\"heading.default\">\n<div class=\"elementor-widget-container\">\n<div class=\"elementor-heading-title elementor-size-default\">\n<p>2 kVt-dan 20 kVt-a q\u0259d\u0259r soyutma g\u00fcc\u00fc<\/p>\n<p>ENEX-in kub b\u00f6lm\u0259l\u0259ri soyutma v\u0259 dondurma t\u0259tbiql\u0259ri \u00fc\u00e7\u00fcn ki\u00e7ik v\u0259 orta soyuq otaqlar \u00fc\u00e7\u00fcn ideald\u0131r. Onlar y\u00fcks\u0259k dayan\u0131ql\u0131 R744 birba\u015fa geni\u015fl\u0259ndirm\u0259 sistemi v\u0259 ya duzlu su d\u00f6ng\u0259si il\u0259 istifad\u0259 edil\u0259 bil\u0259r.<\/p>\n<p>X\u00fcsusiyy\u0259tl\u0259r<\/p>\n<p>Qapaql\u0131 rulon: Yivli mis borular (3\/8&#8243; \u00d8) v\u0259 CUPROCLIMA\u00ae spesifikasiyas\u0131na uy\u011fun olaraq haz\u0131rlanm\u0131\u015f b\u00fczm\u0259li al\u00fcminium qanadlarla tikilmi\u015fdir.<br \/>\nFanlar: Standart olaraq AC fan m\u00fch\u0259rrikl\u0259ri il\u0259 t\u0259chiz edilmi\u015fdir.<br \/>\nEksenel t\u0259k fazal\u0131 m\u00fch\u0259rrikl\u0259r (230V I 50\/60Hz)<br \/>\nErP Direktivin\u0259 uy\u011fundur. \u00d8 250\/350 mm<br \/>\nKorpus: Ekstremal ekoloji \u015f\u0259raitd\u0259 bel\u0259 korroziyaya qar\u015f\u0131 y\u00fcks\u0259k qorunma \u00fc\u00e7\u00fcn \u0259vv\u0259lc\u0259d\u0259n r\u0259ngl\u0259nmi\u015f al\u00fcminium. Korpus \u0259n s\u0259rt qida gigiyena standartlar\u0131na uy\u011fundur<br \/>\nDizayn t\u0259zyiqi: PS=60-80bar PT=86-115bar<\/p>\n<\/div>\n<\/div>\n<\/div>\n","protected":false},"featured_media":33320,"template":"","meta":[],"product_brand":[],"product_cat":[1643,875],"product_tag":[],"class_list":{"0":"post-33326","1":"product","2":"type-product","3":"status-publish","4":"has-post-thumbnail","6":"product_cat-buxarlandirici","7":"product_cat-snaye-az-kondisionerlr","9":"first","10":"instock","11":"shipping-taxable","12":"product-type-simple"},"_links":{"self":[{"href":"https:\/\/airsystems.ge\/shop\/az\/wp-json\/wp\/v2\/product\/33326","targetHints":{"allow":["GET"]}}],"collection":[{"href":"https:\/\/airsystems.ge\/shop\/az\/wp-json\/wp\/v2\/product"}],"about":[{"href":"https:\/\/airsystems.ge\/shop\/az\/wp-json\/wp\/v2\/types\/product"}],"wp:featuredmedia":[{"embeddable":true,"href":"https:\/\/airsystems.ge\/shop\/az\/wp-json\/wp\/v2\/media\/33320"}],"wp:attachment":[{"href":"https:\/\/airsystems.ge\/shop\/az\/wp-json\/wp\/v2\/media?parent=33326"}],"wp:term":[{"taxonomy":"product_brand","embeddable":true,"href":"https:\/\/airsystems.ge\/shop\/az\/wp-json\/wp\/v2\/product_brand?post=33326"},{"taxonomy":"product_cat","embeddable":true,"href":"https:\/\/airsystems.ge\/shop\/az\/wp-json\/wp\/v2\/product_cat?post=33326"},{"taxonomy":"product_tag","embeddable":true,"href":"https:\/\/airsystems.ge\/shop\/az\/wp-json\/wp\/v2\/product_tag?post=33326"}],"curies":[{"name":"wp","href":"https:\/\/api.w.org\/{rel}","templated":true}]}}