{"id":33134,"date":"2025-05-25T15:18:59","date_gmt":"2025-05-25T11:18:59","guid":{"rendered":"https:\/\/airsystems.ge\/shop\/product\/dual-discharge-industrial-evaporators-for-freezing-tunnels\/"},"modified":"2025-05-25T15:23:25","modified_gmt":"2025-05-25T11:23:25","slug":"dual-discharge-industrial-evaporators-for-freezing-tunnels","status":"publish","type":"product","link":"https:\/\/airsystems.ge\/shop\/az\/product\/dual-discharge-industrial-evaporators-for-freezing-tunnels\/","title":{"rendered":"Dondurma tunell\u0259ri \u00fc\u00e7\u00fcn ikili bo\u015falma s\u0259naye buxarland\u0131r\u0131c\u0131lar\u0131"},"content":{"rendered":"<p><strong>X\u00fcsusiyy\u0259tl\u0259r<\/strong><\/p>\n<p>Boru h\u0259nd\u0259s\u0259si. 7\/8\u2033 65,43 x 56,66 pill\u0259li 7\/8\u2033 boru<br \/>\nBoru material\u0131. Paslanmayan polad AISI 304 (v\u0259 ya AISI 316 t\u0259l\u0259b \u00fczr\u0259)<br \/>\nBobind\u0259n ke\u00e7\u0259n havan\u0131 turbulentl\u0259\u015fdirm\u0259k v\u0259 istilik \u00f6t\u00fcr\u00fclm\u0259sini art\u0131rmaq \u00fc\u00e7\u00fcn b\u00fczm\u0259li al\u00fcminium qanadlar (0,25 mm qal\u0131nl\u0131\u011f\u0131nda)<br \/>\nPaslanmayan polad vintl\u0259r<br \/>\nA\u011f termo-lakl\u0131 al\u00fcminium korpus<br \/>\nKondensasiyan\u0131n qar\u015f\u0131s\u0131n\u0131 almaq \u00fc\u00e7\u00fcn standart olaraq poliuretanla izolyasiya edilmi\u015fdir. Tamamil\u0259 GRP-d\u0259n (fiberglasla g\u00fccl\u0259ndirilmi\u015f polyester) haz\u0131rlanm\u0131\u015f qab, y\u00fcng\u00fcl v\u0259 davaml\u0131 material, s\u0259rt, korroziyaya davaml\u0131 v\u0259 yax\u015f\u0131 istilik, akustik v\u0259 elektrik izolyatorudur.<br \/>\nIP55 m\u00fch\u0259rrikli ErP Ready eksenel fanatlar<br \/>\nAvadanl\u0131q t\u0259zyiqli v\u0259 Schrader + klapanlar\u0131 il\u0259 \u00e7atd\u0131r\u0131l\u0131r<\/p>\n<p><strong>Aksesuarlar<\/strong><\/p>\n<p>\u00c7ekm\u0259 klapan qura\u015fd\u0131r\u0131lm\u0131\u015f qabda isti qaz\u0131n \u0259rim\u0259si (iste\u011fe ba\u011fl\u0131)<br \/>\nSuyun \u0259rim\u0259si<br \/>\nBobin v\u0259\/v\u0259 ya nim\u00e7\u0259d\u0259 elektrik \u0259rim\u0259si<br \/>\nQar\u0131\u015f\u0131q defrost<br \/>\nFanlar \u00fcz\u0259rind\u0259 q\u0131zd\u0131r\u0131c\u0131 \u00fcz\u00fckl\u0259r<br \/>\n200 Pa-dan \u00e7ox ESP \u00fc\u00e7\u00fcn i\u015fl\u0259y\u0259n m\u00fch\u0259rrikl\u0259ri olan fanatlar<br \/>\nX\u00fcsusi m\u00fch\u0259rrikl\u0259r<br \/>\nQar\u0131\u015f\u0131q qanadl\u0131 add\u0131mlar<br \/>\nEpoksi il\u0259 qorunan t\u0259b\u0259q\u0259l\u0259r<br \/>\n100% geri \u00e7evril\u0259 bil\u0259n fanatlar<br \/>\nPaslanmayan polad korpus<br \/>\nT\u0259nziml\u0259n\u0259n dayaq ayaqlar\u0131 (avadanl\u0131\u011f\u0131n relsl\u0259r\u0259 qura\u015fd\u0131r\u0131lmas\u0131 \u00fc\u00e7\u00fcn)<\/p>\n","protected":false},"excerpt":{"rendered":"<div class=\"elementor-element elementor-element-6799186e elementor-widget elementor-widget-heading\" data-id=\"6799186e\" data-element_type=\"widget\" data-widget_type=\"heading.default\">\n<div class=\"elementor-widget-container\">\n<div class=\"elementor-heading-title elementor-size-default\">EDT<br \/>\nEDT buxarland\u0131r\u0131c\u0131lar\u0131 partlay\u0131\u015fla dondurma tunell\u0259ri, \u0259vv\u0259lc\u0259d\u0259n soyutma tunell\u0259ri v\u0259 h\u0259tta dinamik havaland\u0131rma tunell\u0259ri \u00fc\u00e7\u00fcn x\u00fcsusi olaraq n\u0259z\u0259rd\u0259 tutulmu\u015f ikili ax\u0131d\u0131c\u0131 s\u0259naye buxarland\u0131r\u0131c\u0131lar\u0131d\u0131r. Bu s\u0131ra y\u00fcks\u0259k s\u0259viyy\u0259d\u0259 f\u0259rdil\u0259\u015fdiril\u0259 bil\u0259r.<\/div>\n<\/div>\n<\/div>\n","protected":false},"featured_media":33129,"template":"","meta":[],"product_brand":[],"product_cat":[1643,875],"product_tag":[],"class_list":{"0":"post-33134","1":"product","2":"type-product","3":"status-publish","4":"has-post-thumbnail","6":"product_cat-buxarlandirici","7":"product_cat-snaye-az-kondisionerlr","9":"first","10":"instock","11":"shipping-taxable","12":"product-type-simple"},"_links":{"self":[{"href":"https:\/\/airsystems.ge\/shop\/az\/wp-json\/wp\/v2\/product\/33134","targetHints":{"allow":["GET"]}}],"collection":[{"href":"https:\/\/airsystems.ge\/shop\/az\/wp-json\/wp\/v2\/product"}],"about":[{"href":"https:\/\/airsystems.ge\/shop\/az\/wp-json\/wp\/v2\/types\/product"}],"wp:featuredmedia":[{"embeddable":true,"href":"https:\/\/airsystems.ge\/shop\/az\/wp-json\/wp\/v2\/media\/33129"}],"wp:attachment":[{"href":"https:\/\/airsystems.ge\/shop\/az\/wp-json\/wp\/v2\/media?parent=33134"}],"wp:term":[{"taxonomy":"product_brand","embeddable":true,"href":"https:\/\/airsystems.ge\/shop\/az\/wp-json\/wp\/v2\/product_brand?post=33134"},{"taxonomy":"product_cat","embeddable":true,"href":"https:\/\/airsystems.ge\/shop\/az\/wp-json\/wp\/v2\/product_cat?post=33134"},{"taxonomy":"product_tag","embeddable":true,"href":"https:\/\/airsystems.ge\/shop\/az\/wp-json\/wp\/v2\/product_tag?post=33134"}],"curies":[{"name":"wp","href":"https:\/\/api.w.org\/{rel}","templated":true}]}}