{"id":33090,"date":"2025-05-25T14:53:42","date_gmt":"2025-05-25T10:53:42","guid":{"rendered":"https:\/\/airsystems.ge\/shop\/product\/evaporators-for-spiral-freezing-tunnels\/"},"modified":"2025-05-25T14:57:46","modified_gmt":"2025-05-25T10:57:46","slug":"evaporators-for-spiral-freezing-tunnels","status":"publish","type":"product","link":"https:\/\/airsystems.ge\/shop\/az\/product\/evaporators-for-spiral-freezing-tunnels\/","title":{"rendered":"Spiral Dondurucu Tunell\u0259r \u00fc\u00e7\u00fcn Buxarland\u0131r\u0131c\u0131lar"},"content":{"rendered":"<div class=\"elementor-element elementor-element-6799186e elementor-widget elementor-widget-heading\" data-id=\"6799186e\" data-element_type=\"widget\" data-widget_type=\"heading.default\">\n<div class=\"elementor-widget-container\">\n<p>X\u00fcsusiyy\u0259tl\u0259r<\/p>\n<p>Boru h\u0259nd\u0259s\u0259si. 7\/8\u2033 65,43 x 56,66 pill\u0259li 7\/8\u2033 boru<br \/>\nBoru material\u0131. Paslanmayan polad AISI 304 (v\u0259 ya AISI 316 t\u0259l\u0259b \u00fczr\u0259)<br \/>\nBobind\u0259n ke\u00e7\u0259n havan\u0131 turbulentl\u0259\u015fdirm\u0259k v\u0259 istilik \u00f6t\u00fcr\u00fclm\u0259sini art\u0131rmaq \u00fc\u00e7\u00fcn b\u00fczm\u0259li al\u00fcminium qanadlar (0,25 mm qal\u0131nl\u0131\u011f\u0131nda)<br \/>\nPaslanmayan polad vintl\u0259r<br \/>\nA\u011f termo-lakl\u0131 al\u00fcminium korpus<br \/>\n\u00c7\u0131xar\u0131lan yan \u00f6rt\u00fckl\u0259r. So\u011futucu birl\u0259\u015fm\u0259l\u0259r\u0259 asan giri\u015f<br \/>\nIP55 m\u00fch\u0259rrikli ErP Ready eksenel fanatlar<br \/>\nAvadanl\u0131q t\u0259zyiqli v\u0259 Schrader + klapanlar\u0131 il\u0259 \u00e7atd\u0131r\u0131l\u0131r<\/p>\n<p>Aksesuarlar<\/p>\n<p>\u00c7ekm\u0259 klapan qura\u015fd\u0131r\u0131lm\u0131\u015f qabda isti qaz\u0131n \u0259rim\u0259si (iste\u011fe ba\u011fl\u0131)<br \/>\nSuyun \u0259rim\u0259si<br \/>\nBobin v\u0259\/v\u0259 ya nim\u00e7\u0259d\u0259 elektrik \u0259rim\u0259si<br \/>\nQar\u0131\u015f\u0131q defrost<br \/>\nFanlar \u00fcz\u0259rind\u0259 q\u0131zd\u0131r\u0131c\u0131 \u00fcz\u00fckl\u0259r<br \/>\n200 Pa-dan \u00e7ox ESP \u00fc\u00e7\u00fcn i\u015fl\u0259y\u0259n m\u00fch\u0259rrikl\u0259ri olan fanatlar<br \/>\nX\u00fcsusi m\u00fch\u0259rrikl\u0259r<br \/>\nQar\u0131\u015f\u0131q qanadl\u0131 add\u0131mlar<br \/>\nEpoksi il\u0259 qorunan t\u0259b\u0259q\u0259l\u0259r<br \/>\nPaslanmayan polad korpus<br \/>\nPoliuretan il\u0259 izolyasiya edilmi\u015f qab<br \/>\nH\u00fcnd\u00fcrl\u00fcy\u00fc t\u0259nziml\u0259n\u0259n dayaq aya\u011f\u0131<\/p>\n<\/div>\n<\/div>\n","protected":false},"excerpt":{"rendered":"<div class=\"elementor-element elementor-element-6799186e elementor-widget elementor-widget-heading\" data-id=\"6799186e\" data-element_type=\"widget\" data-widget_type=\"heading.default\">\n<div class=\"elementor-widget-container\">\n<div class=\"elementor-heading-title elementor-size-default\">\n<p>BF<br \/>\nEF buxarland\u0131r\u0131c\u0131lar\u0131 spiral tunell\u0259rd\u0259 qura\u015fd\u0131rmaq v\u0259 \u00fcmumiyy\u0259tl\u0259 qida m\u0259hsullar\u0131n\u0131n tez dondurulmas\u0131 \u00fc\u00e7\u00fcn x\u00fcsusi olaraq haz\u0131rlanm\u0131\u015f s\u0259naye qur\u011fular\u0131d\u0131r. Onlar y\u00fcks\u0259k s\u0259viyy\u0259d\u0259 \u00f6zelle\u015ftirilebilir.<\/p>\n<p>Paslanmayan polad boru v\u0259 al\u00fcminium fin (StSt\/Al) il\u0259 istehsal edilmi\u015fdir. B\u00fct\u00fcn soyuducularla (NH\u2083, CO\u2082, qlikol, HFC v\u0259 s.) uy\u011fun g\u0259lir. 2-d\u0259n 15-\u0259 q\u0259d\u0259r eksenel ventilyator (\u00d8800, 900) modul dizayn\u0131. \u00dczg\u0259cl\u0259rin h\u00fcnd\u00fcrl\u00fcy\u00fc: 7-10-12 mm.<\/p>\n<\/div>\n<\/div>\n<\/div>\n","protected":false},"featured_media":33085,"template":"","meta":[],"product_brand":[],"product_cat":[1643,875],"product_tag":[],"class_list":{"0":"post-33090","1":"product","2":"type-product","3":"status-publish","4":"has-post-thumbnail","6":"product_cat-buxarlandirici","7":"product_cat-snaye-az-kondisionerlr","9":"first","10":"instock","11":"shipping-taxable","12":"product-type-simple"},"_links":{"self":[{"href":"https:\/\/airsystems.ge\/shop\/az\/wp-json\/wp\/v2\/product\/33090","targetHints":{"allow":["GET"]}}],"collection":[{"href":"https:\/\/airsystems.ge\/shop\/az\/wp-json\/wp\/v2\/product"}],"about":[{"href":"https:\/\/airsystems.ge\/shop\/az\/wp-json\/wp\/v2\/types\/product"}],"wp:featuredmedia":[{"embeddable":true,"href":"https:\/\/airsystems.ge\/shop\/az\/wp-json\/wp\/v2\/media\/33085"}],"wp:attachment":[{"href":"https:\/\/airsystems.ge\/shop\/az\/wp-json\/wp\/v2\/media?parent=33090"}],"wp:term":[{"taxonomy":"product_brand","embeddable":true,"href":"https:\/\/airsystems.ge\/shop\/az\/wp-json\/wp\/v2\/product_brand?post=33090"},{"taxonomy":"product_cat","embeddable":true,"href":"https:\/\/airsystems.ge\/shop\/az\/wp-json\/wp\/v2\/product_cat?post=33090"},{"taxonomy":"product_tag","embeddable":true,"href":"https:\/\/airsystems.ge\/shop\/az\/wp-json\/wp\/v2\/product_tag?post=33090"}],"curies":[{"name":"wp","href":"https:\/\/api.w.org\/{rel}","templated":true}]}}