{"id":33042,"date":"2025-05-25T14:28:05","date_gmt":"2025-05-25T10:28:05","guid":{"rendered":"https:\/\/airsystems.ge\/shop\/product\/dual-discharge-evaporators-with-radial-fans\/"},"modified":"2025-05-25T14:31:13","modified_gmt":"2025-05-25T10:31:13","slug":"dual-discharge-evaporators-with-radial-fans","status":"publish","type":"product","link":"https:\/\/airsystems.ge\/shop\/az\/product\/dual-discharge-evaporators-with-radial-fans\/","title":{"rendered":"Radial ventilyatorlu ikili atq\u0131l\u0131 buxarland\u0131r\u0131c\u0131lar"},"content":{"rendered":"","protected":false},"excerpt":{"rendered":"<div class=\"elementor-element elementor-element-391e72ec elementor-widget elementor-widget-theme-post-content\" data-id=\"391e72ec\" data-element_type=\"widget\" data-widget_type=\"theme-post-content.default\">\n<div class=\"elementor-widget-container\">\n<p>Otaqlar\u0131 havaland\u0131rmaq v\u0259 ya EC radial ventilyatorlar\u0131 il\u0259 \u0259vv\u0259lc\u0259d\u0259n soyutma \u00fc\u00e7\u00fcn ikili atq\u0131l\u0131 buxarland\u0131r\u0131c\u0131lar.<\/p>\n<\/div>\n<\/div>\n<div class=\"elementor-element elementor-element-427e8a79 e-flex e-con-boxed e-con e-child\" data-id=\"427e8a79\" data-element_type=\"container\"><\/div>\n","protected":false},"featured_media":33037,"template":"","meta":[],"product_brand":[],"product_cat":[1643,875],"product_tag":[],"class_list":{"0":"post-33042","1":"product","2":"type-product","3":"status-publish","4":"has-post-thumbnail","6":"product_cat-buxarlandirici","7":"product_cat-snaye-az-kondisionerlr","9":"first","10":"instock","11":"shipping-taxable","12":"product-type-simple"},"_links":{"self":[{"href":"https:\/\/airsystems.ge\/shop\/az\/wp-json\/wp\/v2\/product\/33042","targetHints":{"allow":["GET"]}}],"collection":[{"href":"https:\/\/airsystems.ge\/shop\/az\/wp-json\/wp\/v2\/product"}],"about":[{"href":"https:\/\/airsystems.ge\/shop\/az\/wp-json\/wp\/v2\/types\/product"}],"wp:featuredmedia":[{"embeddable":true,"href":"https:\/\/airsystems.ge\/shop\/az\/wp-json\/wp\/v2\/media\/33037"}],"wp:attachment":[{"href":"https:\/\/airsystems.ge\/shop\/az\/wp-json\/wp\/v2\/media?parent=33042"}],"wp:term":[{"taxonomy":"product_brand","embeddable":true,"href":"https:\/\/airsystems.ge\/shop\/az\/wp-json\/wp\/v2\/product_brand?post=33042"},{"taxonomy":"product_cat","embeddable":true,"href":"https:\/\/airsystems.ge\/shop\/az\/wp-json\/wp\/v2\/product_cat?post=33042"},{"taxonomy":"product_tag","embeddable":true,"href":"https:\/\/airsystems.ge\/shop\/az\/wp-json\/wp\/v2\/product_tag?post=33042"}],"curies":[{"name":"wp","href":"https:\/\/api.w.org\/{rel}","templated":true}]}}