{"id":33028,"date":"2025-05-25T14:22:50","date_gmt":"2025-05-25T10:22:50","guid":{"rendered":"https:\/\/airsystems.ge\/shop\/product\/evaporators-for-hot-chilling-tunnels\/"},"modified":"2025-05-25T14:26:07","modified_gmt":"2025-05-25T10:26:07","slug":"evaporators-for-hot-chilling-tunnels","status":"publish","type":"product","link":"https:\/\/airsystems.ge\/shop\/az\/product\/evaporators-for-hot-chilling-tunnels\/","title":{"rendered":"\u0130sti Soyutma Tunell\u0259ri \u00fc\u00e7\u00fcn Buxarland\u0131r\u0131c\u0131lar"},"content":{"rendered":"","protected":false},"excerpt":{"rendered":"<div class=\"elementor-element elementor-element-6799186e elementor-widget elementor-widget-heading\" data-id=\"6799186e\" data-element_type=\"widget\" data-widget_type=\"heading.default\">\n<div class=\"elementor-widget-container\">\n<div class=\"elementor-heading-title elementor-size-default\">\n<p>EXO<br \/>\n\u0130sti soyutma tunell\u0259ri \u00fc\u00e7\u00fcn x\u00fcsusi olaraq haz\u0131rlanm\u0131\u015f buxarland\u0131r\u0131c\u0131lar. Bu qur\u011fular birba\u015fa rels sistemin\u0259 qura\u015fd\u0131r\u0131lmaq \u00fc\u00e7\u00fcn haz\u0131rlanm\u0131\u015fd\u0131r.<\/p>\n<\/div>\n<\/div>\n<\/div>\n","protected":false},"featured_media":33023,"template":"","meta":[],"product_brand":[],"product_cat":[1643,875],"product_tag":[],"class_list":{"0":"post-33028","1":"product","2":"type-product","3":"status-publish","4":"has-post-thumbnail","6":"product_cat-buxarlandirici","7":"product_cat-snaye-az-kondisionerlr","9":"first","10":"instock","11":"shipping-taxable","12":"product-type-simple"},"_links":{"self":[{"href":"https:\/\/airsystems.ge\/shop\/az\/wp-json\/wp\/v2\/product\/33028","targetHints":{"allow":["GET"]}}],"collection":[{"href":"https:\/\/airsystems.ge\/shop\/az\/wp-json\/wp\/v2\/product"}],"about":[{"href":"https:\/\/airsystems.ge\/shop\/az\/wp-json\/wp\/v2\/types\/product"}],"wp:featuredmedia":[{"embeddable":true,"href":"https:\/\/airsystems.ge\/shop\/az\/wp-json\/wp\/v2\/media\/33023"}],"wp:attachment":[{"href":"https:\/\/airsystems.ge\/shop\/az\/wp-json\/wp\/v2\/media?parent=33028"}],"wp:term":[{"taxonomy":"product_brand","embeddable":true,"href":"https:\/\/airsystems.ge\/shop\/az\/wp-json\/wp\/v2\/product_brand?post=33028"},{"taxonomy":"product_cat","embeddable":true,"href":"https:\/\/airsystems.ge\/shop\/az\/wp-json\/wp\/v2\/product_cat?post=33028"},{"taxonomy":"product_tag","embeddable":true,"href":"https:\/\/airsystems.ge\/shop\/az\/wp-json\/wp\/v2\/product_tag?post=33028"}],"curies":[{"name":"wp","href":"https:\/\/api.w.org\/{rel}","templated":true}]}}