{"id":33000,"date":"2025-05-25T14:10:37","date_gmt":"2025-05-25T10:10:37","guid":{"rendered":"https:\/\/airsystems.ge\/shop\/product\/air-coolers-for-process-rooms\/"},"modified":"2025-05-25T14:16:43","modified_gmt":"2025-05-25T10:16:43","slug":"air-coolers-for-process-rooms","status":"publish","type":"product","link":"https:\/\/airsystems.ge\/shop\/az\/product\/air-coolers-for-process-rooms\/","title":{"rendered":"Proses Otaqlar\u0131 \u00fc\u00e7\u00fcn Hava Soyuducular"},"content":{"rendered":"<p><strong>X\u00fcsusiyy\u0259tl\u0259r<\/strong><\/p>\n<p>Boru h\u0259nd\u0259s\u0259si. Boru 5\/8 \u2033 50 \u00d7 50 s\u0131ra<br \/>\nBoru material\u0131. AISI 304 paslanmayan polad (v\u0259 ya t\u0259l\u0259b \u00fczr\u0259 AISI 316)<br \/>\nAl\u00fcminium qanadlar. \u0130ste\u011fe ba\u011fl\u0131 olaraq, onlar epoksi qoruyucu il\u0259 maqnezium al\u00fcminium v\u0259 ya al\u00fcminiumdan haz\u0131rlana bil\u0259r<br \/>\nPaslanmayan polad vintl\u0259r<br \/>\nA\u011f termo-lakl\u0131 al\u00fcminium korpus<br \/>\n\u00c7\u0131xar\u0131lan yan \u00f6rt\u00fckl\u0259r. So\u011futucu birl\u0259\u015fm\u0259l\u0259r\u0259 asan giri\u015f<br \/>\nKondensasiyan\u0131n qar\u015f\u0131s\u0131n\u0131 almaq \u00fc\u00e7\u00fcn standart olaraq poliuretanla izolyasiya edilmi\u015fdir. Tamamil\u0259 GRP-d\u0259n (fiberglasla g\u00fccl\u0259ndirilmi\u015f polyester) haz\u0131rlanm\u0131\u015f qab, y\u00fcng\u00fcl v\u0259 davaml\u0131 material, s\u0259rt, korroziyaya davaml\u0131 v\u0259 yax\u015f\u0131 istilik, akustik v\u0259 elektrik izolyatorudur.<br \/>\nModeld\u0259n as\u0131l\u0131 olaraq IP54 v\u0259 ya IP55 m\u00fch\u0259rrikli ErP Ready eksenel fanatlar; motorun termokontaktlarla qorunmas\u0131<br \/>\nAvadanl\u0131q t\u0259zyiqli v\u0259 Schrader + klapanlar\u0131 il\u0259 \u00e7atd\u0131r\u0131l\u0131r<\/p>\n<p><strong>Aksesuarlar<\/strong><\/p>\n<p>\u00c7ekm\u0259 klapan qura\u015fd\u0131r\u0131lm\u0131\u015f qabda isti qaz\u0131n \u0259rim\u0259si (iste\u011fe ba\u011fl\u0131)<br \/>\nBobin v\u0259\/v\u0259 ya nim\u00e7\u0259d\u0259 elektrik \u0259rim\u0259si<br \/>\nEC azarke\u015fl\u0259ri<br \/>\nEpoksi il\u0259 qorunan t\u0259b\u0259q\u0259l\u0259r<br \/>\nPaslanmayan polad korpus<\/p>\n","protected":false},"excerpt":{"rendered":"<div class=\"elementor-element elementor-element-6799186e elementor-widget elementor-widget-heading\" data-id=\"6799186e\" data-element_type=\"widget\" data-widget_type=\"heading.default\">\n<div class=\"elementor-widget-container\">\n<div class=\"elementor-heading-title elementor-size-default\">\n<p>ETF<br \/>\nProses otaqlar\u0131 \u00fc\u00e7\u00fcn ETF hava soyuducular\u0131 i\u015f yerl\u0259rind\u0259 v\u0259 ya i\u015f otaqlar\u0131nda insanlar \u00fc\u00e7\u00fcn birba\u015fa hava ax\u0131n\u0131n\u0131n olmamas\u0131n\u0131 t\u0259min edir.<\/p>\n<p>Paslanmayan polad borular v\u0259 al\u00fcminium qanadlarla (StSt\/Al) istehsal olunur. B\u00fct\u00fcn soyuducularla (NH\u2083, CO\u2082, qlikol, HFC v\u0259 s.) uy\u011fun g\u0259lir. 1-d\u0259n 4-\u0259 q\u0259d\u0259r oxlu ventilyator (\u00d8500, 560) modul dizayn\u0131. Fin add\u0131m\u0131: 4-4,5-5-6-7 mm.<\/p>\n<p>ETF seriyal\u0131 qur\u011fular h\u00fcnd\u00fcrl\u00fcy\u00fc m\u0259hdud olan i\u015f otaqlar\u0131nda v\u0259 d\u0259hlizl\u0259rd\u0259 qura\u015fd\u0131rmaq \u00fc\u00e7\u00fcn n\u0259z\u0259rd\u0259 tutulmu\u015fdur.<\/p>\n<p>ETF hava soyuducular\u0131 otaqlarda i\u015fl\u0259y\u0259n insanlarla birba\u015fa t\u0259masda hava ax\u0131n\u0131n\u0131n olmamas\u0131n\u0131 t\u0259min edir v\u0259 a\u015fa\u011f\u0131 s\u0259s t\u0259zyiqi s\u0259viyy\u0259sini t\u0259klif edir.<\/p>\n<\/div>\n<\/div>\n<\/div>\n","protected":false},"featured_media":32995,"template":"","meta":[],"product_brand":[],"product_cat":[1643,875],"product_tag":[],"class_list":{"0":"post-33000","1":"product","2":"type-product","3":"status-publish","4":"has-post-thumbnail","6":"product_cat-buxarlandirici","7":"product_cat-snaye-az-kondisionerlr","9":"first","10":"instock","11":"shipping-taxable","12":"product-type-simple"},"_links":{"self":[{"href":"https:\/\/airsystems.ge\/shop\/az\/wp-json\/wp\/v2\/product\/33000","targetHints":{"allow":["GET"]}}],"collection":[{"href":"https:\/\/airsystems.ge\/shop\/az\/wp-json\/wp\/v2\/product"}],"about":[{"href":"https:\/\/airsystems.ge\/shop\/az\/wp-json\/wp\/v2\/types\/product"}],"wp:featuredmedia":[{"embeddable":true,"href":"https:\/\/airsystems.ge\/shop\/az\/wp-json\/wp\/v2\/media\/32995"}],"wp:attachment":[{"href":"https:\/\/airsystems.ge\/shop\/az\/wp-json\/wp\/v2\/media?parent=33000"}],"wp:term":[{"taxonomy":"product_brand","embeddable":true,"href":"https:\/\/airsystems.ge\/shop\/az\/wp-json\/wp\/v2\/product_brand?post=33000"},{"taxonomy":"product_cat","embeddable":true,"href":"https:\/\/airsystems.ge\/shop\/az\/wp-json\/wp\/v2\/product_cat?post=33000"},{"taxonomy":"product_tag","embeddable":true,"href":"https:\/\/airsystems.ge\/shop\/az\/wp-json\/wp\/v2\/product_tag?post=33000"}],"curies":[{"name":"wp","href":"https:\/\/api.w.org\/{rel}","templated":true}]}}