{"id":32929,"date":"2025-05-24T17:47:23","date_gmt":"2025-05-24T13:47:23","guid":{"rendered":"https:\/\/airsystems.ge\/shop\/product\/mce-air-cooled-condensing-units-with-scroll-multiscroll-compressors-and-axial-fans\/"},"modified":"2025-05-24T17:49:47","modified_gmt":"2025-05-24T13:49:47","slug":"mce-air-cooled-condensing-units-with-scroll-multiscroll-compressors-and-axial-fans","status":"publish","type":"product","link":"https:\/\/airsystems.ge\/shop\/az\/product\/mce-air-cooled-condensing-units-with-scroll-multiscroll-compressors-and-axial-fans\/","title":{"rendered":"MCE Hava il\u0259 soyudulmu\u015f kondensasiya qur\u011fular\u0131 s\u00fcr\u00fc\u015fm\u0259\/\u00e7ox f\u0131rlanan kompressorlar v\u0259 eksenel fanatlar"},"content":{"rendered":"","protected":false},"excerpt":{"rendered":"<p>Soyutma g\u00fcc\u00fc 6 kVt-dan 600 KV-a q\u0259d\u0259r<\/p>\n<p>Uzaqdan birba\u015fa geni\u015fl\u0259ndirici buxarland\u0131r\u0131c\u0131 il\u0259 uy\u011funla\u015fd\u0131r\u0131lmaq \u00fc\u00e7\u00fcn n\u0259z\u0259rd\u0259 tutulmu\u015f xarici qura\u015fd\u0131rma \u00fc\u00e7\u00fcn uy\u011fun kondensasiya qur\u011fular\u0131. MULTISCROLL texnologiyas\u0131 (opsiya kimi \u0130NVERTER t\u0259nziml\u0259m\u0259si il\u0259) bir ne\u00e7\u0259 pill\u0259li tutum t\u0259min edir v\u0259 n\u0259tic\u0259d\u0259 qism\u0259n y\u00fckl\u0259nm\u0259nin s\u0259m\u0259r\u0259liliyi yax\u015f\u0131la\u015f\u0131r. Bu, h\u0259m\u00e7inin y\u00fcks\u0259k d\u0259yi\u015fk\u0259n y\u00fck t\u0259tbiql\u0259ri il\u0259 istifad\u0259 edildikd\u0259 performans\u0131 yax\u015f\u0131la\u015fd\u0131r\u0131r. R410a soyuducu standartd\u0131r. Onlar h\u0259m\u00e7inin geri \u00e7evril\u0259n istilik nasosu konfiqurasiyas\u0131nda (PCE) m\u00f6vcuddur.<\/p>\n","protected":false},"featured_media":32924,"template":"","meta":[],"product_brand":[],"product_cat":[1631,875],"product_tag":[],"class_list":{"0":"post-32929","1":"product","2":"type-product","3":"status-publish","4":"has-post-thumbnail","6":"product_cat-kondensator","7":"product_cat-snaye-az-kondisionerlr","9":"first","10":"instock","11":"shipping-taxable","12":"product-type-simple"},"_links":{"self":[{"href":"https:\/\/airsystems.ge\/shop\/az\/wp-json\/wp\/v2\/product\/32929","targetHints":{"allow":["GET"]}}],"collection":[{"href":"https:\/\/airsystems.ge\/shop\/az\/wp-json\/wp\/v2\/product"}],"about":[{"href":"https:\/\/airsystems.ge\/shop\/az\/wp-json\/wp\/v2\/types\/product"}],"wp:featuredmedia":[{"embeddable":true,"href":"https:\/\/airsystems.ge\/shop\/az\/wp-json\/wp\/v2\/media\/32924"}],"wp:attachment":[{"href":"https:\/\/airsystems.ge\/shop\/az\/wp-json\/wp\/v2\/media?parent=32929"}],"wp:term":[{"taxonomy":"product_brand","embeddable":true,"href":"https:\/\/airsystems.ge\/shop\/az\/wp-json\/wp\/v2\/product_brand?post=32929"},{"taxonomy":"product_cat","embeddable":true,"href":"https:\/\/airsystems.ge\/shop\/az\/wp-json\/wp\/v2\/product_cat?post=32929"},{"taxonomy":"product_tag","embeddable":true,"href":"https:\/\/airsystems.ge\/shop\/az\/wp-json\/wp\/v2\/product_tag?post=32929"}],"curies":[{"name":"wp","href":"https:\/\/api.w.org\/{rel}","templated":true}]}}