{"id":32719,"date":"2025-05-24T16:32:29","date_gmt":"2025-05-24T12:32:29","guid":{"rendered":"https:\/\/airsystems.ge\/shop\/product\/flat-air-condensers-stst-al-cu-al\/"},"modified":"2025-05-24T16:35:36","modified_gmt":"2025-05-24T12:35:36","slug":"flat-air-condensers-stst-al-cu-al","status":"publish","type":"product","link":"https:\/\/airsystems.ge\/shop\/az\/product\/flat-air-condensers-stst-al-cu-al\/","title":{"rendered":"D\u00fcz Hava Kondensatorlar\u0131 (StSt\/Al, Cu\/Al)"},"content":{"rendered":"","protected":false},"excerpt":{"rendered":"<div class=\"elementor-element elementor-element-6799186e elementor-widget elementor-widget-heading\" data-id=\"6799186e\" data-element_type=\"widget\" data-widget_type=\"heading.default\">\n<div class=\"elementor-widget-container\">\n<div class=\"elementor-heading-title elementor-size-default\">\n<p>CAP<br \/>\n24-\u0259 q\u0259d\u0259r ventilyator v\u0259 b\u00f6y\u00fck konstruktiv m\u00f6hk\u0259mliy\u0259 malik d\u00fcz hava kondensatoru. O, \u00fcf\u00fcqi v\u0259 ya \u015faquli v\u0259ziyy\u0259td\u0259, qeyri-m\u00fc\u0259yy\u0259n \u015f\u0259kild\u0259 yerl\u0259\u015fdiril\u0259 bil\u0259r.<\/p>\n<p>Paslanmayan polad boru v\u0259 al\u00fcminium \u00fczg\u0259c (StSt\/Al) v\u0259 ya mis boru v\u0259 al\u00fcminium \u00fczg\u0259c (Cu\/Al) il\u0259 istehsal olunur. B\u00fct\u00fcn soyuducu madd\u0259l\u0259r \u00fc\u00e7\u00fcn uy\u011fundur. 2-d\u0259n 24-\u0259 q\u0259d\u0259r eksenel ventilyator (\u00d8800, 910, 1000) modul dizayn\u0131. Fin add\u0131m\u0131: 2,1-2,3 mm<\/p>\n<p>Sa\u011flam hava kondensatorlar\u0131m\u0131z avadanl\u0131\u011f\u0131 \u0259traf m\u00fchitin korroziyas\u0131ndan qorumaq \u00fc\u00e7\u00fcn poliesterl\u0259 boyanm\u0131\u015f qal\u0131n sinkl\u0259nmi\u015f metal t\u0259b\u0259q\u0259d\u0259n haz\u0131rlan\u0131r.<\/p>\n<p>D\u00f6vr\u0259 dizayn\u0131 v\u0259 boru diametrl\u0259ri \u0259n y\u00fcks\u0259k tutumlu modell\u0259rd\u0259 bel\u0259 minimum t\u0259zyiq d\u00fc\u015fm\u0259si \u00fc\u00e7\u00fcn optimalla\u015fd\u0131r\u0131lm\u0131\u015fd\u0131r. Bu, standart kondensatorlar\u0131n bir s\u0131ra f\u0259rdi h\u0259ll\u0259rd\u0259 t\u0259tbiqi \u00fc\u00e7\u00fcn y\u00fcks\u0259k d\u0259r\u0259c\u0259d\u0259 \u00e7eviklik t\u0259klif edir.<\/p>\n<\/div>\n<\/div>\n<\/div>\n","protected":false},"featured_media":32714,"template":"","meta":[],"product_brand":[],"product_cat":[1631,875],"product_tag":[],"class_list":{"0":"post-32719","1":"product","2":"type-product","3":"status-publish","4":"has-post-thumbnail","6":"product_cat-kondensator","7":"product_cat-snaye-az-kondisionerlr","9":"first","10":"instock","11":"shipping-taxable","12":"product-type-simple"},"_links":{"self":[{"href":"https:\/\/airsystems.ge\/shop\/az\/wp-json\/wp\/v2\/product\/32719","targetHints":{"allow":["GET"]}}],"collection":[{"href":"https:\/\/airsystems.ge\/shop\/az\/wp-json\/wp\/v2\/product"}],"about":[{"href":"https:\/\/airsystems.ge\/shop\/az\/wp-json\/wp\/v2\/types\/product"}],"wp:featuredmedia":[{"embeddable":true,"href":"https:\/\/airsystems.ge\/shop\/az\/wp-json\/wp\/v2\/media\/32714"}],"wp:attachment":[{"href":"https:\/\/airsystems.ge\/shop\/az\/wp-json\/wp\/v2\/media?parent=32719"}],"wp:term":[{"taxonomy":"product_brand","embeddable":true,"href":"https:\/\/airsystems.ge\/shop\/az\/wp-json\/wp\/v2\/product_brand?post=32719"},{"taxonomy":"product_cat","embeddable":true,"href":"https:\/\/airsystems.ge\/shop\/az\/wp-json\/wp\/v2\/product_cat?post=32719"},{"taxonomy":"product_tag","embeddable":true,"href":"https:\/\/airsystems.ge\/shop\/az\/wp-json\/wp\/v2\/product_tag?post=32719"}],"curies":[{"name":"wp","href":"https:\/\/api.w.org\/{rel}","templated":true}]}}