{"id":32659,"date":"2025-05-24T15:39:38","date_gmt":"2025-05-24T11:39:38","guid":{"rendered":"https:\/\/airsystems.ge\/shop\/product\/co%e2%82%82-radial-gas-coolers-kgr-400-630\/"},"modified":"2025-05-24T15:42:59","modified_gmt":"2025-05-24T11:42:59","slug":"co%e2%82%82-radial-gas-coolers-kgr-400-630","status":"publish","type":"product","link":"https:\/\/airsystems.ge\/shop\/az\/product\/co%e2%82%82-radial-gas-coolers-kgr-400-630\/","title":{"rendered":"CO\u2082 Radial Qaz Soyuducular (KGR-400\/630)"},"content":{"rendered":"<p><a class=\"elementor-button elementor-button-link elementor-size-sm\" href=\"https:\/\/www.enextechnologies.com\/wp-content\/uploads\/2024\/08\/One-Pager-KGR-GAS-COOLER-ENG.pdf\" target=\"_blank\" rel=\"noopener\"><span class=\"elementor-button-content-wrapper\"><span class=\"elementor-button-text\">ONE PAGER<\/span><\/span><\/a><\/p>\n","protected":false},"excerpt":{"rendered":"<div class=\"elementor-element elementor-element-f80f489 elementor-widget elementor-widget-heading\" data-id=\"f80f489\" data-element_type=\"widget\" data-widget_type=\"heading.default\">\n<div class=\"elementor-widget-container\">\n<div class=\"elementor-heading-title elementor-size-default\">\n<p>KGR: Daxili istifad\u0259 \u00fc\u00e7\u00fcn m\u0259rk\u0259zd\u0259nqa\u00e7ma fanatlar\u0131 olan V formal\u0131 qaz soyuducular\u0131<\/p>\n<p>KGR<br \/>\nKondensatorlar\u0131m\u0131z \u00fcst\u00fcn performans v\u0259 davaml\u0131l\u0131\u011fa g\u00f6r\u0259 \u015f\u00f6hr\u0259t qazan\u0131blar. H\u0259r hans\u0131 bir spesifikasiyaya cavab verm\u0259k \u00fc\u00e7\u00fcn \u00e7oxlu konfiqurasiya v\u0259 aksessuarlar m\u00f6vcuddur, m\u0259s\u0259l\u0259n, \u00f6rt\u00fclm\u00fc\u015f qanadlar, EC Fan m\u00fch\u0259rrikl\u0259ri, a\u00e7arlar, s\u0259s izolyasiyal\u0131 korpuslar\u2026<\/p>\n<p>Biz 15 kVt il\u0259 1.200 kVt aras\u0131nda g\u00fcc t\u0259min ed\u0259n eksenel v\u0259 radial qaz soyuducular\u0131 da daxil olmaqla 100-d\u0259n \u00e7ox m\u00fcxt\u0259lif model t\u0259klif edirik. Bu geni\u015f \u00e7e\u015fidli qur\u011fular v\u0259 onlar\u0131n aksesuarlar\u0131 soyutma s\u0259nayesinin \u0259ks\u0259r ehtiyaclar\u0131na cavab ver\u0259n tam portfel t\u0259qdim edir.<\/p>\n<p>Radial qaz soyuducular\u0131n\u0131n bu \u00e7e\u015fidi daxili qur\u011fular, kommersiya soyutma t\u0259tbiql\u0259ri \u00fc\u00e7\u00fcn n\u0259z\u0259rd\u0259 tutulmu\u015f, g\u00fcc\u00fc 15 kVt-dan 350 kVt-a q\u0259d\u0259r olan 16 modeld\u0259n ibar\u0259tdir. O, h\u0259r bir qura\u015fd\u0131rman\u0131n soyutma t\u0259l\u0259bl\u0259rin\u0259 uy\u011funla\u015fd\u0131r\u0131la bil\u0259n geni\u015f \u00e7e\u015fidd\u0259 modell\u0259r t\u0259klif edir. Zavod EC fanatlar\u0131 il\u0259 t\u0259chiz edilmi\u015fdir.<\/p>\n<\/div>\n<\/div>\n<\/div>\n","protected":false},"featured_media":32642,"template":"","meta":[],"product_brand":[],"product_cat":[1622,875],"product_tag":[],"class_list":{"0":"post-32659","1":"product","2":"type-product","3":"status-publish","4":"has-post-thumbnail","6":"product_cat-co2-qaz-soyuducu","7":"product_cat-snaye-az-kondisionerlr","9":"first","10":"instock","11":"shipping-taxable","12":"product-type-simple"},"_links":{"self":[{"href":"https:\/\/airsystems.ge\/shop\/az\/wp-json\/wp\/v2\/product\/32659","targetHints":{"allow":["GET"]}}],"collection":[{"href":"https:\/\/airsystems.ge\/shop\/az\/wp-json\/wp\/v2\/product"}],"about":[{"href":"https:\/\/airsystems.ge\/shop\/az\/wp-json\/wp\/v2\/types\/product"}],"wp:featuredmedia":[{"embeddable":true,"href":"https:\/\/airsystems.ge\/shop\/az\/wp-json\/wp\/v2\/media\/32642"}],"wp:attachment":[{"href":"https:\/\/airsystems.ge\/shop\/az\/wp-json\/wp\/v2\/media?parent=32659"}],"wp:term":[{"taxonomy":"product_brand","embeddable":true,"href":"https:\/\/airsystems.ge\/shop\/az\/wp-json\/wp\/v2\/product_brand?post=32659"},{"taxonomy":"product_cat","embeddable":true,"href":"https:\/\/airsystems.ge\/shop\/az\/wp-json\/wp\/v2\/product_cat?post=32659"},{"taxonomy":"product_tag","embeddable":true,"href":"https:\/\/airsystems.ge\/shop\/az\/wp-json\/wp\/v2\/product_tag?post=32659"}],"curies":[{"name":"wp","href":"https:\/\/api.w.org\/{rel}","templated":true}]}}