{"id":32573,"date":"2025-05-23T21:33:24","date_gmt":"2025-05-23T17:33:24","guid":{"rendered":"https:\/\/airsystems.ge\/shop\/product\/indoor-air-conditioning-cu-alx-series-indoor-packaged-air-conditioners-20c-to-55c\/"},"modified":"2025-05-23T21:36:18","modified_gmt":"2025-05-23T17:36:18","slug":"indoor-air-conditioning-cu-alx-series-indoor-packaged-air-conditioners-20c-to-55c","status":"publish","type":"product","link":"https:\/\/airsystems.ge\/shop\/az\/product\/indoor-air-conditioning-cu-alx-series-indoor-packaged-air-conditioners-20c-to-55c\/","title":{"rendered":"Daxili kondisioner CU ALX Series Qapal\u0131 kondisionerl\u0259r -20\u00b0C-d\u0259n +55\u00b0C-d\u0259k"},"content":{"rendered":"","protected":false},"excerpt":{"rendered":"<p>Soyutma g\u00fcc\u00fc 0,6 kVt-dan 2,5 kVt-a q\u0259d\u0259r<\/p>\n<p>CU_ALX seriyal\u0131 kondisionerl\u0259r monoblok daxili bloklard\u0131r, elektrik l\u00f6vh\u0259l\u0259rini soyutmaq \u00fc\u00e7\u00fcn ideald\u0131r v\u0259 buna b\u0259nz\u0259r, xarici divarlara qura\u015fd\u0131rmaq \u00fc\u00e7\u00fcn n\u0259z\u0259rd\u0259 tutulmu\u015fdur (k\u00fcr\u0259k \u00e7antas\u0131n\u0131n yerl\u0259\u015fdirilm\u0259si).<\/p>\n<p>\u018fsas X\u00fcsusiyy\u0259tl\u0259r<\/p>\n<p>Sinkl\u0259nmi\u015f poladdan haz\u0131rlanm\u0131\u015f \u0259sas \u00e7\u0259r\u00e7iv\u0259 v\u0259 panell\u0259r<br \/>\nAl\u00fcminium-al\u00fcminium mikrokanall\u0131 kondensator batareyas\u0131<br \/>\n230Vac radial fanatlar<br \/>\nAvtomatik kondensat\u0131n buxarlanmas\u0131 (mod.250 xaric)<br \/>\nAnaloji (mod.ALX) v\u0259 ya r\u0259q\u0259msal (mod.ALXC) temperatur n\u0259zar\u0259ti<br \/>\nXarici divarlara qura\u015fd\u0131rma, bel \u00e7antas\u0131n\u0131n yerl\u0259\u015fdirilm\u0259si<\/p>\n","protected":false},"featured_media":32568,"template":"","meta":[],"product_brand":[],"product_cat":[1619,875],"product_tag":[],"class_list":{"0":"post-32573","1":"product","2":"type-product","3":"status-publish","4":"has-post-thumbnail","6":"product_cat-snaye-kondisioneri-qablasdirilib","7":"product_cat-snaye-az-kondisionerlr","9":"first","10":"instock","11":"shipping-taxable","12":"product-type-simple"},"_links":{"self":[{"href":"https:\/\/airsystems.ge\/shop\/az\/wp-json\/wp\/v2\/product\/32573","targetHints":{"allow":["GET"]}}],"collection":[{"href":"https:\/\/airsystems.ge\/shop\/az\/wp-json\/wp\/v2\/product"}],"about":[{"href":"https:\/\/airsystems.ge\/shop\/az\/wp-json\/wp\/v2\/types\/product"}],"wp:featuredmedia":[{"embeddable":true,"href":"https:\/\/airsystems.ge\/shop\/az\/wp-json\/wp\/v2\/media\/32568"}],"wp:attachment":[{"href":"https:\/\/airsystems.ge\/shop\/az\/wp-json\/wp\/v2\/media?parent=32573"}],"wp:term":[{"taxonomy":"product_brand","embeddable":true,"href":"https:\/\/airsystems.ge\/shop\/az\/wp-json\/wp\/v2\/product_brand?post=32573"},{"taxonomy":"product_cat","embeddable":true,"href":"https:\/\/airsystems.ge\/shop\/az\/wp-json\/wp\/v2\/product_cat?post=32573"},{"taxonomy":"product_tag","embeddable":true,"href":"https:\/\/airsystems.ge\/shop\/az\/wp-json\/wp\/v2\/product_tag?post=32573"}],"curies":[{"name":"wp","href":"https:\/\/api.w.org\/{rel}","templated":true}]}}