{"id":32559,"date":"2025-05-23T21:27:43","date_gmt":"2025-05-23T17:27:43","guid":{"rendered":"https:\/\/airsystems.ge\/shop\/product\/industrial-air-conditioner-packaged-series-industrial-packaged-acus-packaged-self-cooling-air-conditioners-for-containers-or-electrical-cabins-40c-to-85c\/"},"modified":"2025-05-23T21:30:23","modified_gmt":"2025-05-23T17:30:23","slug":"industrial-air-conditioner-packaged-series-industrial-packaged-acus-packaged-self-cooling-air-conditioners-for-containers-or-electrical-cabins-40c-to-85c","status":"publish","type":"product","link":"https:\/\/airsystems.ge\/shop\/az\/product\/industrial-air-conditioner-packaged-series-industrial-packaged-acus-packaged-self-cooling-air-conditioners-for-containers-or-electrical-cabins-40c-to-85c\/","title":{"rendered":"S\u0259naye kondisioneri qabla\u015fd\u0131r\u0131l\u0131b  S\u0259naye qabla\u015fd\u0131r\u0131lm\u0131\u015f ACUS seriyas\u0131 Konteynerl\u0259r v\u0259 ya elektrik kabinl\u0259ri \u00fc\u00e7\u00fcn qabla\u015fd\u0131r\u0131lm\u0131\u015f \u00f6z\u00fcn\u00fc soyutan kondisionerl\u0259r -40\u00b0C-d\u0259n +85\u00b0C-d\u0259k"},"content":{"rendered":"<p><a class=\"elementor-button elementor-button-link elementor-size-sm\" href=\"https:\/\/www.enextechnologies.com\/wp-content\/uploads\/2024\/08\/ACUS-SERIE_ENG.pdf\" target=\"_blank\" rel=\"noopener\"><span class=\"elementor-button-content-wrapper\"><span class=\"elementor-button-text\">BROCHURE<\/span><\/span><\/a><\/p>\n","protected":false},"excerpt":{"rendered":"<p>Soyutma g\u00fcc\u00fc 9,0 kVt<\/p>\n<p>Toz v\u0259 vibrasiya v\u0259 y\u00fcks\u0259k temperaturun m\u00f6vcud oldu\u011fu ekstremal \u015f\u0259raitd\u0259 i\u015fl\u0259m\u0259k \u00fc\u00e7\u00fcn x\u00fcsusi olaraq dizayn edilmi\u015f v\u0259 istehsal edilmi\u015f daxili istifad\u0259 \u00fc\u00e7\u00fcn qabla\u015fd\u0131r\u0131lm\u0131\u015f \u00f6z\u00fcn\u00fc soyutan kondisionerl\u0259r. Konteynerl\u0259ri v\u0259 elektrik kabin\u0259l\u0259rini kanal vasit\u0259sil\u0259 soyutmaq \u00fc\u00e7\u00fcn ideald\u0131r.<\/p>\n<p>\u018fsas X\u00fcsusiyy\u0259tl\u0259r<\/p>\n<p>Sinkl\u0259nmi\u015f poladdan haz\u0131rlanm\u0131\u015f \u0259sas \u00e7\u0259r\u00e7iv\u0259 v\u0259 panell\u0259r<br \/>\nY\u00fcks\u0259k korroziyaya davaml\u0131d\u0131r<br \/>\nToz v\u0259 vibrasiyaya qar\u015f\u0131 m\u00fcqavim\u0259t<br \/>\nBortda elektrik qutusu<br \/>\nKondensator b\u00f6lm\u0259sinin fan\u0131 t\u0259zyiq a\u00e7ar\u0131 idar\u0259si il\u0259 t\u0259nziml\u0259nir<br \/>\nUzaqdan istifad\u0259\u00e7i interfeysi paneli<br \/>\nT\u0259nziml\u0259n\u0259n egzoz\/i\u015fl\u0259nmi\u015f hava ax\u0131n\u0131<\/p>\n","protected":false},"featured_media":32554,"template":"","meta":[],"product_brand":[],"product_cat":[1619,875],"product_tag":[],"class_list":{"0":"post-32559","1":"product","2":"type-product","3":"status-publish","4":"has-post-thumbnail","6":"product_cat-snaye-kondisioneri-qablasdirilib","7":"product_cat-snaye-az-kondisionerlr","9":"first","10":"instock","11":"shipping-taxable","12":"product-type-simple"},"_links":{"self":[{"href":"https:\/\/airsystems.ge\/shop\/az\/wp-json\/wp\/v2\/product\/32559","targetHints":{"allow":["GET"]}}],"collection":[{"href":"https:\/\/airsystems.ge\/shop\/az\/wp-json\/wp\/v2\/product"}],"about":[{"href":"https:\/\/airsystems.ge\/shop\/az\/wp-json\/wp\/v2\/types\/product"}],"wp:featuredmedia":[{"embeddable":true,"href":"https:\/\/airsystems.ge\/shop\/az\/wp-json\/wp\/v2\/media\/32554"}],"wp:attachment":[{"href":"https:\/\/airsystems.ge\/shop\/az\/wp-json\/wp\/v2\/media?parent=32559"}],"wp:term":[{"taxonomy":"product_brand","embeddable":true,"href":"https:\/\/airsystems.ge\/shop\/az\/wp-json\/wp\/v2\/product_brand?post=32559"},{"taxonomy":"product_cat","embeddable":true,"href":"https:\/\/airsystems.ge\/shop\/az\/wp-json\/wp\/v2\/product_cat?post=32559"},{"taxonomy":"product_tag","embeddable":true,"href":"https:\/\/airsystems.ge\/shop\/az\/wp-json\/wp\/v2\/product_tag?post=32559"}],"curies":[{"name":"wp","href":"https:\/\/api.w.org\/{rel}","templated":true}]}}