{"id":32544,"date":"2025-05-23T21:20:26","date_gmt":"2025-05-23T17:20:26","guid":{"rendered":"https:\/\/airsystems.ge\/shop\/product\/indoor-packaged-unit-sp-series-air-cooled-underfloor-packaged-indoor-air-conditioners\/"},"modified":"2025-05-23T21:24:32","modified_gmt":"2025-05-23T17:24:32","slug":"indoor-packaged-unit-sp-series-air-cooled-underfloor-packaged-indoor-air-conditioners","status":"publish","type":"product","link":"https:\/\/airsystems.ge\/shop\/az\/product\/indoor-packaged-unit-sp-series-air-cooled-underfloor-packaged-indoor-air-conditioners\/","title":{"rendered":"S\u0259naye kondisioneri qabla\u015fd\u0131r\u0131l\u0131b  Qapal\u0131 qapal\u0131 qur\u011fu \u2013 SP Series Hava il\u0259 soyudulmu\u015f Yeralt\u0131 Qapal\u0131 Qapal\u0131 Kondisionerl\u0259r -20\u00b0C il\u0259 +45\u00b0C"},"content":{"rendered":"<p><a class=\"elementor-button elementor-button-link elementor-size-sm\" href=\"https:\/\/www.enextechnologies.com\/wp-content\/uploads\/2024\/08\/SP-SERIE_ENG.pdf\" target=\"_blank\" rel=\"noopener\"><span class=\"elementor-button-content-wrapper\"><span class=\"elementor-button-text\">BROCHURE<\/span><\/span><\/a><\/p>\n","protected":false},"excerpt":{"rendered":"<div class=\"elementor-element elementor-element-391e72ec elementor-widget elementor-widget-theme-post-content\" data-id=\"391e72ec\" data-element_type=\"widget\" data-widget_type=\"theme-post-content.default\">\n<div class=\"elementor-widget-container\">\n<p>Soyutma g\u00fcc\u00fc 6,1 kVt-dan 17 kVt-a q\u0259d\u0259r<\/p>\n<p>Otaqlar\u0131n qura\u015fd\u0131r\u0131lmas\u0131, radio baza stansiyas\u0131n\u0131n s\u0131\u011f\u0131nacaqlar\u0131 v\u0259 \u00fcmumiyy\u0259tl\u0259 texnoloji otaqlar \u00fc\u00e7\u00fcn ideal olan hava il\u0259 soyudulmu\u015f yeralt\u0131 monoblok qapal\u0131 kondisionerl\u0259r. Soyuducu hava yuxar\u0131dan g\u00f6t\u00fcr\u00fcl\u00fcr v\u0259 d\u00f6\u015f\u0259m\u0259nin alt\u0131na \u00f6t\u00fcr\u00fcl\u00fcr.<\/p>\n<p>\u018fsas X\u00fcsusiyy\u0259tl\u0259r<\/p>\n<p>Sinkl\u0259nmi\u015f poladdan haz\u0131rlanm\u0131\u015f \u0259sas \u00e7\u0259r\u00e7iv\u0259 v\u0259 panell\u0259r<br \/>\nAl\u00fcminium-al\u00fcminium mikrokanall\u0131 kondensator batareyas\u0131<br \/>\nBuxarlanan ventilyatorlar b\u00f6lm\u0259 n\u00f6v\u00fc EC, 48Vdc<br \/>\nKondensasiya t\u0259zyiqind\u0259n as\u0131l\u0131 olaraq d\u0259yi\u015f\u0259n kondensasiya b\u00f6lm\u0259sinin fan s\u00fcr\u0259ti<br \/>\n\u0130st\u0259k \u00fczr\u0259: Ethernet l\u00f6vh\u0259si, Serial RS232\/485, SNMP&amp;Web<\/p>\n<\/div>\n<\/div>\n","protected":false},"featured_media":32539,"template":"","meta":[],"product_brand":[],"product_cat":[1619,875],"product_tag":[],"class_list":{"0":"post-32544","1":"product","2":"type-product","3":"status-publish","4":"has-post-thumbnail","6":"product_cat-snaye-kondisioneri-qablasdirilib","7":"product_cat-snaye-az-kondisionerlr","9":"first","10":"instock","11":"shipping-taxable","12":"product-type-simple"},"_links":{"self":[{"href":"https:\/\/airsystems.ge\/shop\/az\/wp-json\/wp\/v2\/product\/32544","targetHints":{"allow":["GET"]}}],"collection":[{"href":"https:\/\/airsystems.ge\/shop\/az\/wp-json\/wp\/v2\/product"}],"about":[{"href":"https:\/\/airsystems.ge\/shop\/az\/wp-json\/wp\/v2\/types\/product"}],"wp:featuredmedia":[{"embeddable":true,"href":"https:\/\/airsystems.ge\/shop\/az\/wp-json\/wp\/v2\/media\/32539"}],"wp:attachment":[{"href":"https:\/\/airsystems.ge\/shop\/az\/wp-json\/wp\/v2\/media?parent=32544"}],"wp:term":[{"taxonomy":"product_brand","embeddable":true,"href":"https:\/\/airsystems.ge\/shop\/az\/wp-json\/wp\/v2\/product_brand?post=32544"},{"taxonomy":"product_cat","embeddable":true,"href":"https:\/\/airsystems.ge\/shop\/az\/wp-json\/wp\/v2\/product_cat?post=32544"},{"taxonomy":"product_tag","embeddable":true,"href":"https:\/\/airsystems.ge\/shop\/az\/wp-json\/wp\/v2\/product_tag?post=32544"}],"curies":[{"name":"wp","href":"https:\/\/api.w.org\/{rel}","templated":true}]}}