{"id":32531,"date":"2025-05-23T21:09:59","date_gmt":"2025-05-23T17:09:59","guid":{"rendered":"https:\/\/airsystems.ge\/shop\/product\/series-industrial-packaged-cus-packaged-self-cooling-air-conditioners-for-containers-or-electrical-cabins\/"},"modified":"2025-05-23T21:16:41","modified_gmt":"2025-05-23T17:16:41","slug":"series-industrial-packaged-cus-packaged-self-cooling-air-conditioners-for-containers-or-electrical-cabins","status":"publish","type":"product","link":"https:\/\/airsystems.ge\/shop\/az\/product\/series-industrial-packaged-cus-packaged-self-cooling-air-conditioners-for-containers-or-electrical-cabins\/","title":{"rendered":"S\u0259naye kondisioneri qabla\u015fd\u0131r\u0131l\u0131b  S\u0259naye qabla\u015fd\u0131r\u0131lm\u0131\u015f CUS seriyas\u0131 Konteynerl\u0259r v\u0259 ya elektrik kabinl\u0259ri \u00fc\u00e7\u00fcn qabla\u015fd\u0131r\u0131lm\u0131\u015f \u00f6z\u00fcn\u00fc soyutan kondisionerl\u0259r -40\u00b0C il\u0259 +80\u00b0C"},"content":{"rendered":"<p><a class=\"elementor-button elementor-button-link elementor-size-sm\" href=\"https:\/\/www.enextechnologies.com\/wp-content\/uploads\/2024\/08\/CUS-SERIE_ENG.pdf\" target=\"_blank\" rel=\"noopener\"><span class=\"elementor-button-content-wrapper\"><span class=\"elementor-button-text\">BROCHURE<\/span><\/span><\/a><\/p>\n","protected":false},"excerpt":{"rendered":"<p>Soyutma g\u00fcc\u00fc 2,7 kVt-dan 4,5 kVt-a q\u0259d\u0259r<\/p>\n<p>X\u00fcsusi olaraq s\u0259naye m\u00fchitl\u0259rind\u0259, toz, vibrasiya v\u0259 y\u00fcks\u0259k temperaturda i\u015fl\u0259m\u0259k \u00fc\u00e7\u00fcn n\u0259z\u0259rd\u0259 tutulmu\u015f daxili istifad\u0259 \u00fc\u00e7\u00fcn qabla\u015fd\u0131r\u0131lm\u0131\u015f \u00f6z\u00fcn\u00fc soyutan kondisionerl\u0259r. Elektrik l\u00f6vh\u0259l\u0259rinin, elektrik yar\u0131mstansiyalar\u0131n\u0131n v\u0259 dig\u0259rl\u0259rinin soyudulmas\u0131 \u00fc\u00e7\u00fcn ideald\u0131r.<\/p>\n<p>\u018fsas X\u00fcsusiyy\u0259tl\u0259r<\/p>\n<p>Sinkl\u0259nmi\u015f poladdan haz\u0131rlanm\u0131\u015f \u0259sas \u00e7\u0259r\u00e7iv\u0259 v\u0259 panell\u0259r<br \/>\nY\u00fcks\u0259k korroziyaya davaml\u0131d\u0131r<br \/>\nToz v\u0259 vibrasiyaya qar\u015f\u0131 m\u00fcqavim\u0259t<br \/>\nXarici interfeys istifad\u0259\u00e7i paneli olan elektrik l\u00f6vh\u0259si<br \/>\nKondensasiya b\u00f6lm\u0259sinin ventilyatoru t\u0259zyiq a\u00e7ar\u0131 n\u0259zar\u0259ti il\u0259 t\u0259nziml\u0259nir<br \/>\nXarici divarlara qura\u015fd\u0131rma, bel \u00e7antas\u0131n\u0131n yerl\u0259\u015fdirilm\u0259si<br \/>\nKanalizasiya imkan\u0131<\/p>\n","protected":false},"featured_media":32526,"template":"","meta":[],"product_brand":[],"product_cat":[1619,875],"product_tag":[],"class_list":{"0":"post-32531","1":"product","2":"type-product","3":"status-publish","4":"has-post-thumbnail","6":"product_cat-snaye-kondisioneri-qablasdirilib","7":"product_cat-snaye-az-kondisionerlr","9":"first","10":"instock","11":"shipping-taxable","12":"product-type-simple"},"_links":{"self":[{"href":"https:\/\/airsystems.ge\/shop\/az\/wp-json\/wp\/v2\/product\/32531","targetHints":{"allow":["GET"]}}],"collection":[{"href":"https:\/\/airsystems.ge\/shop\/az\/wp-json\/wp\/v2\/product"}],"about":[{"href":"https:\/\/airsystems.ge\/shop\/az\/wp-json\/wp\/v2\/types\/product"}],"wp:featuredmedia":[{"embeddable":true,"href":"https:\/\/airsystems.ge\/shop\/az\/wp-json\/wp\/v2\/media\/32526"}],"wp:attachment":[{"href":"https:\/\/airsystems.ge\/shop\/az\/wp-json\/wp\/v2\/media?parent=32531"}],"wp:term":[{"taxonomy":"product_brand","embeddable":true,"href":"https:\/\/airsystems.ge\/shop\/az\/wp-json\/wp\/v2\/product_brand?post=32531"},{"taxonomy":"product_cat","embeddable":true,"href":"https:\/\/airsystems.ge\/shop\/az\/wp-json\/wp\/v2\/product_cat?post=32531"},{"taxonomy":"product_tag","embeddable":true,"href":"https:\/\/airsystems.ge\/shop\/az\/wp-json\/wp\/v2\/product_tag?post=32531"}],"curies":[{"name":"wp","href":"https:\/\/api.w.org\/{rel}","templated":true}]}}