{"id":32431,"date":"2025-05-23T20:01:11","date_gmt":"2025-05-23T16:01:11","guid":{"rendered":"https:\/\/airsystems.ge\/shop\/product\/axial-dry-coolers-dhn-dch\/"},"modified":"2025-05-23T20:06:23","modified_gmt":"2025-05-23T16:06:23","slug":"axial-dry-coolers-dhn-dch","status":"publish","type":"product","link":"https:\/\/airsystems.ge\/shop\/az\/product\/axial-dry-coolers-dhn-dch\/","title":{"rendered":"Eksenel Quru Soyuducular (DHN-DCH) Axial Dry Coolers (DHN-DCH)"},"content":{"rendered":"<div id=\"page\" class=\"site\">\n<div id=\"content\" class=\"site-content\" data-mobile-menu-resolution=\"868\">\n<div class=\"elementor elementor-15803 elementor-location-single post-14889 product type-product status-publish has-post-thumbnail hentry\" data-elementor-type=\"single-post\" data-elementor-id=\"15803\" data-elementor-post-type=\"elementor_library\">\n<div class=\"elementor-element elementor-element-4182285c e-con-full e-flex e-con e-parent e-lazyloaded\" data-id=\"4182285c\" data-element_type=\"container\">\n<div class=\"elementor-element elementor-element-27029276 e-con-full e-flex e-con e-child\" data-id=\"27029276\" data-element_type=\"container\">\n<div class=\"elementor-element elementor-element-427e8a79 e-flex e-con-boxed e-con e-child\" data-id=\"427e8a79\" data-element_type=\"container\">\n<div class=\"e-con-inner\">\n<div class=\"elementor-element elementor-element-6e19ed90 hidebutton mc-bl elementor-align-left elementor-widget elementor-widget-button\" data-id=\"6e19ed90\" data-element_type=\"widget\" data-widget_type=\"button.default\">\n<div class=\"elementor-widget-container\">\n<div class=\"elementor-button-wrapper\"><a class=\"elementor-button elementor-button-link elementor-size-sm\" href=\"https:\/\/www.enextechnologies.com\/wp-content\/uploads\/2024\/08\/Flat-Dry-cooler-DHN-DCH_ENG.pdf\" target=\"_blank\" rel=\"noopener\"><span class=\"elementor-button-content-wrapper\"><span class=\"elementor-button-text\">BROCHURE<\/span><\/span><\/a><\/div>\n<\/div>\n<\/div>\n<\/div>\n<\/div>\n<\/div>\n<\/div>\n<\/div>\n<\/div>\n<\/div>\n","protected":false},"excerpt":{"rendered":"<div class=\"elementor-element elementor-element-70da8153 elementor-widget elementor-widget-theme-page-title elementor-page-title elementor-widget-heading\" data-id=\"70da8153\" data-element_type=\"widget\" data-widget_type=\"theme-page-title.default\">\n<div class=\"elementor-widget-container\">\n<p>DHN \/ DCH<br \/>\nKobol quru soyuducular\u0131 qlikol, su v\u0259 dig\u0259r soyuducularla istifad\u0259 \u00fc\u00e7\u00fcn n\u0259z\u0259rd\u0259 tutulmu\u015fdur v\u0259 h\u0259m\u00e7inin soyuducularla birlikd\u0259 istifad\u0259 edil\u0259 bil\u0259r. Quru soyuducular, kondisioner sisteml\u0259rinin i\u00e7\u0259risind\u0259 Legionella s\u0259b\u0259b oldu\u011fu havada v\u0259 ya suda bakterial \u00e7irkl\u0259nm\u0259 riskini aradan qald\u0131raraq, \u00e7ox az texniki xidm\u0259t t\u0259l\u0259b ed\u0259n soyutma q\u00fcll\u0259l\u0259rini \u0259v\u0259z edir. Geni\u015f \u00e7e\u015fidli quru soyuducu kondensatorlar\u0131m\u0131z 10 kVt-dan 875 kVt-a q\u0259d\u0259r soyutma qabiliyy\u0259tini t\u0259min ed\u0259n 433 model\u0259 malikdir.<\/p>\n<p>Kobolun Eksenel Quru Soyuducular\u0131 \u00e7ox a\u015fa\u011f\u0131 s\u0259s-k\u00fcy s\u0259viyy\u0259l\u0259rin\u0259 malikdir v\u0259 \u00e7ox az enerji s\u0259rf edir. M\u00fcxt\u0259lif n\u00f6v soyutma t\u0259tbiql\u0259ri \u00fc\u00e7\u00fcn 244 model m\u00f6vcuddur.<\/p>\n<\/div>\n<\/div>\n","protected":false},"featured_media":32402,"template":"","meta":[],"product_brand":[],"product_cat":[1613,875],"product_tag":[],"class_list":{"0":"post-32431","1":"product","2":"type-product","3":"status-publish","4":"has-post-thumbnail","6":"product_cat-dry-soyuducu","7":"product_cat-snaye-az-kondisionerlr","9":"first","10":"instock","11":"shipping-taxable","12":"product-type-simple"},"_links":{"self":[{"href":"https:\/\/airsystems.ge\/shop\/az\/wp-json\/wp\/v2\/product\/32431","targetHints":{"allow":["GET"]}}],"collection":[{"href":"https:\/\/airsystems.ge\/shop\/az\/wp-json\/wp\/v2\/product"}],"about":[{"href":"https:\/\/airsystems.ge\/shop\/az\/wp-json\/wp\/v2\/types\/product"}],"wp:featuredmedia":[{"embeddable":true,"href":"https:\/\/airsystems.ge\/shop\/az\/wp-json\/wp\/v2\/media\/32402"}],"wp:attachment":[{"href":"https:\/\/airsystems.ge\/shop\/az\/wp-json\/wp\/v2\/media?parent=32431"}],"wp:term":[{"taxonomy":"product_brand","embeddable":true,"href":"https:\/\/airsystems.ge\/shop\/az\/wp-json\/wp\/v2\/product_brand?post=32431"},{"taxonomy":"product_cat","embeddable":true,"href":"https:\/\/airsystems.ge\/shop\/az\/wp-json\/wp\/v2\/product_cat?post=32431"},{"taxonomy":"product_tag","embeddable":true,"href":"https:\/\/airsystems.ge\/shop\/az\/wp-json\/wp\/v2\/product_tag?post=32431"}],"curies":[{"name":"wp","href":"https:\/\/api.w.org\/{rel}","templated":true}]}}