{"id":32362,"date":"2025-05-21T12:40:16","date_gmt":"2025-05-21T08:40:16","guid":{"rendered":"https:\/\/airsystems.ge\/shop\/product\/modem_mc90-global-m71600_m76600\/"},"modified":"2025-05-21T12:42:57","modified_gmt":"2025-05-21T08:42:57","slug":"modem_mc90-global-m71600_m76600","status":"publish","type":"product","link":"https:\/\/airsystems.ge\/shop\/az\/product\/modem_mc90-global-m71600_m76600\/","title":{"rendered":"Modem_MC90 Qlobal M71600_M76600"},"content":{"rendered":"<p>Qlobal LTE\/WCDMA\/GSM modem (19\/7\/4 diapazonlar\u0131)<br \/>\nMeteo-42 v\u0259 ya Meteo-40 Plus-a USB ba\u011flant\u0131s\u0131<br \/>\nModemin s\u0259rt s\u0131f\u0131rlama qabiliyy\u0259ti \u00fc\u00e7\u00fcn USB-d\u0259n m\u00fcst\u0259qil enerji t\u0259chizat\u0131<br \/>\n\u0130nteqrasiya edilmi\u015f GPS<br \/>\nMC90 M2M v\u0259 IoT t\u0259tbiql\u0259ri \u00fc\u00e7\u00fcn optimalla\u015fd\u0131r\u0131lm\u0131\u015f LTE Cat 4 qlobal mobil modemdir.<br \/>\nO, EDGE v\u0259 GSM\/GPRS il\u0259 geriy\u0259 uy\u011fundur v\u0259 h\u0259tta 4G v\u0259 ya 3G olmayan \u0259razil\u0259rd\u0259 d\u0259 qo\u015fula bilm\u0259sini t\u0259min edir.<br \/>\nAT \u0259mrl\u0259ri SMS mesajlar\u0131, h\u0259m\u00e7inin FTP(S), HTTP(S) v\u0259 MQTT vasit\u0259sil\u0259 birba\u015fa m\u0259lumat g\u00f6nd\u0259rm\u0259k v\u0259 q\u0259bul etm\u0259k \u00fc\u00e7\u00fcn istifad\u0259 edil\u0259 bil\u0259r.<\/p>\n<p>&nbsp;<\/p>\n<table border=\"1\" width=\"595\" cellspacing=\"1\" cellpadding=\"1\">\n<thead>\n<tr>\n<th scope=\"col\">Characteristic<\/th>\n<th scope=\"col\">Description \/ Value<\/th>\n<\/tr>\n<\/thead>\n<tbody>\n<tr>\n<td><strong>Mobile network features<\/strong><\/td>\n<td><\/td>\n<\/tr>\n<tr>\n<td>Supported networks<\/td>\n<td>LTE-FDD: B1\/B2\/B3\/B4\/B5\/B7\/B8\/B12\/B13\/B18\/B19\/B20\/B25\/B26\/B28<br \/>\nLTE-TDD: B38\/B39\/B40\/B41<br \/>\nWCDMA: B1\/B2\/B4\/B5\/B6\/B8\/B19<br \/>\nGSM: B2\/B3\/B5\/B8<\/td>\n<\/tr>\n<tr>\n<td><\/td>\n<td>IoT\/M2M-optimized LTE Cat 4 data terminal<\/td>\n<\/tr>\n<tr>\n<td><\/td>\n<td>Quectel EG25-G module integrated<\/td>\n<\/tr>\n<tr>\n<td><\/td>\n<td>Worldwide LTE, UMTS\/HSPA(+) and GSM\/GPRS\/EDGE coverage<\/td>\n<\/tr>\n<tr>\n<td><strong>Power<\/strong><\/td>\n<td><\/td>\n<\/tr>\n<tr>\n<td>Supply Voltage<\/td>\n<td>6 V to 30 V DC (min. 12 W guaranteed output power of power supply)<\/td>\n<\/tr>\n<tr>\n<td>Electrical connection<\/td>\n<td>RJ12 port pinout<\/td>\n<\/tr>\n<tr>\n<td><strong>Ports and interfaces<\/strong><\/td>\n<td><\/td>\n<\/tr>\n<tr>\n<td>DE-9 female<\/td>\n<td>Connected to internal RS-232 module<\/td>\n<\/tr>\n<tr>\n<td>RJ12 (Power)<\/td>\n<td>For power supply and connected to internal RS-232 module<\/td>\n<\/tr>\n<tr>\n<td>SMA female GSM<\/td>\n<td>For GSM antenna<\/td>\n<\/tr>\n<tr>\n<td>SMA female GNSS<\/td>\n<td>For GNSS antenna<\/td>\n<\/tr>\n<tr>\n<td>USB B<\/td>\n<td>Only for data connection (not suitable for power supply)<\/td>\n<\/tr>\n<tr>\n<td>SIM card slot<\/td>\n<td>Push-push mechanism<\/td>\n<\/tr>\n<tr>\n<td><strong>Antennas<\/strong><\/td>\n<td><\/td>\n<\/tr>\n<tr>\n<td>LTE\/UMTS antenna interface<\/td>\n<td>SMA<\/td>\n<\/tr>\n<tr>\n<td>Impedance<\/td>\n<td>50 \u03a9<\/td>\n<\/tr>\n<\/tbody>\n<\/table>\n<p>&nbsp;<\/p>\n<table border=\"1\" width=\"595\" cellspacing=\"1\" cellpadding=\"1\">\n<thead>\n<tr>\n<th scope=\"col\"><span style=\"font-weight: 400;\">General<\/span><\/th>\n<th scope=\"col\"><span style=\"font-weight: 400;\">\u00a0<\/span><\/th>\n<\/tr>\n<\/thead>\n<tbody>\n<tr>\n<td>Operational temperature<\/td>\n<td>-35\u00b0C &#8230; +75\u00b0C<\/td>\n<\/tr>\n<tr>\n<td>Dimensions (W x H x D)<\/td>\n<td>74 x 33 x 65 mm<\/td>\n<\/tr>\n<tr>\n<td>Weight<\/td>\n<td>ca. 90 g<\/td>\n<\/tr>\n<tr>\n<td>Protection class<\/td>\n<td>IP20<\/td>\n<\/tr>\n<tr>\n<td>Mounting<\/td>\n<td>Tabletop \/ DIN rail (with optional mounting kit)<\/td>\n<\/tr>\n<\/tbody>\n<\/table>\n","protected":false},"excerpt":{"rendered":"<h3>Sifari\u015f n\u00f6mr\u0259si<\/h3>\n<p>M71600\/M76600\/M76600M<\/p>\n","protected":false},"featured_media":32351,"template":"","meta":[],"product_brand":[],"product_cat":[1336,1543,1607],"product_tag":[],"class_list":{"0":"post-32362","1":"product","2":"type-product","3":"status-publish","4":"has-post-thumbnail","6":"product_cat-brpa-olunan-enerji-kulk-v-guns-enerjisi-olcusu-az","7":"product_cat-data-logger-aksesuarlari","8":"product_cat-rabit-sistemlri","10":"first","11":"instock","12":"shipping-taxable","13":"product-type-simple"},"_links":{"self":[{"href":"https:\/\/airsystems.ge\/shop\/az\/wp-json\/wp\/v2\/product\/32362","targetHints":{"allow":["GET"]}}],"collection":[{"href":"https:\/\/airsystems.ge\/shop\/az\/wp-json\/wp\/v2\/product"}],"about":[{"href":"https:\/\/airsystems.ge\/shop\/az\/wp-json\/wp\/v2\/types\/product"}],"wp:featuredmedia":[{"embeddable":true,"href":"https:\/\/airsystems.ge\/shop\/az\/wp-json\/wp\/v2\/media\/32351"}],"wp:attachment":[{"href":"https:\/\/airsystems.ge\/shop\/az\/wp-json\/wp\/v2\/media?parent=32362"}],"wp:term":[{"taxonomy":"product_brand","embeddable":true,"href":"https:\/\/airsystems.ge\/shop\/az\/wp-json\/wp\/v2\/product_brand?post=32362"},{"taxonomy":"product_cat","embeddable":true,"href":"https:\/\/airsystems.ge\/shop\/az\/wp-json\/wp\/v2\/product_cat?post=32362"},{"taxonomy":"product_tag","embeddable":true,"href":"https:\/\/airsystems.ge\/shop\/az\/wp-json\/wp\/v2\/product_tag?post=32362"}],"curies":[{"name":"wp","href":"https:\/\/api.w.org\/{rel}","templated":true}]}}