{"id":32328,"date":"2025-05-21T12:26:48","date_gmt":"2025-05-21T08:26:48","guid":{"rendered":"https:\/\/airsystems.ge\/shop\/product\/omnidirectional-antenna-gsm-umts-lte-adapter\/"},"modified":"2025-05-21T12:30:51","modified_gmt":"2025-05-21T08:30:51","slug":"omnidirectional-antenna-gsm-umts-lte-adapter","status":"publish","type":"product","link":"https:\/\/airsystems.ge\/shop\/az\/product\/omnidirectional-antenna-gsm-umts-lte-adapter\/","title":{"rendered":"\u00c7ox y\u00f6nl\u00fc antenna GSM UMTS LTE + adapter"},"content":{"rendered":"<table border=\"1\" width=\"430\" cellspacing=\"1\" cellpadding=\"1\">\n<thead>\n<tr>\n<th scope=\"col\">Frequency<\/th>\n<th scope=\"col\">700-900 MHz<br \/>\n1800-2100 MHz<br \/>\n2400-2700 MHz<\/th>\n<\/tr>\n<\/thead>\n<tbody>\n<tr>\n<td>Impedance<\/td>\n<td>50 \u03a9<\/td>\n<\/tr>\n<tr>\n<td>B.S.W.R<\/td>\n<td>2.0:1<\/td>\n<\/tr>\n<tr>\n<td>Gain<\/td>\n<td>5 dBi<\/td>\n<\/tr>\n<tr>\n<td>Polarisation<\/td>\n<td>vertical<\/td>\n<\/tr>\n<tr>\n<td>Max. Power<\/td>\n<td>10 W<\/td>\n<\/tr>\n<tr>\n<td>Temperature range<\/td>\n<td>-40\u00b0C to +80\u00b0C<\/td>\n<\/tr>\n<tr>\n<td>Cable\/connector<\/td>\n<td>3 m RG58 \/ FME\/SMA connector<\/td>\n<\/tr>\n<tr>\n<td>Base<\/td>\n<td>magnetic, 70 mm \u00d8<\/td>\n<\/tr>\n<tr>\n<td>Height<\/td>\n<td>453 mm<\/td>\n<\/tr>\n<tr>\n<td>Weight<\/td>\n<td>249 g<\/td>\n<\/tr>\n<\/tbody>\n<\/table>\n","protected":false},"excerpt":{"rendered":"<h3>Sifari\u015f n\u00f6mr\u0259si<\/h3>\n<p>M72260<\/p>\n","protected":false},"featured_media":32317,"template":"","meta":[],"product_brand":[],"product_cat":[1336,1543,1607],"product_tag":[],"class_list":{"0":"post-32328","1":"product","2":"type-product","3":"status-publish","4":"has-post-thumbnail","6":"product_cat-brpa-olunan-enerji-kulk-v-guns-enerjisi-olcusu-az","7":"product_cat-data-logger-aksesuarlari","8":"product_cat-rabit-sistemlri","10":"first","11":"instock","12":"shipping-taxable","13":"product-type-simple"},"_links":{"self":[{"href":"https:\/\/airsystems.ge\/shop\/az\/wp-json\/wp\/v2\/product\/32328","targetHints":{"allow":["GET"]}}],"collection":[{"href":"https:\/\/airsystems.ge\/shop\/az\/wp-json\/wp\/v2\/product"}],"about":[{"href":"https:\/\/airsystems.ge\/shop\/az\/wp-json\/wp\/v2\/types\/product"}],"wp:featuredmedia":[{"embeddable":true,"href":"https:\/\/airsystems.ge\/shop\/az\/wp-json\/wp\/v2\/media\/32317"}],"wp:attachment":[{"href":"https:\/\/airsystems.ge\/shop\/az\/wp-json\/wp\/v2\/media?parent=32328"}],"wp:term":[{"taxonomy":"product_brand","embeddable":true,"href":"https:\/\/airsystems.ge\/shop\/az\/wp-json\/wp\/v2\/product_brand?post=32328"},{"taxonomy":"product_cat","embeddable":true,"href":"https:\/\/airsystems.ge\/shop\/az\/wp-json\/wp\/v2\/product_cat?post=32328"},{"taxonomy":"product_tag","embeddable":true,"href":"https:\/\/airsystems.ge\/shop\/az\/wp-json\/wp\/v2\/product_tag?post=32328"}],"curies":[{"name":"wp","href":"https:\/\/api.w.org\/{rel}","templated":true}]}}