{"id":32309,"date":"2025-05-21T12:07:15","date_gmt":"2025-05-21T08:07:15","guid":{"rendered":"https:\/\/airsystems.ge\/shop\/product\/satellite-data-transfer-system-bgan-modem\/"},"modified":"2025-05-21T12:09:52","modified_gmt":"2025-05-21T08:09:52","slug":"satellite-data-transfer-system-bgan-modem","status":"publish","type":"product","link":"https:\/\/airsystems.ge\/shop\/az\/product\/satellite-data-transfer-system-bgan-modem\/","title":{"rendered":"Peyk M\u0259lumat \u00d6t\u00fcrm\u0259 Sistemi BGAN Modem"},"content":{"rendered":"<p>Avtomatik aktivl\u0259\u015fdirm\u0259\/avtomatik kontekst aktivasiyas\u0131 enerji v\u0259\/v\u0259 ya IP ba\u011flant\u0131s\u0131n\u0131n k\u0259silm\u0259sind\u0259n sonra g\u00fcc\u00fc v\u0259 PDP ba\u011flant\u0131s\u0131n\u0131 avtomatik b\u0259rpa edir.<br \/>\nSMS vasit\u0259sil\u0259 uzaqdan idar\u0259etm\u0259<br \/>\nRelay rejimi WAN IP \u00fcnvan\u0131n\u0131 qo\u015fulmu\u015f RTU-ya \u00f6t\u00fcr\u00fcr<br \/>\nDaxili t\u0259hl\u00fck\u0259sizlik se\u00e7iml\u0259rinin geni\u015fl\u0259ndirilmi\u015f t\u0259b\u0259q\u0259l\u0259ri il\u0259 t\u0259hl\u00fck\u0259sizlik t\u0259kmill\u0259\u015fdirm\u0259l\u0259ri<\/p>\n<table border=\"1\" width=\"595\" cellspacing=\"1\" cellpadding=\"1\">\n<thead>\n<tr>\n<th scope=\"col\"><span style=\"font-weight: 400;\">Characteristic<\/span><\/th>\n<th scope=\"col\"><span style=\"font-weight: 400;\">Description \/ Value<\/span><\/th>\n<\/tr>\n<\/thead>\n<tbody>\n<tr>\n<td>Satellite transmit frequency<\/td>\n<td>1626.5 &#8230; 1660.5 MHz<\/td>\n<\/tr>\n<tr>\n<td>Satellite receive frequency<\/td>\n<td>1525 &#8230; 1559 MHz<\/td>\n<\/tr>\n<tr>\n<td>GPS frequency<\/td>\n<td>1574.42 &#8230; 1576.42 MHz<\/td>\n<\/tr>\n<tr>\n<td>SAT continuous TX time<\/td>\n<td>Up to 3.25 hours at 128 kbps<\/td>\n<\/tr>\n<tr>\n<td>SAT continuous RX time<\/td>\n<td>Up to 5.5 hours at 128 kbps<\/td>\n<\/tr>\n<tr>\n<td>SAT standby time<\/td>\n<td>Up to 36 hours<\/td>\n<\/tr>\n<tr>\n<td>Input voltage<\/td>\n<td>+12 VDC \/ +24 VDC nominal<\/td>\n<\/tr>\n<tr>\n<td>Power consumption<\/td>\n<td>Transmit: &lt; 20W<br \/>\nNarrow beam w\/o tansmit: 3W<br \/>\nIdle (regional beam): &lt; 1W<\/td>\n<\/tr>\n<tr>\n<td>Dimension and Weight<br \/>\nIndoor unit<br \/>\nOutdoor unit<\/td>\n<td>150 x 216 x 45 mm \/ 1.2 kg (2.64 lbs)<br \/>\n385 x 385 x 33 mm \/ 1.9 kg (4.18 lbs)<\/td>\n<\/tr>\n<tr>\n<td>Operating temperature<\/td>\n<td>-40 &#8230; +75\u00b0C<\/td>\n<\/tr>\n<tr>\n<td>Storage temperature<\/td>\n<td>-55 &#8230; +75\u00b0C<\/td>\n<\/tr>\n<tr>\n<td>Humidity<\/td>\n<td>95% RH @ +40\u00b0C<\/td>\n<\/tr>\n<tr>\n<td>Wind loading (outdoor unit)<\/td>\n<td>Survival wind loading (with optional mount) up to 100 mph<\/td>\n<\/tr>\n<tr>\n<td>Protection<\/td>\n<td>IP40 (indoor unit), IP65 (outdoor unit)<\/td>\n<\/tr>\n<tr>\n<td>Interfaces<\/td>\n<td>Ethernet connection (RJ45)<br \/>\nUSB\u2013Type B for connection to configuration PC<br \/>\nRS-232 (DB9) to external NMEA 0183-based GNSS device (e.g., GLONASS receiver)<br \/>\nTNC connection on the IDU to the external antenna<\/td>\n<\/tr>\n<tr>\n<td>Cable<\/td>\n<td>10 meters RF antenna cable (included in delivery)<\/td>\n<\/tr>\n<tr>\n<td>Manufacturer<\/td>\n<td>Hughes Network Systems<\/td>\n<\/tr>\n<\/tbody>\n<\/table>\n","protected":false},"excerpt":{"rendered":"<h3>Sifari\u015f n\u00f6mr\u0259si<\/h3>\n<p>M71855<\/p>\n","protected":false},"featured_media":32323,"template":"","meta":[],"product_brand":[],"product_cat":[1336,1543,1607],"product_tag":[],"class_list":{"0":"post-32309","1":"product","2":"type-product","3":"status-publish","4":"has-post-thumbnail","6":"product_cat-brpa-olunan-enerji-kulk-v-guns-enerjisi-olcusu-az","7":"product_cat-data-logger-aksesuarlari","8":"product_cat-rabit-sistemlri","10":"first","11":"instock","12":"shipping-taxable","13":"product-type-simple"},"_links":{"self":[{"href":"https:\/\/airsystems.ge\/shop\/az\/wp-json\/wp\/v2\/product\/32309","targetHints":{"allow":["GET"]}}],"collection":[{"href":"https:\/\/airsystems.ge\/shop\/az\/wp-json\/wp\/v2\/product"}],"about":[{"href":"https:\/\/airsystems.ge\/shop\/az\/wp-json\/wp\/v2\/types\/product"}],"wp:featuredmedia":[{"embeddable":true,"href":"https:\/\/airsystems.ge\/shop\/az\/wp-json\/wp\/v2\/media\/32323"}],"wp:attachment":[{"href":"https:\/\/airsystems.ge\/shop\/az\/wp-json\/wp\/v2\/media?parent=32309"}],"wp:term":[{"taxonomy":"product_brand","embeddable":true,"href":"https:\/\/airsystems.ge\/shop\/az\/wp-json\/wp\/v2\/product_brand?post=32309"},{"taxonomy":"product_cat","embeddable":true,"href":"https:\/\/airsystems.ge\/shop\/az\/wp-json\/wp\/v2\/product_cat?post=32309"},{"taxonomy":"product_tag","embeddable":true,"href":"https:\/\/airsystems.ge\/shop\/az\/wp-json\/wp\/v2\/product_tag?post=32309"}],"curies":[{"name":"wp","href":"https:\/\/api.w.org\/{rel}","templated":true}]}}