{"id":32302,"date":"2025-05-21T11:59:50","date_gmt":"2025-05-21T07:59:50","guid":{"rendered":"https:\/\/airsystems.ge\/shop\/product\/antenna-mount-kit-for-sat-bgan-modem\/"},"modified":"2025-05-21T12:05:02","modified_gmt":"2025-05-21T08:05:02","slug":"antenna-mount-kit-for-sat-bgan-modem","status":"publish","type":"product","link":"https:\/\/airsystems.ge\/shop\/az\/product\/antenna-mount-kit-for-sat-bgan-modem\/","title":{"rendered":"SAT BGAN Modem \u00fc\u00e7\u00fcn Antena Montaj D\u0259sti"},"content":{"rendered":"<p>\u0130nteqrasiya edilmi\u015f antenna il\u0259 daimi divar montaj\u0131 \u00fc\u00e7\u00fcn BGAN 9502 \u00fc\u00e7\u00fcn Antena Montaj d\u0259sti.<\/p>\n","protected":false},"excerpt":{"rendered":"<h3>Sifari\u015f n\u00f6mr\u0259si<\/h3>\n<p>M71859<\/p>\n","protected":false},"featured_media":32297,"template":"","meta":[],"product_brand":[],"product_cat":[1336,1543,1607],"product_tag":[],"class_list":{"0":"post-32302","1":"product","2":"type-product","3":"status-publish","4":"has-post-thumbnail","6":"product_cat-brpa-olunan-enerji-kulk-v-guns-enerjisi-olcusu-az","7":"product_cat-data-logger-aksesuarlari","8":"product_cat-rabit-sistemlri","10":"first","11":"instock","12":"shipping-taxable","13":"product-type-simple"},"_links":{"self":[{"href":"https:\/\/airsystems.ge\/shop\/az\/wp-json\/wp\/v2\/product\/32302","targetHints":{"allow":["GET"]}}],"collection":[{"href":"https:\/\/airsystems.ge\/shop\/az\/wp-json\/wp\/v2\/product"}],"about":[{"href":"https:\/\/airsystems.ge\/shop\/az\/wp-json\/wp\/v2\/types\/product"}],"wp:featuredmedia":[{"embeddable":true,"href":"https:\/\/airsystems.ge\/shop\/az\/wp-json\/wp\/v2\/media\/32297"}],"wp:attachment":[{"href":"https:\/\/airsystems.ge\/shop\/az\/wp-json\/wp\/v2\/media?parent=32302"}],"wp:term":[{"taxonomy":"product_brand","embeddable":true,"href":"https:\/\/airsystems.ge\/shop\/az\/wp-json\/wp\/v2\/product_brand?post=32302"},{"taxonomy":"product_cat","embeddable":true,"href":"https:\/\/airsystems.ge\/shop\/az\/wp-json\/wp\/v2\/product_cat?post=32302"},{"taxonomy":"product_tag","embeddable":true,"href":"https:\/\/airsystems.ge\/shop\/az\/wp-json\/wp\/v2\/product_tag?post=32302"}],"curies":[{"name":"wp","href":"https:\/\/api.w.org\/{rel}","templated":true}]}}