{"id":32284,"date":"2025-05-21T11:35:01","date_gmt":"2025-05-21T07:35:01","guid":{"rendered":"https:\/\/airsystems.ge\/shop\/product\/obstacle-light-carmanah-a650\/"},"modified":"2025-05-21T11:38:02","modified_gmt":"2025-05-21T07:38:02","slug":"obstacle-light-carmanah-a650","status":"publish","type":"product","link":"https:\/\/airsystems.ge\/shop\/az\/product\/obstacle-light-carmanah-a650\/","title":{"rendered":"Mane\u0259 i\u015f\u0131\u011f\u0131 Carmanah A650"},"content":{"rendered":"<ul>\n<li>Yaln\u0131z tam \u00f6l\u00e7m\u0259 sisteml\u0259ri il\u0259 sat\u0131l\u0131r<br \/>\n10 cd-\u0259 q\u0259d\u0259r intensivlik (sabit, ya\u015f\u0131l, ekvatorial)<br \/>\nD\u0259yi\u015fdiril\u0259 bil\u0259n v\u0259 t\u0259krar emal edil\u0259 bil\u0259n batareya paketi<br \/>\nBortda intuitiv istifad\u0259\u00e7i interfeysi<br \/>\nG\u00fcnortadan s\u0259h\u0259r\u0259 q\u0259d\u0259r \u0259m\u0259liyyat<br \/>\nOpsiyonel xarici ke\u00e7id<br \/>\nA\u011f\u0131ll\u0131 yerl\u0259\u015fdirm\u0259 yeri parametrl\u0259ri d\u00fczg\u00fcn olmayan konfiqurasiyadan qoruyur<\/li>\n<\/ul>\n<table border=\"1\" width=\"594\" cellspacing=\"1\" cellpadding=\"1\">\n<thead>\n<tr>\n<th scope=\"col\">Characteristic<\/th>\n<th scope=\"col\">Description \/ Value<\/th>\n<\/tr>\n<\/thead>\n<tbody>\n<tr>\n<td>Solar panel<\/td>\n<td>High-efficiency cells with bypass and blocking diode function. Maximum power point tracking (MPPT) for optimal energy collection.<\/td>\n<\/tr>\n<tr>\n<td>Battery<\/td>\n<td>Tool-less replaceable and recyclable best-in-class battery pack with extreme temperature range. Battery status feedback of Good, Charge or Bad (Replace).<\/td>\n<\/tr>\n<tr>\n<td>Light sources<\/td>\n<td>High power LED. Colour-specific temperature corrected LED drivers provide consistent intensity under all operating conditions.<\/td>\n<\/tr>\n<tr>\n<td>Intensity<\/td>\n<td>10 cd intensity, steady-on (see photometric plot on reverse).<br \/>\n18 cd peak intensity, flashing, 12.5% duty cycle (Red LEDs).<\/td>\n<\/tr>\n<tr>\n<td>Flash patterns<\/td>\n<td>256+<\/td>\n<\/tr>\n<tr>\n<td>Construction<\/td>\n<td>Premium grade UV resistant, polycarbonate\/polysiloxane co-polymer body and lens material. Double O-ring sealing with waterproof vent.<\/td>\n<\/tr>\n<tr>\n<td>Colours<\/td>\n<td>Blue, Red, Yellow, Green and White.<br \/>\nICAO and SAE25050 (FAA) compliant chromaticity.<\/td>\n<\/tr>\n<tr>\n<td>Ambient operation temperature (ALC)<\/td>\n<td>-45 to 124 \u00baF (-43 to 51 \u00baC) ambient temperature.<br \/>\nThe A650 will function up to 190 \u00baF (88 \u00baC) internal and surface temperatures.<\/td>\n<\/tr>\n<tr>\n<td>Storage temperature<\/td>\n<td>-45 to 176 \u00baF (-43 to 80 \u00baC)<\/td>\n<\/tr>\n<tr>\n<td>Colour indicator<\/td>\n<td>Yes, FAA Eng. Brief 67 compliant.<\/td>\n<\/tr>\n<tr>\n<td>Weight<\/td>\n<td>3.5 lb (1.58 kg)<\/td>\n<\/tr>\n<tr>\n<td>Wind loading<\/td>\n<td>400 mph (180 m\/s)<\/td>\n<\/tr>\n<tr>\n<td>Automatic light control<\/td>\n<td>When enabled, ALC will dynamically reduce brightness in response to unusually low amounts of sunlight to ensure continued operation.<\/td>\n<\/tr>\n<tr>\n<td>Manufacturer<\/td>\n<td>Carmanah Technologies Corp.<\/td>\n<\/tr>\n<\/tbody>\n<\/table>\n","protected":false},"excerpt":{"rendered":"<h3>Sifari\u015f n\u00f6mr\u0259si<\/h3>\n<p>M91100<\/p>\n","protected":false},"featured_media":32278,"template":"","meta":[],"product_brand":[],"product_cat":[1336,1543,1601],"product_tag":[],"class_list":{"0":"post-32284","1":"product","2":"type-product","3":"status-publish","4":"has-post-thumbnail","6":"product_cat-brpa-olunan-enerji-kulk-v-guns-enerjisi-olcusu-az","7":"product_cat-data-logger-aksesuarlari","8":"product_cat-mane-isiqlari","10":"first","11":"instock","12":"shipping-taxable","13":"product-type-simple"},"_links":{"self":[{"href":"https:\/\/airsystems.ge\/shop\/az\/wp-json\/wp\/v2\/product\/32284","targetHints":{"allow":["GET"]}}],"collection":[{"href":"https:\/\/airsystems.ge\/shop\/az\/wp-json\/wp\/v2\/product"}],"about":[{"href":"https:\/\/airsystems.ge\/shop\/az\/wp-json\/wp\/v2\/types\/product"}],"wp:featuredmedia":[{"embeddable":true,"href":"https:\/\/airsystems.ge\/shop\/az\/wp-json\/wp\/v2\/media\/32278"}],"wp:attachment":[{"href":"https:\/\/airsystems.ge\/shop\/az\/wp-json\/wp\/v2\/media?parent=32284"}],"wp:term":[{"taxonomy":"product_brand","embeddable":true,"href":"https:\/\/airsystems.ge\/shop\/az\/wp-json\/wp\/v2\/product_brand?post=32284"},{"taxonomy":"product_cat","embeddable":true,"href":"https:\/\/airsystems.ge\/shop\/az\/wp-json\/wp\/v2\/product_cat?post=32284"},{"taxonomy":"product_tag","embeddable":true,"href":"https:\/\/airsystems.ge\/shop\/az\/wp-json\/wp\/v2\/product_tag?post=32284"}],"curies":[{"name":"wp","href":"https:\/\/api.w.org\/{rel}","templated":true}]}}