{"id":32269,"date":"2025-05-21T11:26:27","date_gmt":"2025-05-21T07:26:27","guid":{"rendered":"https:\/\/airsystems.ge\/shop\/product\/obstacle-light-carmanah-ol800\/"},"modified":"2025-05-21T11:28:41","modified_gmt":"2025-05-21T07:28:41","slug":"obstacle-light-carmanah-ol800","status":"publish","type":"product","link":"https:\/\/airsystems.ge\/shop\/az\/product\/obstacle-light-carmanah-ol800\/","title":{"rendered":"Mane\u0259 i\u015f\u0131\u011f\u0131 Carmanah OL800"},"content":{"rendered":"<ul>\n<li>Yaln\u0131z tam \u00f6l\u00e7m\u0259 sisteml\u0259ri il\u0259 sat\u0131l\u0131r<br \/>\nA\u015fa\u011f\u0131 intensivlikli g\u00fcn\u0259\u015f LED mane\u0259 i\u015f\u0131\u011f\u0131n\u0131 qura\u015fd\u0131rmaq asand\u0131r<br \/>\nICAO-nun \u018flav\u0259 14, Cild 1, 5-ci Burax\u0131l\u0131\u015f, \u0130yul 2009 v\u0259 6-c\u0131 Burax\u0131l\u0131\u015f, \u0130yul 2013 (Q\u0131rm\u0131z\u0131) uy\u011fun olaraq A v\u0259 B Tipi A\u015fa\u011f\u0131 \u0130ntensivlikli Mane\u0259 \u0130\u015f\u0131qlar\u0131 \u00fc\u00e7\u00fcn ICAO t\u0259l\u0259bl\u0259rin\u0259 cavab verir.<br \/>\nFAA M\u0259sl\u0259h\u0259t Dair\u0259vi AC 150\/5345-43G 09\/26\/12 (Q\u0131rm\u0131z\u0131) uy\u011fun olaraq L-810 Tipi L-810 mane\u0259 i\u015f\u0131\u011f\u0131 il\u0259 uy\u011fundur.<\/li>\n<\/ul>\n<table border=\"1\" width=\"594\" cellspacing=\"1\" cellpadding=\"1\">\n<thead>\n<tr>\n<th scope=\"col\">Characteristic<\/th>\n<th scope=\"col\">Description \/ Value<\/th>\n<\/tr>\n<\/thead>\n<tbody>\n<tr>\n<td>Optical<\/td>\n<td>\n<ul>\n<li>High powered LEDs meet IES LM-80 lumen maintenance consistent photometrics for life of product<\/li>\n<li>FAA: Meets Obstruction Light Type L-810 as per FAA Advisory Circular AC 150\/5345-43G 09\/26\/12 (Red.)<\/li>\n<li>Complies with ICAO Low-Intensity Obstacle Light Type A &amp; B &#8211; Annex 14, 5th Edition, July 2009 (Red.) and 6th Edition, July 2013 (Red.)<\/li>\n<li>Meets requirements for CASA 10 cd (Part 139, Vol. 2)<\/li>\n<li>ICAO, SAE25050 (FAA) and FAA EB 67 compliant chromaticity: Red, Green, White and Yellow<\/li>\n<li>Steady-on and 250+ flash patterns<\/li>\n<\/ul>\n<\/td>\n<\/tr>\n<tr>\n<td>Energy collection<\/td>\n<td>Best in-class high efficiency solar cells with blocking diodes<br \/>\nMaximum power point tracking with temperature compensation (MPPT-TC)<\/td>\n<\/tr>\n<tr>\n<td>Energy storage<\/td>\n<td>EnerSys CYCLON pure-lead VRLA AGM battery -65 &#8230; +80\u00b0C manufacturers operating range<br \/>\nOn-board battery status; optional port for battery charging<br \/>\nDesigned for 5 year battery life, replaceable and recyclable<\/td>\n<\/tr>\n<tr>\n<td>Energy Management System (EMS)<\/td>\n<td>Intelligent, microprocessor<br \/>\nOn-board diagnostics and data logger<\/td>\n<\/tr>\n<tr>\n<td>Automatic Light Control (ALC)<\/td>\n<td>Adjusts output intensity in response to unusually low amounts of sunlight to ensure continued operation<\/td>\n<\/tr>\n<tr>\n<td>Programming<\/td>\n<td>Programmable with optional infrared programmer or va integrated 4-character LED display<\/td>\n<\/tr>\n<tr>\n<td>GPS synchronisation<\/td>\n<td>Optional GPS enables two or more lights to flash in unison<\/td>\n<\/tr>\n<tr>\n<td>Construction<\/td>\n<td>Premium grade UV-resistant, polycarbonate lens\/head<br \/>\nPolycarbonat\/polysiloxane co-polymer base<br \/>\nEnvironmentally friendly, durable powder coated aluminium chassis<br \/>\nThermoplastic gaskets<br \/>\nWaterproof, vented battery compartment<\/td>\n<\/tr>\n<tr>\n<td>Operating temperature<\/td>\n<td>-30 &#8230; +50\u00b0C (optimal); -40 &#8230; +80\u00b0C (maximum)<\/td>\n<\/tr>\n<tr>\n<td>Mounting<\/td>\n<td>3 or 4, 7.87\u201d (200 mm) bolt circle mounting pattern<\/td>\n<\/tr>\n<tr>\n<td>Wind load<\/td>\n<td>70 m\/s<\/td>\n<\/tr>\n<tr>\n<td>Ice load<\/td>\n<td>22 kg\/m\u00b2<\/td>\n<\/tr>\n<tr>\n<td>Weight<\/td>\n<td>10.2 kg<\/td>\n<\/tr>\n<tr>\n<td>Manufacturer<\/td>\n<td>Carmanah Technologies<\/td>\n<\/tr>\n<\/tbody>\n<\/table>\n","protected":false},"excerpt":{"rendered":"<h3>Sifari\u015f n\u00f6mr\u0259si<\/h3>\n<p>M91210<\/p>\n","protected":false},"featured_media":32258,"template":"","meta":[],"product_brand":[],"product_cat":[1336,1543,1601],"product_tag":[],"class_list":{"0":"post-32269","1":"product","2":"type-product","3":"status-publish","4":"has-post-thumbnail","6":"product_cat-brpa-olunan-enerji-kulk-v-guns-enerjisi-olcusu-az","7":"product_cat-data-logger-aksesuarlari","8":"product_cat-mane-isiqlari","10":"first","11":"instock","12":"shipping-taxable","13":"product-type-simple"},"_links":{"self":[{"href":"https:\/\/airsystems.ge\/shop\/az\/wp-json\/wp\/v2\/product\/32269","targetHints":{"allow":["GET"]}}],"collection":[{"href":"https:\/\/airsystems.ge\/shop\/az\/wp-json\/wp\/v2\/product"}],"about":[{"href":"https:\/\/airsystems.ge\/shop\/az\/wp-json\/wp\/v2\/types\/product"}],"wp:featuredmedia":[{"embeddable":true,"href":"https:\/\/airsystems.ge\/shop\/az\/wp-json\/wp\/v2\/media\/32258"}],"wp:attachment":[{"href":"https:\/\/airsystems.ge\/shop\/az\/wp-json\/wp\/v2\/media?parent=32269"}],"wp:term":[{"taxonomy":"product_brand","embeddable":true,"href":"https:\/\/airsystems.ge\/shop\/az\/wp-json\/wp\/v2\/product_brand?post=32269"},{"taxonomy":"product_cat","embeddable":true,"href":"https:\/\/airsystems.ge\/shop\/az\/wp-json\/wp\/v2\/product_cat?post=32269"},{"taxonomy":"product_tag","embeddable":true,"href":"https:\/\/airsystems.ge\/shop\/az\/wp-json\/wp\/v2\/product_tag?post=32269"}],"curies":[{"name":"wp","href":"https:\/\/api.w.org\/{rel}","templated":true}]}}