{"id":32062,"date":"2025-05-20T19:23:49","date_gmt":"2025-05-20T15:23:49","guid":{"rendered":"https:\/\/airsystems.ge\/shop\/product\/solar-power-supply-18-ah-for-50-w\/"},"modified":"2025-05-20T19:25:54","modified_gmt":"2025-05-20T15:25:54","slug":"solar-power-supply-18-ah-for-50-w","status":"publish","type":"product","link":"https:\/\/airsystems.ge\/shop\/az\/product\/solar-power-supply-18-ah-for-50-w\/","title":{"rendered":"50 Vt \u00fc\u00e7\u00fcn 18 Ah g\u00fcn\u0259\u015f enerjisi t\u0259chizat\u0131 G\u00fcn\u0259\u015f paneli"},"content":{"rendered":"","protected":false},"excerpt":{"rendered":"<h3>Sifari\u015f n\u00f6mr\u0259si<\/h3>\n<p>M55100M<\/p>\n","protected":false},"featured_media":32057,"template":"","meta":[],"product_brand":[],"product_cat":[1336,1543,1577],"product_tag":[],"class_list":{"0":"post-32062","1":"product","2":"type-product","3":"status-publish","4":"has-post-thumbnail","6":"product_cat-brpa-olunan-enerji-kulk-v-guns-enerjisi-olcusu-az","7":"product_cat-data-logger-aksesuarlari","8":"product_cat-guns-enerjisi-tchizati","10":"first","11":"instock","12":"shipping-taxable","13":"product-type-simple"},"_links":{"self":[{"href":"https:\/\/airsystems.ge\/shop\/az\/wp-json\/wp\/v2\/product\/32062","targetHints":{"allow":["GET"]}}],"collection":[{"href":"https:\/\/airsystems.ge\/shop\/az\/wp-json\/wp\/v2\/product"}],"about":[{"href":"https:\/\/airsystems.ge\/shop\/az\/wp-json\/wp\/v2\/types\/product"}],"wp:featuredmedia":[{"embeddable":true,"href":"https:\/\/airsystems.ge\/shop\/az\/wp-json\/wp\/v2\/media\/32057"}],"wp:attachment":[{"href":"https:\/\/airsystems.ge\/shop\/az\/wp-json\/wp\/v2\/media?parent=32062"}],"wp:term":[{"taxonomy":"product_brand","embeddable":true,"href":"https:\/\/airsystems.ge\/shop\/az\/wp-json\/wp\/v2\/product_brand?post=32062"},{"taxonomy":"product_cat","embeddable":true,"href":"https:\/\/airsystems.ge\/shop\/az\/wp-json\/wp\/v2\/product_cat?post=32062"},{"taxonomy":"product_tag","embeddable":true,"href":"https:\/\/airsystems.ge\/shop\/az\/wp-json\/wp\/v2\/product_tag?post=32062"}],"curies":[{"name":"wp","href":"https:\/\/api.w.org\/{rel}","templated":true}]}}