{"id":32048,"date":"2025-05-20T19:13:14","date_gmt":"2025-05-20T15:13:14","guid":{"rendered":"https:\/\/airsystems.ge\/shop\/product\/solar-power-supply-18-ah-for-50-w-with-ovp\/"},"modified":"2025-05-20T19:21:44","modified_gmt":"2025-05-20T15:21:44","slug":"solar-power-supply-18-ah-for-50-w-with-ovp","status":"publish","type":"product","link":"https:\/\/airsystems.ge\/shop\/az\/product\/solar-power-supply-18-ah-for-50-w-with-ovp\/","title":{"rendered":"OVP il\u0259 50 Vt \u00fc\u00e7\u00fcn 18 Ah G\u00fcn\u0259\u015f Enerjisi T\u0259chizat\u0131 G\u00fcn\u0259\u015f paneli"},"content":{"rendered":"","protected":false},"excerpt":{"rendered":"<h3>Sifari\u015f n\u00f6mr\u0259si<\/h3>\n<p>M55120M<\/p>\n","protected":false},"featured_media":32043,"template":"","meta":[],"product_brand":[],"product_cat":[1336,1543,1577],"product_tag":[],"class_list":{"0":"post-32048","1":"product","2":"type-product","3":"status-publish","4":"has-post-thumbnail","6":"product_cat-brpa-olunan-enerji-kulk-v-guns-enerjisi-olcusu-az","7":"product_cat-data-logger-aksesuarlari","8":"product_cat-guns-enerjisi-tchizati","10":"first","11":"instock","12":"shipping-taxable","13":"product-type-simple"},"_links":{"self":[{"href":"https:\/\/airsystems.ge\/shop\/az\/wp-json\/wp\/v2\/product\/32048","targetHints":{"allow":["GET"]}}],"collection":[{"href":"https:\/\/airsystems.ge\/shop\/az\/wp-json\/wp\/v2\/product"}],"about":[{"href":"https:\/\/airsystems.ge\/shop\/az\/wp-json\/wp\/v2\/types\/product"}],"wp:featuredmedia":[{"embeddable":true,"href":"https:\/\/airsystems.ge\/shop\/az\/wp-json\/wp\/v2\/media\/32043"}],"wp:attachment":[{"href":"https:\/\/airsystems.ge\/shop\/az\/wp-json\/wp\/v2\/media?parent=32048"}],"wp:term":[{"taxonomy":"product_brand","embeddable":true,"href":"https:\/\/airsystems.ge\/shop\/az\/wp-json\/wp\/v2\/product_brand?post=32048"},{"taxonomy":"product_cat","embeddable":true,"href":"https:\/\/airsystems.ge\/shop\/az\/wp-json\/wp\/v2\/product_cat?post=32048"},{"taxonomy":"product_tag","embeddable":true,"href":"https:\/\/airsystems.ge\/shop\/az\/wp-json\/wp\/v2\/product_tag?post=32048"}],"curies":[{"name":"wp","href":"https:\/\/api.w.org\/{rel}","templated":true}]}}