{"id":32008,"date":"2025-05-20T18:55:22","date_gmt":"2025-05-20T14:55:22","guid":{"rendered":"https:\/\/airsystems.ge\/shop\/product\/solar-module-12-v-50-w\/"},"modified":"2025-05-20T18:58:27","modified_gmt":"2025-05-20T14:58:27","slug":"solar-module-12-v-50-w","status":"publish","type":"product","link":"https:\/\/airsystems.ge\/shop\/az\/product\/solar-module-12-v-50-w\/","title":{"rendered":"G\u00fcn\u0259\u015f Modulu 12 V 50 Vt"},"content":{"rendered":"<ul>\n<li>Ammonit m\u00fcst\u0259qil enerji t\u0259chizat\u0131 sisteml\u0259ri \u00fc\u00e7\u00fcn monokristal g\u00fcn\u0259\u015f modulu<br \/>\nS\u0259naye v\u0259 pe\u015f\u0259kar t\u0259tbiql\u0259r \u00fc\u00e7\u00fcn n\u0259z\u0259rd\u0259 tutulmu\u015fdur<br \/>\nQo\u015fa divar \u00e7\u0259r\u00e7iv\u0259si il\u0259 c\u0131z\u0131lmaya davaml\u0131 anodla\u015fd\u0131r\u0131lm\u0131\u015f al\u00fcminium<\/li>\n<\/ul>\n","protected":false},"excerpt":{"rendered":"<h3>Sifari\u015f n\u00f6mr\u0259si<\/h3>\n<p>M51052<\/p>\n","protected":false},"featured_media":32003,"template":"","meta":[],"product_brand":[],"product_cat":[1336,1543,1577],"product_tag":[],"class_list":{"0":"post-32008","1":"product","2":"type-product","3":"status-publish","4":"has-post-thumbnail","6":"product_cat-brpa-olunan-enerji-kulk-v-guns-enerjisi-olcusu-az","7":"product_cat-data-logger-aksesuarlari","8":"product_cat-guns-enerjisi-tchizati","10":"first","11":"instock","12":"shipping-taxable","13":"product-type-simple"},"_links":{"self":[{"href":"https:\/\/airsystems.ge\/shop\/az\/wp-json\/wp\/v2\/product\/32008","targetHints":{"allow":["GET"]}}],"collection":[{"href":"https:\/\/airsystems.ge\/shop\/az\/wp-json\/wp\/v2\/product"}],"about":[{"href":"https:\/\/airsystems.ge\/shop\/az\/wp-json\/wp\/v2\/types\/product"}],"wp:featuredmedia":[{"embeddable":true,"href":"https:\/\/airsystems.ge\/shop\/az\/wp-json\/wp\/v2\/media\/32003"}],"wp:attachment":[{"href":"https:\/\/airsystems.ge\/shop\/az\/wp-json\/wp\/v2\/media?parent=32008"}],"wp:term":[{"taxonomy":"product_brand","embeddable":true,"href":"https:\/\/airsystems.ge\/shop\/az\/wp-json\/wp\/v2\/product_brand?post=32008"},{"taxonomy":"product_cat","embeddable":true,"href":"https:\/\/airsystems.ge\/shop\/az\/wp-json\/wp\/v2\/product_cat?post=32008"},{"taxonomy":"product_tag","embeddable":true,"href":"https:\/\/airsystems.ge\/shop\/az\/wp-json\/wp\/v2\/product_tag?post=32008"}],"curies":[{"name":"wp","href":"https:\/\/api.w.org\/{rel}","templated":true}]}}