{"id":31963,"date":"2025-05-20T18:30:47","date_gmt":"2025-05-20T14:30:47","guid":{"rendered":"https:\/\/airsystems.ge\/shop\/product\/steel-cabinet-c6-for-meteo-40-plus\/"},"modified":"2025-05-20T18:33:43","modified_gmt":"2025-05-20T14:33:43","slug":"steel-cabinet-c6-for-meteo-40-plus","status":"publish","type":"product","link":"https:\/\/airsystems.ge\/shop\/az\/product\/steel-cabinet-c6-for-meteo-40-plus\/","title":{"rendered":"Meteo-40 plus \u00fc\u00e7\u00fcn polad \u015fkaf C6"},"content":{"rendered":"<h3>\u018ftrafl\u0131 Sifari\u015f No.<\/h3>\n<p>M16100 METEO-40S \u00fc\u00e7\u00fcn terminallarla polad \u015fkaf C6<br \/>\nM16200 METEO-40S \u00fc\u00e7\u00fcn polad \u015fkaf C6 OVP \u00fc\u00e7\u00fcn haz\u0131rlanm\u0131\u015fd\u0131r<br \/>\nM26150 METEO-40M \u00fc\u00e7\u00fcn &#8220;TMR&#8221; terminallar\u0131 olan polad \u015fkaf C6<br \/>\nM26100 METEO-40M \u00fc\u00e7\u00fcn &#8220;POT&#8221; terminallar\u0131 olan polad \u015fkaf C6<br \/>\nM26200 Polad \u015fkaf C6 METEO\u201040M \u00fc\u00e7\u00fcn OVP \u00fc\u00e7\u00fcn haz\u0131rlanm\u0131\u015fd\u0131r<br \/>\nM36150 METEO-40L \u00fc\u00e7\u00fcn &#8220;TMR&#8221; terminallar\u0131 olan polad \u015fkaf C6<br \/>\nM36100 METEO-40L \u00fc\u00e7\u00fcn &#8220;POT&#8221; terminallar\u0131 olan polad \u015fkaf C6<br \/>\nM36200 Polad \u015fkaf C6 METEO\u201040L \u00fc\u00e7\u00fcn OVP \u00fc\u00e7\u00fcn haz\u0131rlanm\u0131\u015fd\u0131r<\/p>\n<p>Meteo-40 plus dataloggerl\u0259r \u00fc\u00e7\u00fcn m\u00f6hk\u0259m polad \u015fkaflar<br \/>\nCE sertifikatl\u0131 m\u00f6hk\u0259m v\u0259 hava \u015f\u0259raitin\u0259 davaml\u0131 polad korpus<br \/>\nQura\u015fd\u0131rmaq v\u0259 saxlamaq asand\u0131r<br \/>\nHava v\u0259 kondensasiya z\u0259r\u0259rind\u0259n, vandalizmd\u0259n, o\u011furluqdan qorunma<br \/>\n\u018flav\u0259 komponentl\u0259rin yerl\u0259\u015fdirilm\u0259si<\/p>\n<table border=\"1\" width=\"538\" cellspacing=\"1\" cellpadding=\"1\">\n<thead>\n<tr>\n<th scope=\"col\"><span style=\"font-weight: 400;\">Characteristic<\/span><\/th>\n<th scope=\"col\"><span style=\"font-weight: 400;\">\u00a0<\/span><\/th>\n<\/tr>\n<\/thead>\n<tbody>\n<tr>\n<td>Application<\/td>\n<td>Standard projects with Meteo-40 data loggers<\/td>\n<\/tr>\n<tr>\n<td>Dimensions [mm]<\/td>\n<td>650 x 500 x 250<\/td>\n<\/tr>\n<tr>\n<td>Weight [kg]<\/td>\n<td>approx. 22<\/td>\n<\/tr>\n<tr>\n<td>Number of drillings for cable glands<\/td>\n<td>33 x M16<br \/>\n2 x M20<br \/>\n2 x M25<br \/>\n2 x M30<\/td>\n<\/tr>\n<tr>\n<td>Attachment points<\/td>\n<td>4 x \u00d8 10.3 mm<\/td>\n<\/tr>\n<tr>\n<td>Standard equipment<\/td>\n<td>Mounting plate<br \/>\n2x pressure compensation (M40)<br \/>\nDrainage device (M50)<br \/>\nPadlock<\/td>\n<\/tr>\n<tr>\n<td>Material<\/td>\n<td>Powder coated steel sheet<\/td>\n<\/tr>\n<tr>\n<td>Protection class<\/td>\n<td>IP 65<\/td>\n<\/tr>\n<tr>\n<td>Door hinges<\/td>\n<td>Right, polyurethan-sealant<\/td>\n<\/tr>\n<\/tbody>\n<\/table>\n","protected":false},"excerpt":{"rendered":"<h3>Sifari\u015f n\u00f6mr\u0259si<\/h3>\n<p>M16100 \/ M16200 \/ M26150 \/ M26100 \/ M26200 \/ M36150 \/ M36100 \/ M36200<\/p>\n","protected":false},"featured_media":31957,"template":"","meta":[],"product_brand":[],"product_cat":[1336,1543,1555],"product_tag":[],"class_list":{"0":"post-31963","1":"product","2":"type-product","3":"status-publish","4":"has-post-thumbnail","6":"product_cat-brpa-olunan-enerji-kulk-v-guns-enerjisi-olcusu-az","7":"product_cat-data-logger-aksesuarlari","8":"product_cat-polad-kabinet","10":"first","11":"instock","12":"shipping-taxable","13":"product-type-simple"},"_links":{"self":[{"href":"https:\/\/airsystems.ge\/shop\/az\/wp-json\/wp\/v2\/product\/31963","targetHints":{"allow":["GET"]}}],"collection":[{"href":"https:\/\/airsystems.ge\/shop\/az\/wp-json\/wp\/v2\/product"}],"about":[{"href":"https:\/\/airsystems.ge\/shop\/az\/wp-json\/wp\/v2\/types\/product"}],"wp:featuredmedia":[{"embeddable":true,"href":"https:\/\/airsystems.ge\/shop\/az\/wp-json\/wp\/v2\/media\/31957"}],"wp:attachment":[{"href":"https:\/\/airsystems.ge\/shop\/az\/wp-json\/wp\/v2\/media?parent=31963"}],"wp:term":[{"taxonomy":"product_brand","embeddable":true,"href":"https:\/\/airsystems.ge\/shop\/az\/wp-json\/wp\/v2\/product_brand?post=31963"},{"taxonomy":"product_cat","embeddable":true,"href":"https:\/\/airsystems.ge\/shop\/az\/wp-json\/wp\/v2\/product_cat?post=31963"},{"taxonomy":"product_tag","embeddable":true,"href":"https:\/\/airsystems.ge\/shop\/az\/wp-json\/wp\/v2\/product_tag?post=31963"}],"curies":[{"name":"wp","href":"https:\/\/api.w.org\/{rel}","templated":true}]}}