{"id":31904,"date":"2025-04-23T22:30:56","date_gmt":"2025-04-23T18:30:56","guid":{"rendered":"https:\/\/airsystems.ge\/shop\/product\/electrical-design\/"},"modified":"2025-05-20T12:44:32","modified_gmt":"2025-05-20T08:44:32","slug":"electrical-design","status":"publish","type":"product","link":"https:\/\/airsystems.ge\/shop\/az\/product\/electrical-design\/","title":{"rendered":"Elektrik Dizayn\u0131"},"content":{"rendered":"","protected":false},"excerpt":{"rendered":"<p>Elektrik dizayn\u0131 i\u015f\u0131qland\u0131rma avadanl\u0131\u011f\u0131, enerji sisteml\u0259ri, enerji paylanmas\u0131, yan\u011f\u0131n v\u0259 h\u0259yat t\u0259hl\u00fck\u0259sizliyi sisteml\u0259ri, elektron komponentl\u0259r, s\u0259s v\u0259 m\u0259lumat rabit\u0259si infrastrukturu daxil olmaqla elektrik avadanl\u0131qlar\u0131n\u0131n planla\u015fd\u0131r\u0131lmas\u0131, yarad\u0131lmas\u0131, s\u0131naqdan ke\u00e7irilm\u0259si v\u0259 ya i\u015fl\u0259nib haz\u0131rlanmas\u0131 v\u0259 qura\u015fd\u0131r\u0131lmas\u0131na n\u0259zar\u0259ti n\u0259z\u0259rd\u0259 tutur.<\/p>\n","protected":false},"featured_media":31912,"template":"","meta":[],"product_brand":[],"product_cat":[1560,1320],"product_tag":[],"class_list":{"0":"post-31904","1":"product","2":"type-product","3":"status-publish","4":"has-post-thumbnail","6":"product_cat-elektrik-dizayni","7":"product_cat-mep-dizayn-planlamasi","9":"first","10":"instock","11":"shipping-taxable","12":"product-type-simple"},"_links":{"self":[{"href":"https:\/\/airsystems.ge\/shop\/az\/wp-json\/wp\/v2\/product\/31904","targetHints":{"allow":["GET"]}}],"collection":[{"href":"https:\/\/airsystems.ge\/shop\/az\/wp-json\/wp\/v2\/product"}],"about":[{"href":"https:\/\/airsystems.ge\/shop\/az\/wp-json\/wp\/v2\/types\/product"}],"wp:featuredmedia":[{"embeddable":true,"href":"https:\/\/airsystems.ge\/shop\/az\/wp-json\/wp\/v2\/media\/31912"}],"wp:attachment":[{"href":"https:\/\/airsystems.ge\/shop\/az\/wp-json\/wp\/v2\/media?parent=31904"}],"wp:term":[{"taxonomy":"product_brand","embeddable":true,"href":"https:\/\/airsystems.ge\/shop\/az\/wp-json\/wp\/v2\/product_brand?post=31904"},{"taxonomy":"product_cat","embeddable":true,"href":"https:\/\/airsystems.ge\/shop\/az\/wp-json\/wp\/v2\/product_cat?post=31904"},{"taxonomy":"product_tag","embeddable":true,"href":"https:\/\/airsystems.ge\/shop\/az\/wp-json\/wp\/v2\/product_tag?post=31904"}],"curies":[{"name":"wp","href":"https:\/\/api.w.org\/{rel}","templated":true}]}}