{"id":31896,"date":"2025-04-22T21:21:10","date_gmt":"2025-04-22T17:21:10","guid":{"rendered":"https:\/\/airsystems.ge\/shop\/product\/mep-design\/"},"modified":"2025-05-20T12:15:17","modified_gmt":"2025-05-20T08:15:17","slug":"mep-design","status":"publish","type":"product","link":"https:\/\/airsystems.ge\/shop\/az\/product\/mep-design\/","title":{"rendered":"Mexanik Dizayn &#8211; \u0130stilik, Havaland\u0131rma v\u0259 Kondisioner HVAC"},"content":{"rendered":"","protected":false},"excerpt":{"rendered":"<p><strong>\u0130stilik, havaland\u0131rma v\u0259 kondisioner\u00a0(HVAC)<\/strong> qapal\u0131 m\u0259kanda havan\u0131n temperaturu, r\u00fctub\u0259ti v\u0259 t\u0259mizliyin\u0259 n\u0259zar\u0259t etm\u0259k \u00fc\u00e7\u00fcn m\u00fcxt\u0259lif texnologiyalar\u0131n istifad\u0259sidir. Onun m\u0259qs\u0259di\u00a0termal rahatl\u0131q\u00a0v\u0259 m\u0259qbul\u00a0daxili hava keyfiyy\u0259tini t\u0259min etm\u0259kdir. HVAC sisteminin dizayn\u0131 termodinamika, maye mexanikas\u0131 v\u0259 istilik \u00f6t\u00fcr\u00fclm\u0259si prinsipl\u0259rin\u0259 \u0259saslanan ma\u015f\u0131nqay\u0131rman\u0131n alt sah\u0259sidir.<\/p>\n","protected":false},"featured_media":30429,"template":"","meta":[],"product_brand":[],"product_cat":[1320,1565],"product_tag":[],"class_list":{"0":"post-31896","1":"product","2":"type-product","3":"status-publish","4":"has-post-thumbnail","6":"product_cat-mep-dizayn-planlamasi","7":"product_cat-mexanik-dizayn-istilik-havalandirma-v-kondisioner-hvac","9":"first","10":"instock","11":"shipping-taxable","12":"product-type-simple"},"_links":{"self":[{"href":"https:\/\/airsystems.ge\/shop\/az\/wp-json\/wp\/v2\/product\/31896","targetHints":{"allow":["GET"]}}],"collection":[{"href":"https:\/\/airsystems.ge\/shop\/az\/wp-json\/wp\/v2\/product"}],"about":[{"href":"https:\/\/airsystems.ge\/shop\/az\/wp-json\/wp\/v2\/types\/product"}],"wp:featuredmedia":[{"embeddable":true,"href":"https:\/\/airsystems.ge\/shop\/az\/wp-json\/wp\/v2\/media\/30429"}],"wp:attachment":[{"href":"https:\/\/airsystems.ge\/shop\/az\/wp-json\/wp\/v2\/media?parent=31896"}],"wp:term":[{"taxonomy":"product_brand","embeddable":true,"href":"https:\/\/airsystems.ge\/shop\/az\/wp-json\/wp\/v2\/product_brand?post=31896"},{"taxonomy":"product_cat","embeddable":true,"href":"https:\/\/airsystems.ge\/shop\/az\/wp-json\/wp\/v2\/product_cat?post=31896"},{"taxonomy":"product_tag","embeddable":true,"href":"https:\/\/airsystems.ge\/shop\/az\/wp-json\/wp\/v2\/product_tag?post=31896"}],"curies":[{"name":"wp","href":"https:\/\/api.w.org\/{rel}","templated":true}]}}