{"id":31872,"date":"2025-05-17T23:34:09","date_gmt":"2025-05-17T19:34:09","guid":{"rendered":"https:\/\/airsystems.ge\/shop\/product\/gfr-plastic-cabinet\/"},"modified":"2025-05-17T23:39:05","modified_gmt":"2025-05-17T19:39:05","slug":"gfr-plastic-cabinet","status":"publish","type":"product","link":"https:\/\/airsystems.ge\/shop\/az\/product\/gfr-plastic-cabinet\/","title":{"rendered":"GFR Plastik \u015ekaf"},"content":{"rendered":"<p>M27804 GFR Plastik \u015ekaf TMR<br \/>\nM27806 GFR Plastik \u015ekaf OVP<\/p>\n<p>Meteo-40 dataloggerl\u0259ri \u00fc\u00e7\u00fcn m\u00f6hk\u0259m GFR \u015fkaflar\u0131<br \/>\nCE sertifikatl\u0131 m\u00f6hk\u0259m v\u0259 hava \u015f\u0259raitin\u0259 davaml\u0131 \u015f\u00fc\u015f\u0259 lifl\u0259 g\u00fccl\u0259ndirilmi\u015f plastik korpus<br \/>\nQura\u015fd\u0131rmaq v\u0259 saxlamaq asand\u0131r<br \/>\nHava v\u0259 kondensasiya z\u0259r\u0259rind\u0259n, vandalizmd\u0259n, o\u011furluqdan qorunma<br \/>\n\u018flav\u0259 komponentl\u0259rin yerl\u0259\u015fdirilm\u0259si<\/p>\n","protected":false},"excerpt":{"rendered":"<h3>Sifari\u015f n\u00f6mr\u0259si<\/h3>\n<p>M27804 \/ M27806<\/p>\n","protected":false},"featured_media":31867,"template":"","meta":[],"product_brand":[],"product_cat":[1555],"product_tag":[],"class_list":{"0":"post-31872","1":"product","2":"type-product","3":"status-publish","4":"has-post-thumbnail","6":"product_cat-polad-kabinet","8":"first","9":"instock","10":"shipping-taxable","11":"product-type-simple"},"_links":{"self":[{"href":"https:\/\/airsystems.ge\/shop\/az\/wp-json\/wp\/v2\/product\/31872","targetHints":{"allow":["GET"]}}],"collection":[{"href":"https:\/\/airsystems.ge\/shop\/az\/wp-json\/wp\/v2\/product"}],"about":[{"href":"https:\/\/airsystems.ge\/shop\/az\/wp-json\/wp\/v2\/types\/product"}],"wp:featuredmedia":[{"embeddable":true,"href":"https:\/\/airsystems.ge\/shop\/az\/wp-json\/wp\/v2\/media\/31867"}],"wp:attachment":[{"href":"https:\/\/airsystems.ge\/shop\/az\/wp-json\/wp\/v2\/media?parent=31872"}],"wp:term":[{"taxonomy":"product_brand","embeddable":true,"href":"https:\/\/airsystems.ge\/shop\/az\/wp-json\/wp\/v2\/product_brand?post=31872"},{"taxonomy":"product_cat","embeddable":true,"href":"https:\/\/airsystems.ge\/shop\/az\/wp-json\/wp\/v2\/product_cat?post=31872"},{"taxonomy":"product_tag","embeddable":true,"href":"https:\/\/airsystems.ge\/shop\/az\/wp-json\/wp\/v2\/product_tag?post=31872"}],"curies":[{"name":"wp","href":"https:\/\/api.w.org\/{rel}","templated":true}]}}