{"id":31858,"date":"2025-05-17T23:28:32","date_gmt":"2025-05-17T19:28:32","guid":{"rendered":"https:\/\/airsystems.ge\/shop\/product\/module-for-10-ports-rs-485-2-wire-5v-output\/"},"modified":"2025-05-17T23:30:46","modified_gmt":"2025-05-17T19:30:46","slug":"module-for-10-ports-rs-485-2-wire-5v-output","status":"publish","type":"product","link":"https:\/\/airsystems.ge\/shop\/az\/product\/module-for-10-ports-rs-485-2-wire-5v-output\/","title":{"rendered":"10 Port, RS-485-2-telli, 5V \u00c7\u0131x\u0131\u015f \u00fc\u00e7\u00fcn modul"},"content":{"rendered":"<p>Ammonit-in M83575-i Meteo-40 m\u0259lumat kaydedicisi v\u0259 m\u00fcxt\u0259lif sensorlar aras\u0131nda iki tel RS485 ba\u011flant\u0131s\u0131 \u00fcz\u0259rind\u0259 sabit m\u0259lumat \u00f6t\u00fcr\u00fclm\u0259si yaratmaq \u00fc\u00e7\u00fcn n\u0259z\u0259rd\u0259 tutulmu\u015f iki moduldan ibar\u0259tdir:<\/p>\n<p>M83570 RS485 \u00fc\u00e7\u00fcn \u0259yilm\u0259 modulu (yar\u0131m dupleks, m\u0259qs\u0259d: RS485 spesifikasiyas\u0131na uy\u011fun olaraq m\u0259lumat x\u0259tl\u0259rind\u0259 \u0259yilm\u0259 g\u0259rginliyini t\u0259yin edin)<br \/>\nRS485 \u00fc\u00e7\u00fcn M84100 \u0130zolyasiya t\u0259krarlay\u0131c\u0131s\u0131 I-7510 (yar\u0131m dupleks, m\u0259qs\u0259d: h\u0259ddind\u0259n art\u0131q g\u0259rginlikd\u0259n qorunma, sensor v\u0259 m\u0259lumatlar\u0131n qeydi aras\u0131nda qalvanik izolyasiya)<\/p>\n<table border=\"1\" width=\"562\" cellspacing=\"1\" cellpadding=\"1\">\n<thead>\n<tr>\n<th colspan=\"5\" scope=\"col\">Electrical characteristics (Default settings)<\/th>\n<\/tr>\n<\/thead>\n<tbody>\n<tr>\n<td>Parameter<\/td>\n<td>Pin \/ Ports<\/td>\n<td>Min<\/td>\n<td>Typical<\/td>\n<td>Max<\/td>\n<\/tr>\n<tr>\n<td>Supply voltage (DC)<br \/>\nQuiescent current<\/td>\n<td>14<\/td>\n<td>9 V<br \/>\n6 mA<\/td>\n<td><\/td>\n<td>32 V<\/td>\n<\/tr>\n<tr>\n<td>Output (5 V DC) (\u03d1 = 25\u00b0C)<\/td>\n<td>15<\/td>\n<td>5 V<br \/>\n110 mA<\/td>\n<td><\/td>\n<td>5.3 V<br \/>\n130 mA<\/td>\n<\/tr>\n<tr>\n<td>Low current limit to ground<br \/>\nPull-up resistor<\/td>\n<td>8, 12, 16<\/td>\n<td>0.97 mA<\/td>\n<td>1 mA<br \/>\n5.1 k\u03a9<\/td>\n<td>1.05 mA<\/td>\n<\/tr>\n<tr>\n<td>High current limit to ground<\/td>\n<td>9, 10, 11<\/td>\n<td>10.5 mA<\/td>\n<td>10 mA<\/td>\n<td>11.4 mA<\/td>\n<\/tr>\n<tr>\n<td>Pull-down resistor<\/td>\n<td>1, 5<\/td>\n<td>9900 \u03a9<\/td>\n<td>10 k\u03a9<\/td>\n<td>10100 \u03a9<\/td>\n<\/tr>\n<tr>\n<td>Configurable ports (open)<\/td>\n<td>5, 6<\/td>\n<td><\/td>\n<td><\/td>\n<td><\/td>\n<\/tr>\n<tr>\n<td>RS485: TxD+\/RxD+, B+<br \/>\nRS485: TxD-\/RxD-,\u00a0 A-<\/td>\n<td>3<br \/>\n4<\/td>\n<td><\/td>\n<td><\/td>\n<td><\/td>\n<\/tr>\n<tr>\n<td>RS485 Bus termination<\/td>\n<td>3, 4 (Jumper 120 \u03a9)<\/td>\n<td><\/td>\n<td>120 \u03a9<\/td>\n<td><\/td>\n<\/tr>\n<tr>\n<td>RS485 Biasing<\/td>\n<td>Jumper V+, Jumper V-<\/td>\n<td><\/td>\n<td>680 \u03a9<\/td>\n<td><\/td>\n<\/tr>\n<tr>\n<td>Ground<\/td>\n<td>2, 13<\/td>\n<td><\/td>\n<td><\/td>\n<td><\/td>\n<\/tr>\n<tr>\n<td>Operating temperature<\/td>\n<td><\/td>\n<td>-40\u00b0C<\/td>\n<td><\/td>\n<td>+75\u00b0C<\/td>\n<\/tr>\n<tr>\n<td colspan=\"5\">Fuse T0.8A (time lag, slow-blow): 5 x 20 mm<\/td>\n<\/tr>\n<\/tbody>\n<\/table>\n<p>Housing dimension (width x height x depth): 22.5 x 110 x 115 mm<br \/>\nMounting on DIN-rail (35 x 7.5 mm)<br \/>\nTerminal: wire cross section from 0.25 to 1.5 mm\u00b2<\/p>\n","protected":false},"excerpt":{"rendered":"<h3>Sifari\u015f n\u00f6mr\u0259si<\/h3>\n<p>M83570<\/p>\n","protected":false},"featured_media":31853,"template":"","meta":[],"product_brand":[],"product_cat":[1336,1543,1547],"product_tag":[],"class_list":{"0":"post-31858","1":"product","2":"type-product","3":"status-publish","4":"has-post-thumbnail","6":"product_cat-brpa-olunan-enerji-kulk-v-guns-enerjisi-olcusu-az","7":"product_cat-data-logger-aksesuarlari","8":"product_cat-modules-az-data-logger-aksesuarlari","10":"first","11":"instock","12":"shipping-taxable","13":"product-type-simple"},"_links":{"self":[{"href":"https:\/\/airsystems.ge\/shop\/az\/wp-json\/wp\/v2\/product\/31858","targetHints":{"allow":["GET"]}}],"collection":[{"href":"https:\/\/airsystems.ge\/shop\/az\/wp-json\/wp\/v2\/product"}],"about":[{"href":"https:\/\/airsystems.ge\/shop\/az\/wp-json\/wp\/v2\/types\/product"}],"wp:featuredmedia":[{"embeddable":true,"href":"https:\/\/airsystems.ge\/shop\/az\/wp-json\/wp\/v2\/media\/31853"}],"wp:attachment":[{"href":"https:\/\/airsystems.ge\/shop\/az\/wp-json\/wp\/v2\/media?parent=31858"}],"wp:term":[{"taxonomy":"product_brand","embeddable":true,"href":"https:\/\/airsystems.ge\/shop\/az\/wp-json\/wp\/v2\/product_brand?post=31858"},{"taxonomy":"product_cat","embeddable":true,"href":"https:\/\/airsystems.ge\/shop\/az\/wp-json\/wp\/v2\/product_cat?post=31858"},{"taxonomy":"product_tag","embeddable":true,"href":"https:\/\/airsystems.ge\/shop\/az\/wp-json\/wp\/v2\/product_tag?post=31858"}],"curies":[{"name":"wp","href":"https:\/\/api.w.org\/{rel}","templated":true}]}}