{"id":31844,"date":"2025-05-17T23:24:10","date_gmt":"2025-05-17T19:24:10","guid":{"rendered":"https:\/\/airsystems.ge\/shop\/product\/module-for-10-ports-rs-485-2-wire-5v-output-isolated-repeater\/"},"modified":"2025-05-17T23:26:17","modified_gmt":"2025-05-17T19:26:17","slug":"module-for-10-ports-rs-485-2-wire-5v-output-isolated-repeater","status":"publish","type":"product","link":"https:\/\/airsystems.ge\/shop\/az\/product\/module-for-10-ports-rs-485-2-wire-5v-output-isolated-repeater\/","title":{"rendered":"10 Port \u00fc\u00e7\u00fcn modul, RS-485-2-telli, 5V \u00c7\u0131x\u0131\u015f + \u0130zolyasiya edilmi\u015f T\u0259krarlay\u0131c\u0131"},"content":{"rendered":"<ul>\n<li>Ammonit-in M83575-i Meteo-40 m\u0259lumat kaydedicisi v\u0259 m\u00fcxt\u0259lif sensorlar aras\u0131nda iki tel RS485 ba\u011flant\u0131s\u0131 \u00fcz\u0259rind\u0259 sabit m\u0259lumat \u00f6t\u00fcr\u00fclm\u0259si yaratmaq \u00fc\u00e7\u00fcn n\u0259z\u0259rd\u0259 tutulmu\u015f iki moduldan ibar\u0259tdir:\n<p>M83570 RS485 \u00fc\u00e7\u00fcn \u0259yilm\u0259 modulu (yar\u0131m dupleks, m\u0259qs\u0259d: RS485 spesifikasiyas\u0131na uy\u011fun olaraq m\u0259lumat x\u0259tl\u0259rind\u0259 \u0259yilm\u0259 g\u0259rginliyini t\u0259yin edin)<br \/>\nRS485 \u00fc\u00e7\u00fcn M84100 \u0130zolyasiya t\u0259krarlay\u0131c\u0131s\u0131 I-7510 (yar\u0131m dupleks, m\u0259qs\u0259d: h\u0259ddind\u0259n art\u0131q g\u0259rginlikd\u0259n qorunma, sensor v\u0259 m\u0259lumatlar\u0131n qeydi aras\u0131nda qalvanik izolyasiya)<\/li>\n<\/ul>\n","protected":false},"excerpt":{"rendered":"<h3>Sifari\u015f n\u00f6mr\u0259si<\/h3>\n<p>M83575<\/p>\n","protected":false},"featured_media":31836,"template":"","meta":[],"product_brand":[],"product_cat":[1336,1543,1547],"product_tag":[],"class_list":{"0":"post-31844","1":"product","2":"type-product","3":"status-publish","4":"has-post-thumbnail","6":"product_cat-brpa-olunan-enerji-kulk-v-guns-enerjisi-olcusu-az","7":"product_cat-data-logger-aksesuarlari","8":"product_cat-modules-az-data-logger-aksesuarlari","10":"first","11":"instock","12":"shipping-taxable","13":"product-type-simple"},"_links":{"self":[{"href":"https:\/\/airsystems.ge\/shop\/az\/wp-json\/wp\/v2\/product\/31844","targetHints":{"allow":["GET"]}}],"collection":[{"href":"https:\/\/airsystems.ge\/shop\/az\/wp-json\/wp\/v2\/product"}],"about":[{"href":"https:\/\/airsystems.ge\/shop\/az\/wp-json\/wp\/v2\/types\/product"}],"wp:featuredmedia":[{"embeddable":true,"href":"https:\/\/airsystems.ge\/shop\/az\/wp-json\/wp\/v2\/media\/31836"}],"wp:attachment":[{"href":"https:\/\/airsystems.ge\/shop\/az\/wp-json\/wp\/v2\/media?parent=31844"}],"wp:term":[{"taxonomy":"product_brand","embeddable":true,"href":"https:\/\/airsystems.ge\/shop\/az\/wp-json\/wp\/v2\/product_brand?post=31844"},{"taxonomy":"product_cat","embeddable":true,"href":"https:\/\/airsystems.ge\/shop\/az\/wp-json\/wp\/v2\/product_cat?post=31844"},{"taxonomy":"product_tag","embeddable":true,"href":"https:\/\/airsystems.ge\/shop\/az\/wp-json\/wp\/v2\/product_tag?post=31844"}],"curies":[{"name":"wp","href":"https:\/\/api.w.org\/{rel}","templated":true}]}}