{"id":31801,"date":"2025-05-17T20:44:50","date_gmt":"2025-05-17T16:44:50","guid":{"rendered":"https:\/\/airsystems.ge\/shop\/product\/data-logger-meteo-42\/"},"modified":"2025-05-17T20:48:56","modified_gmt":"2025-05-17T16:48:56","slug":"data-logger-meteo-42","status":"publish","type":"product","link":"https:\/\/airsystems.ge\/shop\/az\/product\/data-logger-meteo-42\/","title":{"rendered":"M\u0259lumat qeyd cihaz\u0131 Meteo-42L"},"content":{"rendered":"<p>Meteo-42-ni Meteo-40 plus il\u0259 eyni kommunikasiya al\u0259tl\u0259ri v\u0259 proqram t\u0259minat\u0131ndan istifad\u0259 ed\u0259r\u0259k, ofisinizd\u0259n v\u0259 ya birba\u015fa saytda konfiqurasiya etm\u0259k asand\u0131r: AmmonitConnect v\u0259 AmmonitOR bulud. Bizim dataloggerl\u0259rimizi qura\u015fd\u0131rmaq asand\u0131r v\u0259 b\u00fct\u00fcn d\u00fcnyada etibarl\u0131 \u015f\u0259kild\u0259 i\u015fl\u0259yir.<br \/>\nMeteo-42 h\u0259min texniki yenilikl\u0259ri g\u0259tirir:<br \/>\n\u2022 \u00dc\u00e7 RS-485 portu<br \/>\n\u2022 Daha s\u00fcr\u0259tli prosessorlar<br \/>\n\u2022 Analoq k\u0259miyy\u0259tl\u0259rin daha d\u0259qiq \u00f6l\u00e7\u00fclm\u0259si \u00fc\u00e7\u00fcn daha yax\u015f\u0131 torpaqlama<br \/>\n\u2022 Daha \u00e7evik a\u00e7arlar.<\/p>\n<table border=\"1\" width=\"594\" cellspacing=\"1\" cellpadding=\"1\">\n<thead>\n<tr>\n<th colspan=\"3\" rowspan=\"1\" scope=\"col\">Meteo-42L<\/th>\n<th scope=\"col\">\u00a0Description\u00a0 \/ Device<\/th>\n<\/tr>\n<\/thead>\n<tbody>\n<tr>\n<td><\/td>\n<td>Order Number<\/td>\n<td>M31050<\/td>\n<td><\/td>\n<\/tr>\n<tr>\n<td colspan=\"1\" rowspan=\"4\">Input Channels<\/td>\n<td>Pulse Counters<\/td>\n<td>12<\/td>\n<td>Anemometers, precipitation sensors<\/td>\n<\/tr>\n<tr>\n<td>Digital Serial\u00a0 (Status)<\/td>\n<td>7<\/td>\n<td>Wind vanes serial, precipitation monitors, ext. activation<\/td>\n<\/tr>\n<tr>\n<td>Analog Voltage<\/td>\n<td>14<br \/>\n\u00b1 0.1 V,<br \/>\n\u00b1 1 V,<br \/>\n\u00b1 10 V,<br \/>\n16 bit<\/td>\n<td>Air pressure, temperature, humidity sensors, pot. wind vanes, pyranometers, pyrheliometers<\/td>\n<\/tr>\n<tr>\n<td>RS485 (Client)<\/td>\n<td>3<br \/>\nRS485<br \/>\nClient<br \/>\nInterfaces<\/td>\n<td>Ultrasonic anemometers and smart sensors<\/td>\n<\/tr>\n<tr>\n<td colspan=\"1\" rowspan=\"4\">Output Channels<\/td>\n<td>RS485 (S)<\/td>\n<td>(1) RS485 Server<\/td>\n<td>SCADA monitoring software<\/td>\n<\/tr>\n<tr>\n<td>\u00a05V | Switches<\/td>\n<td>9<\/td>\n<td>Sensor supply, relay for modem, heating supply<\/td>\n<\/tr>\n<tr>\n<td>Current Source<\/td>\n<td>1<\/td>\n<td>\u00a0Pt1000, Pt100<\/td>\n<\/tr>\n<tr>\n<td>Reference Voltage Source<\/td>\n<td>1<\/td>\n<td>5 Volt reference source<\/td>\n<\/tr>\n<tr>\n<td colspan=\"1\" rowspan=\"6\">Connectivity<\/td>\n<td>\u00a0USB<\/td>\n<td>(2) USB-A host (USB 2.0 High Speed)<br \/>\n(1) USB-B device (USB 2.0 High<br \/>\nSpeed)<\/td>\n<td>PC, modem, memory stick, WiFi, GPS, camera<\/td>\n<\/tr>\n<tr>\n<td>Ethernet<\/td>\n<td>\u00a0(1) Ethernet<\/td>\n<td>Router, satellite modem, LAN and SCADA output<\/td>\n<\/tr>\n<tr>\n<td>Data transfer<\/td>\n<td rowspan=\"1\">Email, FTP, SCP, SFTP, FTPS, data<br \/>\ncopy on USB flash drive, SCADA, API<\/td>\n<td rowspan=\"1\">From Meteo-42 data logger and from AmmonitOR Data Cloud<\/td>\n<\/tr>\n<tr>\n<td>Data cloud<\/td>\n<td>AmmonitOR Data Cloud<\/td>\n<td>https:\/\/or.ammonit.com<br \/>\nData Cloud for campaign monitoring<\/td>\n<\/tr>\n<tr>\n<td>Remote access<br \/>\nto Data Logger<\/td>\n<td>Ammonit Connect Remote Access<br \/>\nto Data logger<\/td>\n<td>https:\/\/&lt;serialnumber&gt;.connect.ammonit.com\/<br \/>\nRemote web UI access to data logger for configuration<\/td>\n<\/tr>\n<tr>\n<td>Live data<\/td>\n<td>XMPP messages<\/td>\n<td>Ammonit Live Data Suite with PubSub server, server side data<br \/>\ncollection, and web app for immediate transmission and display<br \/>\nof measurement data<\/td>\n<\/tr>\n<tr>\n<td colspan=\"1\" rowspan=\"2\">Storage Size<\/td>\n<td>Source Data<br \/>\n(1-sec data)<\/td>\n<td>\u00a02 GB<\/td>\n<td>enough for 6-12 months<\/td>\n<\/tr>\n<tr>\n<td>\u00a0CSV Data<br \/>\n(10-min data)<\/td>\n<td>\u00a00,5 GB<\/td>\n<td>enough for \u2264 15 years<\/td>\n<\/tr>\n<tr>\n<td colspan=\"2\" rowspan=\"1\">Display &amp; Keys<\/td>\n<td colspan=\"2\" rowspan=\"1\">(20 x 4) LC display with backlight, five keys<\/td>\n<\/tr>\n<tr>\n<td colspan=\"2\" rowspan=\"1\">Power Supply<\/td>\n<td colspan=\"2\" rowspan=\"1\">9 &#8230; 36 V DC<\/td>\n<\/tr>\n<tr>\n<td colspan=\"2\" rowspan=\"1\">Operat. temperature<\/td>\n<td colspan=\"2\" rowspan=\"1\">\u00a0-40 &#8230; +65 \u00b0C<\/td>\n<\/tr>\n<tr>\n<td colspan=\"2\" rowspan=\"1\">Protection (Housing)<\/td>\n<td colspan=\"2\" rowspan=\"1\">IP65<\/td>\n<\/tr>\n<tr>\n<td colspan=\"2\" rowspan=\"1\">Housing Dimensions<\/td>\n<td colspan=\"2\" rowspan=\"1\">260 x 194 x 67 mm<\/td>\n<\/tr>\n<tr>\n<td colspan=\"2\" rowspan=\"1\">Weight<\/td>\n<td colspan=\"2\" rowspan=\"1\">1110 g<\/td>\n<\/tr>\n<tr>\n<td colspan=\"2\" rowspan=\"1\">Accessories<\/td>\n<td colspan=\"2\" rowspan=\"1\">External modules, plug connector, mounting kit, steel cabinet<\/td>\n<\/tr>\n<\/tbody>\n<\/table>\n<p>&nbsp;<\/p>\n","protected":false},"excerpt":{"rendered":"<h3>Sifari\u015f n\u00f6mr\u0259si<\/h3>\n<p>M31050<\/p>\n","protected":false},"featured_media":31796,"template":"","meta":[],"product_brand":[],"product_cat":[1336,1537,1525],"product_tag":[],"class_list":{"0":"post-31801","1":"product","2":"type-product","3":"status-publish","4":"has-post-thumbnail","6":"product_cat-brpa-olunan-enerji-kulk-v-guns-enerjisi-olcusu-az","7":"product_cat-mlumat-qeyd-edn-meteo-42","8":"product_cat-mlumat-qeydcis","10":"first","11":"instock","12":"shipping-taxable","13":"product-type-simple"},"_links":{"self":[{"href":"https:\/\/airsystems.ge\/shop\/az\/wp-json\/wp\/v2\/product\/31801","targetHints":{"allow":["GET"]}}],"collection":[{"href":"https:\/\/airsystems.ge\/shop\/az\/wp-json\/wp\/v2\/product"}],"about":[{"href":"https:\/\/airsystems.ge\/shop\/az\/wp-json\/wp\/v2\/types\/product"}],"wp:featuredmedia":[{"embeddable":true,"href":"https:\/\/airsystems.ge\/shop\/az\/wp-json\/wp\/v2\/media\/31796"}],"wp:attachment":[{"href":"https:\/\/airsystems.ge\/shop\/az\/wp-json\/wp\/v2\/media?parent=31801"}],"wp:term":[{"taxonomy":"product_brand","embeddable":true,"href":"https:\/\/airsystems.ge\/shop\/az\/wp-json\/wp\/v2\/product_brand?post=31801"},{"taxonomy":"product_cat","embeddable":true,"href":"https:\/\/airsystems.ge\/shop\/az\/wp-json\/wp\/v2\/product_cat?post=31801"},{"taxonomy":"product_tag","embeddable":true,"href":"https:\/\/airsystems.ge\/shop\/az\/wp-json\/wp\/v2\/product_tag?post=31801"}],"curies":[{"name":"wp","href":"https:\/\/api.w.org\/{rel}","templated":true}]}}