{"id":31774,"date":"2025-05-17T18:18:16","date_gmt":"2025-05-17T14:18:16","guid":{"rendered":"https:\/\/airsystems.ge\/shop\/product\/data-logger-meteo-40s-plus\/"},"modified":"2025-05-17T18:23:34","modified_gmt":"2025-05-17T14:23:34","slug":"data-logger-meteo-40s-plus","status":"publish","type":"product","link":"https:\/\/airsystems.ge\/shop\/az\/product\/data-logger-meteo-40s-plus\/","title":{"rendered":"M\u0259lumat kaydedici Meteo-40S plus"},"content":{"rendered":"<p>T\u0259tbiql\u0259r:<br \/>\nK\u00fcl\u0259k Resurslar\u0131n\u0131n Qiym\u0259tl\u0259ndirilm\u0259si<\/p>\n<p>G\u00fcc Performans \u00d6l\u00e7m\u0259l\u0259ri<\/p>\n<p>K\u00fcl\u0259k Park\u0131n\u0131n Monitorinqi \/ SCADA<\/p>\n<p>Soyuq \u0130qlimd\u0259 K\u00fcl\u0259k \u00d6l\u00e7\u00fcs\u00fc<\/p>\n<p>G\u00fcn\u0259\u015f Resurslar\u0131n\u0131n Qiym\u0259tl\u0259ndirilm\u0259si<\/p>\n<p>\u00c7irkl\u0259nm\u0259nin \u00f6l\u00e7\u00fclm\u0259si<\/p>\n<p>G\u00fcn\u0259\u015f Park\u0131n\u0131n Monitorinqi \/ SCADA<\/p>\n<p>Dinamik x\u0259tt reytinqi<\/p>\n<p>IEC 61400-12-1:2017 il\u0259 uy\u011fundur<br \/>\nQorunan veb interfeysi vasit\u0259sil\u0259 istifad\u0259\u00e7i dostu konfiqurasiya<br \/>\nM\u00fcxt\u0259lif \u00f6l\u00e7m\u0259 m\u0259qs\u0259dl\u0259ri \u00fc\u00e7\u00fcn m\u00fcxt\u0259lif giri\u015f v\u0259 \u00e7\u0131x\u0131\u015flar<br \/>\nYeni inki\u015faflar:<\/p>\n<p>LTE v\u0259 4G modeml\u0259ri e. g., PLS8-E v\u0259 daha \u00e7ox.<br \/>\nVeb interfeysi v\u0259 e-po\u00e7t: TLS 1.1, 1.2 v\u0259 1.3 d\u0259st\u0259kl\u0259nir.<br \/>\nAdmin istifad\u0259\u00e7i yeni istifad\u0259\u00e7il\u0259r yarada v\u0259 ya onlar\u0131 sil\u0259 bil\u0259r.<br \/>\n\u018fvv\u0259lc\u0259d\u0259n t\u0259yin edilmi\u015f istifad\u0259\u00e7il\u0259r silin\u0259 bil\u0259r.<br \/>\nDaha s\u00fcr\u0259tli Modbus RTU v\u0259 TCP say\u0259sind\u0259 SCADA sisteml\u0259rind\u0259 daha az gecikm\u0259<br \/>\n\u018fn son Linux versiyas\u0131 v\u0259 SSL, SSH, SFTP, SCP, https v\u0259 s. kimi t\u0259hl\u00fck\u0259sizlik kitabxanalar\u0131n\u0131n \u0259n yeni versiyalar\u0131.<br \/>\nM\u0259lumat s\u0259naye standart\u0131 \u015fifr\u0259l\u0259m\u0259ni daha \u0259l\u00e7atan ed\u0259n FTPS il\u0259 g\u00f6nd\u0259ril\u0259 bil\u0259r.<\/p>\n<table border=\"1\" width=\"594\" cellspacing=\"1\" cellpadding=\"1\">\n<thead>\n<tr>\n<th colspan=\"3\" rowspan=\"1\" scope=\"col\"><span style=\"font-weight: 400;\">Meteo-40S plus<\/span><\/th>\n<th scope=\"col\"><span style=\"font-weight: 400;\">\u00a0Description\u00a0 \/ Device<\/span><\/th>\n<\/tr>\n<\/thead>\n<tbody>\n<tr>\n<td><\/td>\n<td>Order Number<\/td>\n<td>M11020<\/td>\n<td><\/td>\n<\/tr>\n<tr>\n<td colspan=\"1\" rowspan=\"5\">Input Channels<\/td>\n<td>Pulse Counters<\/td>\n<td>4<\/td>\n<td>Anemometers, precipitation sensors<\/td>\n<\/tr>\n<tr>\n<td>Digital Serial\u00a0 (Status)<\/td>\n<td>\u00a02<\/td>\n<td>Wind vanes serial, precipitation monitors, ext. activation<\/td>\n<\/tr>\n<tr>\n<td>Analog Voltage<\/td>\n<td>\u00a04<\/p>\n<p>\u00b1 0.1 V, \u00b1 1 V, \u00b1 10 V<br \/>\n16 bit<\/td>\n<td>Air pressure, temperature, humidity sensors, pot. wind vanes, pyranometers, pyrheliometers<\/td>\n<\/tr>\n<tr>\n<td>Analog Current<\/td>\n<td>\u00a01<\/p>\n<p>\u00b1 1 mA, \u00b1 10 mA,<br \/>\n\u00b1 100 mA<br \/>\n16 bit<\/td>\n<td>Sensors with DC output, e.g., temperature humidity sensor (0 &#8230; 20 mA)<\/td>\n<\/tr>\n<tr>\n<td>RS485 (M)<\/td>\n<td>(1) RS485 Master for up to 8 smart sensors<\/td>\n<td>Ultrasonic anemometers and smart sensors<\/td>\n<\/tr>\n<tr>\n<td colspan=\"1\" rowspan=\"3\">Output Channels<\/td>\n<td>RS485 (S)<\/td>\n<td>(1) RS485 Slave<\/td>\n<td>SCADA monitoring software<\/td>\n<\/tr>\n<tr>\n<td>\u00a05V | Switches<\/td>\n<td>2<\/td>\n<td>Sensor supply, relay for modem, heating supply<\/td>\n<\/tr>\n<tr>\n<td>Current Source<\/td>\n<td>1<\/td>\n<td>\u00a0Pt1000, Pt100<\/td>\n<\/tr>\n<tr>\n<td colspan=\"1\" rowspan=\"5\">Connectivity<\/td>\n<td>\u00a0USB<\/td>\n<td>(2) USB-A host<br \/>\n(1) USB-B device<\/td>\n<td>PC, modem, memory stick, WiFi, GPS, web cam<\/td>\n<\/tr>\n<tr>\n<td>Ethernet<\/td>\n<td>\u00a0(1) Ethernet<\/td>\n<td>Router, SAT-Modem, LAN and SCADA output<\/td>\n<\/tr>\n<tr>\n<td>Data transfer<\/td>\n<td colspan=\"2\" rowspan=\"1\">Email, FTP, SCP, SFTP, FTPS, Datacopy on USB-Stick, SCADA<\/td>\n<\/tr>\n<tr>\n<td>Data cloud<\/td>\n<td>SCP to AmmonitOR<\/td>\n<td>https:\/\/or.ammonit.com<\/td>\n<\/tr>\n<tr>\n<td>Remote control<\/td>\n<td>SSH reverse tunnel through AmmonitConnect Server<\/td>\n<td>https:\/\/&lt;serialnumber&gt;.connect.ammonit.com\/<\/td>\n<\/tr>\n<tr>\n<td colspan=\"1\" rowspan=\"2\">Storage Size<\/td>\n<td>Source Data<br \/>\n(1-sec data)<\/td>\n<td>\u00a01 GB<\/td>\n<td><\/td>\n<\/tr>\n<tr>\n<td>\u00a0CSV Data<br \/>\n(10-min data)<\/td>\n<td>\u00a0&gt; 50 MB<\/td>\n<td><\/td>\n<\/tr>\n<tr>\n<td><\/td>\n<td>Display &amp; Keys<\/td>\n<td colspan=\"2\" rowspan=\"1\">\u00a0(20 x 4) LC display with backlight, five keys<\/td>\n<\/tr>\n<tr>\n<td><\/td>\n<td>Power Supply<\/td>\n<td colspan=\"2\" rowspan=\"1\">9 &#8230; 36 VDC<\/td>\n<\/tr>\n<tr>\n<td><\/td>\n<td>Operat. temperature<\/td>\n<td colspan=\"2\" rowspan=\"1\">\u00a0-40 &#8230; +65 \u00b0C<\/td>\n<\/tr>\n<tr>\n<td><\/td>\n<td>Protection (Housing)<\/td>\n<td colspan=\"2\" rowspan=\"1\">IP65<\/td>\n<\/tr>\n<tr>\n<td><\/td>\n<td>Housing Dimensions<\/td>\n<td colspan=\"2\" rowspan=\"1\">260 x 194 x 50 mm<\/td>\n<\/tr>\n<tr>\n<td><\/td>\n<td>Weight<\/td>\n<td colspan=\"2\" rowspan=\"1\">950 g<\/td>\n<\/tr>\n<tr>\n<td><\/td>\n<td>Accessories<\/td>\n<td colspan=\"2\" rowspan=\"1\">External modules, plug connector, mounting kit, steel cabinet<\/td>\n<\/tr>\n<\/tbody>\n<\/table>\n","protected":false},"excerpt":{"rendered":"<h3>Sifari\u015f n\u00f6mr\u0259si<\/h3>\n<p>M11020<\/p>\n","protected":false},"featured_media":31769,"template":"","meta":[],"product_brand":[],"product_cat":[1336,1531,1525],"product_tag":[],"class_list":{"0":"post-31774","1":"product","2":"type-product","3":"status-publish","4":"has-post-thumbnail","6":"product_cat-brpa-olunan-enerji-kulk-v-guns-enerjisi-olcusu-az","7":"product_cat-datalogger-meteo-40l-plus","8":"product_cat-mlumat-qeydcis","10":"first","11":"instock","12":"shipping-taxable","13":"product-type-simple"},"_links":{"self":[{"href":"https:\/\/airsystems.ge\/shop\/az\/wp-json\/wp\/v2\/product\/31774","targetHints":{"allow":["GET"]}}],"collection":[{"href":"https:\/\/airsystems.ge\/shop\/az\/wp-json\/wp\/v2\/product"}],"about":[{"href":"https:\/\/airsystems.ge\/shop\/az\/wp-json\/wp\/v2\/types\/product"}],"wp:featuredmedia":[{"embeddable":true,"href":"https:\/\/airsystems.ge\/shop\/az\/wp-json\/wp\/v2\/media\/31769"}],"wp:attachment":[{"href":"https:\/\/airsystems.ge\/shop\/az\/wp-json\/wp\/v2\/media?parent=31774"}],"wp:term":[{"taxonomy":"product_brand","embeddable":true,"href":"https:\/\/airsystems.ge\/shop\/az\/wp-json\/wp\/v2\/product_brand?post=31774"},{"taxonomy":"product_cat","embeddable":true,"href":"https:\/\/airsystems.ge\/shop\/az\/wp-json\/wp\/v2\/product_cat?post=31774"},{"taxonomy":"product_tag","embeddable":true,"href":"https:\/\/airsystems.ge\/shop\/az\/wp-json\/wp\/v2\/product_tag?post=31774"}],"curies":[{"name":"wp","href":"https:\/\/api.w.org\/{rel}","templated":true}]}}