{"id":31668,"date":"2025-05-17T13:47:14","date_gmt":"2025-05-17T09:47:14","guid":{"rendered":"https:\/\/airsystems.ge\/shop\/product\/meteolaser-lidar\/"},"modified":"2025-05-17T14:02:34","modified_gmt":"2025-05-17T10:02:34","slug":"meteolaser-lidar","status":"publish","type":"product","link":"https:\/\/airsystems.ge\/shop\/az\/product\/meteolaser-lidar\/","title":{"rendered":"Meteo lazer LiDAR"},"content":{"rendered":"<h3>Geni\u015f t\u0259tbiql\u0259r \u00fc\u00e7\u00fcn mobil \u00f6l\u00e7m\u0259<\/h3>\n<p>MeteoLaser LiDAR \u00fcf\u00fcqi v\u0259 \u015faquli k\u00fcl\u0259yin s\u00fcr\u0259tini v\u0259 istiqam\u0259tl\u0259rini 300 metr\u0259 q\u0259d\u0259r d\u0259qiq \u00f6l\u00e7\u00fcr. PTH sensor modulu vasit\u0259sil\u0259 t\u0259zyiq, temperatur v\u0259 r\u00fctub\u0259ti \u00f6l\u00e7\u00fcr.<\/p>\n<p>MeteoLaser LiDAR istifad\u0259 edil\u0259 bil\u0259r<\/p>\n<p>k\u00fcl\u0259k ehtiyatlar\u0131n\u0131n qiym\u0259tl\u0259ndirilm\u0259sind\u0259,<br \/>\nk\u00fcl\u0259k stansiyalar\u0131n\u0131n mikro yerl\u0259\u015fdirm\u0259sind\u0259,<br \/>\nk\u00fcl\u0259k turbininin g\u00fcc performans\u0131,<br \/>\nk\u00fcl\u0259k park\u0131n\u0131n monitorinqi,<br \/>\nd\u0259niz k\u00fcl\u0259yi \u00f6l\u00e7m\u0259 sisteml\u0259ri v\u0259 mobil k\u00fcl\u0259k \u00f6l\u00e7m\u0259l\u0259rinin t\u0259l\u0259b olundu\u011fu dig\u0259r yerl\u0259r.<\/p>\n<p><img decoding=\"async\" class=\"img-fluid\" src=\"https:\/\/www.ammonit.com\/media\/filer_public_thumbnails\/filer_public\/6a\/f7\/6af7b75e-718d-4e4d-ba5f-b07522134b53\/ammonit_meteolaser_v2_principle.jpg__510x383_q85_subsampling-2.jpg\" alt=\"\" \/><\/p>\n<table border=\"1\" width=\"497\" cellspacing=\"1\" cellpadding=\"1\">\n<tbody>\n<tr>\n<td>Size<\/td>\n<td>\u00a0Length x width x height<\/td>\n<\/tr>\n<tr>\n<td>without packaging<\/td>\n<td>390 x 390 x 340 mm<\/td>\n<\/tr>\n<tr>\n<td>with packaging<\/td>\n<td>600 x 600 x 600 mm<\/td>\n<\/tr>\n<tr>\n<td>Weight<\/td>\n<td><\/td>\n<\/tr>\n<tr>\n<td>without packaging<\/td>\n<td>32 kg<\/td>\n<\/tr>\n<tr>\n<td>with packaging<\/td>\n<td>60 kg<\/td>\n<\/tr>\n<\/tbody>\n<\/table>\n<p>&nbsp;<\/p>\n<table border=\"1\" cellspacing=\"1\" cellpadding=\"1\">\n<thead>\n<tr>\n<th scope=\"col\">Type of LiDAR<\/th>\n<th scope=\"col\">Pulsed Doppler LiDAR<\/th>\n<\/tr>\n<\/thead>\n<tbody>\n<tr>\n<td>Number of laser beams<\/td>\n<td>4 laser beams (N, E, S, W)<\/td>\n<\/tr>\n<tr>\n<td>Angle of laser beam<\/td>\n<td>28\u00b0 to vertical<\/td>\n<\/tr>\n<tr>\n<td>Measurement range<\/td>\n<td>40 to 300 m<\/td>\n<\/tr>\n<tr>\n<td>Measurement heights<\/td>\n<td>12 heights<\/td>\n<\/tr>\n<tr>\n<td>Measurement cycle duration<\/td>\n<td>~0,8 s per beam,<br \/>\n~3,2 s for 4 beams<\/td>\n<\/tr>\n<tr>\n<td>Accuracy horizontal wind speed<\/td>\n<td>0.1 m\/s *<\/td>\n<\/tr>\n<tr>\n<td>Wind speed range<\/td>\n<td>0 to 80 m\/s<\/td>\n<\/tr>\n<tr>\n<td>Accuracy wind direction<\/td>\n<td>1\u00b0 *<\/td>\n<\/tr>\n<tr>\n<td>Power supply requirements<\/td>\n<td>18 to 32 V DC \/<br \/>\n93 to 263 V AC (50-60 Hz)<\/td>\n<\/tr>\n<tr>\n<td>Power consumption<\/td>\n<td>LiDAR alone: 30 W<br \/>\nWith cooling: 35 W<br \/>\nWith heating: 50-70 W<\/td>\n<\/tr>\n<tr>\n<td>Operating temperature range<\/td>\n<td>-40\u00b0 C to 60\u00b0 C<\/td>\n<\/tr>\n<tr>\n<td>Humidity range<\/td>\n<td>-0 % to 100 % RH<br \/>\n(non-sourced)<\/td>\n<\/tr>\n<tr>\n<td>Protection level<\/td>\n<td>IP 67<\/td>\n<\/tr>\n<tr>\n<td>Eye safety standard<\/td>\n<td>Class 1M IEC\/EN 60825-1<\/td>\n<\/tr>\n<tr>\n<td>Hardware interface<\/td>\n<td>4G-Router, Ethernet,<br \/>\nLaptop connection, USB for<br \/>\nGPS-tracking<\/td>\n<\/tr>\n<tr>\n<td>Data format (compressed)<\/td>\n<td>10 minutes files CSV files<br \/>\n1 second data CSV files<\/td>\n<\/tr>\n<tr>\n<td>Size of memory<\/td>\n<td>100 GB available for CSV files<\/td>\n<\/tr>\n<tr>\n<td>User interface for remote access<\/td>\n<td>Web application over AmmonitConnect<br \/>\n(SSH reverse Tunnel)<\/td>\n<\/tr>\n<tr>\n<td>Data transfer protocols<\/td>\n<td>Emails, FTP and SCP,<br \/>\nSFTP from AmmonitOR<\/td>\n<\/tr>\n<tr>\n<td>Data cloud<\/td>\n<td>AmmonitOR Data Cloud<\/td>\n<\/tr>\n<tr>\n<td>Factory report against<br \/>\ngolden LiDAR<\/td>\n<td>Included for free<\/td>\n<\/tr>\n<tr>\n<td>IEC 61400-12-1 verification<\/td>\n<td>Available for purchase<\/td>\n<\/tr>\n<tr>\n<td>IEC 61400-12-1 classification<br \/>\nMeteoLaser Version 1<\/td>\n<td>Available<\/td>\n<\/tr>\n<\/tbody>\n<\/table>\n<p>*depending on environmental conditions, see classification report<\/p>\n","protected":false},"excerpt":{"rendered":"<p><strong>Sifari\u015f n\u00f6mr\u0259si<\/strong><br \/>\nS97210<\/p>\n","protected":false},"featured_media":31677,"template":"","meta":[],"product_brand":[],"product_cat":[1336,1510,1504],"product_tag":[],"class_list":{"0":"post-31668","1":"product","2":"type-product","3":"status-publish","4":"has-post-thumbnail","6":"product_cat-brpa-olunan-enerji-kulk-v-guns-enerjisi-olcusu-az","7":"product_cat-lidar-az-2","8":"product_cat-lidar-uzaqdan-zondlama-mhsullari","10":"first","11":"instock","12":"shipping-taxable","13":"product-type-simple"},"_links":{"self":[{"href":"https:\/\/airsystems.ge\/shop\/az\/wp-json\/wp\/v2\/product\/31668","targetHints":{"allow":["GET"]}}],"collection":[{"href":"https:\/\/airsystems.ge\/shop\/az\/wp-json\/wp\/v2\/product"}],"about":[{"href":"https:\/\/airsystems.ge\/shop\/az\/wp-json\/wp\/v2\/types\/product"}],"wp:featuredmedia":[{"embeddable":true,"href":"https:\/\/airsystems.ge\/shop\/az\/wp-json\/wp\/v2\/media\/31677"}],"wp:attachment":[{"href":"https:\/\/airsystems.ge\/shop\/az\/wp-json\/wp\/v2\/media?parent=31668"}],"wp:term":[{"taxonomy":"product_brand","embeddable":true,"href":"https:\/\/airsystems.ge\/shop\/az\/wp-json\/wp\/v2\/product_brand?post=31668"},{"taxonomy":"product_cat","embeddable":true,"href":"https:\/\/airsystems.ge\/shop\/az\/wp-json\/wp\/v2\/product_cat?post=31668"},{"taxonomy":"product_tag","embeddable":true,"href":"https:\/\/airsystems.ge\/shop\/az\/wp-json\/wp\/v2\/product_tag?post=31668"}],"curies":[{"name":"wp","href":"https:\/\/api.w.org\/{rel}","templated":true}]}}