{"id":31646,"date":"2025-05-15T00:32:13","date_gmt":"2025-05-14T20:32:13","guid":{"rendered":"https:\/\/airsystems.ge\/shop\/product\/pyranometer-delta-t-spn1\/"},"modified":"2025-05-15T00:35:57","modified_gmt":"2025-05-14T20:35:57","slug":"pyranometer-delta-t-spn1","status":"publish","type":"product","link":"https:\/\/airsystems.ge\/shop\/az\/product\/pyranometer-delta-t-spn1\/","title":{"rendered":"Piranometr Delta-T SPN1"},"content":{"rendered":"<ul>\n<li>Qlobal (\u00fcmumi) v\u0259 diffuz \u015f\u00fcalanman\u0131 W\/m\u00b2 il\u0259 \u00f6l\u00e7\u00fcr<br \/>\nWMO g\u00fcn\u0259\u015f i\u015f\u0131\u011f\u0131 h\u0259ddi: 120 W\/m\u00b2 birba\u015fa \u015f\u00fca<br \/>\nRutin t\u0259nziml\u0259m\u0259 v\u0259 ya polar d\u00fcz\u00fclm\u0259 yoxdur<br \/>\nH\u0259r\u0259k\u0259t ed\u0259n hiss\u0259l\u0259r, k\u00f6lg\u0259 halqalar\u0131 v\u0259 ya motorlu izl\u0259m\u0259 yoxdur<br \/>\n\u0130st\u0259nil\u0259n enlikd\u0259 i\u015fl\u0259yir<br \/>\nUnikal yer\u00fcst\u00fc \u015f\u00fc\u015f\u0259 g\u00fcnb\u0259z<br \/>\nGeni\u015fzolaql\u0131 termopil sensorlar\u0131<br \/>\n\u0130deal spektral v\u0259 kosinus reaksiyas\u0131na yax\u0131nd\u0131r<br \/>\nStandart \u00e7\u0131x\u0131\u015f h\u0259ssasl\u0131\u011f\u0131<br \/>\nSpektral reaksiyadan ba\u015fqa b\u00fct\u00fcn aspektl\u0259rd\u0259 g\u00fcn\u0259\u015f piranometri \u00fc\u00e7\u00fcn ISO Sinif B standart\u0131 v\u0259 WMO Yax\u015f\u0131 Keyfiyy\u0259t standart\u0131na uy\u011fun g\u0259lir v\u0259 ya ondan art\u0131qd\u0131r &#8211; bu, 0,4-2,7 \u03bcm aras\u0131nda \u00b110% d\u0259qiqdir.<\/li>\n<\/ul>\n<table border=\"1\" width=\"501\" cellspacing=\"2\" cellpadding=\"2\">\n<thead>\n<tr>\n<th scope=\"col\">Characteristic<\/th>\n<th scope=\"col\">Description \/ Value<\/th>\n<\/tr>\n<\/thead>\n<tbody>\n<tr>\n<td>Spectral range<\/td>\n<td>0 to &gt; 2000 W\/m\u00b2<\/td>\n<\/tr>\n<tr>\n<td>Resolution<\/td>\n<td>0.6 W\/m\u00b2 = 0.6mV<\/td>\n<\/tr>\n<tr>\n<td>Analog output sensitivity<\/td>\n<td>1mV = 1 W\/m\u00b2<\/td>\n<\/tr>\n<tr>\n<td>Analog output range<\/td>\n<td>0 &#8230; 2500 mV<\/td>\n<\/tr>\n<tr>\n<td>Sunshine status threshold<\/td>\n<td>120 W\/m\u00b2<\/td>\n<\/tr>\n<tr>\n<td>Sunshine status output<\/td>\n<td>No sun = open circuit<br \/>\nSun = short circuit to ground<\/td>\n<\/tr>\n<tr>\n<td>Accuracy: sunshine status<\/td>\n<td>\u00b1 10% sun hours with respect to the threshold<\/td>\n<\/tr>\n<tr>\n<td>Accuracy: cosine correction<\/td>\n<td>\u00b1 2% of incoming radiation over 0 &#8230; 90\u00b0 zenith angle<\/td>\n<\/tr>\n<tr>\n<td>Accuracy: azimuth angle<\/td>\n<td>\u00b1 5% over 360\u00b0 rotation<\/td>\n<\/tr>\n<tr>\n<td>Quality Standard<\/td>\n<td>SPN1 matches or exceeds ISO First Class standard and WMO Good Quality standard for solar pyranometers in all respects apart from spectral response &#8211; which is accurate to \u00b110% over 0.4 to 2.7 \u03bcm<\/td>\n<\/tr>\n<tr>\n<td>Overall Acuracy<\/td>\n<td>\u00b1 5% daily integrals<\/td>\n<\/tr>\n<tr>\n<td>Global (Total)<\/td>\n<td>\u00b1 5% \u00b1 10 W\/m2 hourly averages<\/td>\n<\/tr>\n<tr>\n<td>Diffuse Radiation<\/td>\n<td>\u00b1 8% \u00b1 10 W\/m\u00b2 individual readings<br \/>\nAccuracy figures give 95% confidence limits, i.e. 95% of individual readings will be within stated limits under normal climactic conditions.<\/td>\n<\/tr>\n<tr>\n<td>Power requirements<\/td>\n<td>2 mA (excluding heating power)<br \/>\n5 &#8230; 15 VDC<\/td>\n<\/tr>\n<tr>\n<td>Heating power<\/td>\n<td>12 &#8230; 15 VDC, up to 1.5 A<\/td>\n<\/tr>\n<tr>\n<td>Heating control<\/td>\n<td>Continuously variable up to 20 W output for external temperatures below 0\u00b0C<\/td>\n<\/tr>\n<tr>\n<td>Lowest snow &amp; ice-free temperatures<br \/>\n(with heating in use)<\/td>\n<td>-20\u00b0C at 0 m\/s wind speed<br \/>\n-10\u00b0C at 2 m\/s wind speed<\/td>\n<\/tr>\n<tr>\n<td>Temp coefficient<\/td>\n<td>\u00b1 0.02% per \u00b0C typical<br \/>\n(-20 &#8230; +70\u00b0C)<\/td>\n<\/tr>\n<tr>\n<td>Temperature range<\/td>\n<td>-40 &#8230; +70\u00b0C<\/td>\n<\/tr>\n<tr>\n<td>Recalibration \/ stability<\/td>\n<td>Factory calibration recommended every 2 years<\/td>\n<\/tr>\n<tr>\n<td>Spectral response<\/td>\n<td>400 &#8230; 2700 nm<\/td>\n<\/tr>\n<tr>\n<td>Spectral sensitivity variation<\/td>\n<td>10% typical<\/td>\n<\/tr>\n<tr>\n<td>Latitude capability<\/td>\n<td>-90 &#8230; +90\u00b0C<\/td>\n<\/tr>\n<tr>\n<td>Connection<\/td>\n<td>8-pole plug (M12)<\/td>\n<\/tr>\n<tr>\n<td>Cable<\/td>\n<td>8-wire cable, length: 5 m<\/td>\n<\/tr>\n<tr>\n<td>Environmental<\/td>\n<td>IP67 sealing<\/td>\n<\/tr>\n<tr>\n<td>Mounting options<\/td>\n<td>3 x M5 tapped holes in base; 108 mm pcd, 120\u00b0 spacing<\/td>\n<\/tr>\n<tr>\n<td>Size \/ weight<\/td>\n<td>140 mm (diameter) x 100 mm (height), 940g<\/td>\n<\/tr>\n<tr>\n<td>Manufacturer<\/td>\n<td>Delta-T Devices Ltd.<\/td>\n<\/tr>\n<\/tbody>\n<\/table>\n","protected":false},"excerpt":{"rendered":"<p><strong>Sifari\u015f n\u00f6mr\u0259si<\/strong><br \/>\nS65100<\/p>\n","protected":false},"featured_media":31633,"template":"","meta":[],"product_brand":[],"product_cat":[1336,1471,1501],"product_tag":[],"class_list":{"0":"post-31646","1":"product","2":"type-product","3":"status-publish","4":"has-post-thumbnail","6":"product_cat-brpa-olunan-enerji-kulk-v-guns-enerjisi-olcusu-az","7":"product_cat-guns-sensoru","8":"product_cat-piranometr","10":"first","11":"instock","12":"shipping-taxable","13":"product-type-simple"},"_links":{"self":[{"href":"https:\/\/airsystems.ge\/shop\/az\/wp-json\/wp\/v2\/product\/31646","targetHints":{"allow":["GET"]}}],"collection":[{"href":"https:\/\/airsystems.ge\/shop\/az\/wp-json\/wp\/v2\/product"}],"about":[{"href":"https:\/\/airsystems.ge\/shop\/az\/wp-json\/wp\/v2\/types\/product"}],"wp:featuredmedia":[{"embeddable":true,"href":"https:\/\/airsystems.ge\/shop\/az\/wp-json\/wp\/v2\/media\/31633"}],"wp:attachment":[{"href":"https:\/\/airsystems.ge\/shop\/az\/wp-json\/wp\/v2\/media?parent=31646"}],"wp:term":[{"taxonomy":"product_brand","embeddable":true,"href":"https:\/\/airsystems.ge\/shop\/az\/wp-json\/wp\/v2\/product_brand?post=31646"},{"taxonomy":"product_cat","embeddable":true,"href":"https:\/\/airsystems.ge\/shop\/az\/wp-json\/wp\/v2\/product_cat?post=31646"},{"taxonomy":"product_tag","embeddable":true,"href":"https:\/\/airsystems.ge\/shop\/az\/wp-json\/wp\/v2\/product_tag?post=31646"}],"curies":[{"name":"wp","href":"https:\/\/api.w.org\/{rel}","templated":true}]}}