{"id":31458,"date":"2025-05-11T18:30:56","date_gmt":"2025-05-11T14:30:56","guid":{"rendered":"https:\/\/airsystems.ge\/shop\/product\/calibration-wind-vane-thies-first-class\/"},"modified":"2025-05-11T18:33:56","modified_gmt":"2025-05-11T14:33:56","slug":"calibration-wind-vane-thies-first-class","status":"publish","type":"product","link":"https:\/\/airsystems.ge\/shop\/az\/product\/calibration-wind-vane-thies-first-class\/","title":{"rendered":"Birinci d\u0259r\u0259c\u0259li k\u00fcl\u0259k qanad\u0131n\u0131n kalibrl\u0259nm\u0259si"},"content":{"rendered":"","protected":false},"excerpt":{"rendered":"<p>Sifari\u015f n\u00f6mr\u0259si<br \/>\nS21095T \/ S21095TH \/ S21095P \/ S21095PH<\/p>\n<p>S21095T Kalibrl\u0259m\u0259 K\u00fcl\u0259k G\u00fcl\u00fc Thies First Class TMR<br \/>\nS21095TH Kalibrl\u0259m\u0259 K\u00fcl\u0259k G\u00fcl\u00fc Thies First Class TMR q\u0131zd\u0131r\u0131l\u0131r<br \/>\nS21095P Kalibrl\u0259m\u0259 K\u00fcl\u0259k G\u00fcl\u00fc Thies First Class POT<br \/>\nS21095PH Kalibrl\u0259m\u0259 K\u00fcl\u0259k G\u00fcl\u00fc Thies First Class POT q\u0131zd\u0131r\u0131l\u0131r<\/p>\n<p>Ammonit K\u00fcl\u0259k Tuneli t\u0259r\u0259find\u0259n apar\u0131lm\u0131\u015fd\u0131r<br \/>\n&#8211; DAkkS akkredit\u0259 olunmu\u015f laboratoriya &#8211; Measnet proseduruna \u0259sas\u0259n, daxil olmaqla. sertifikat<\/p>\n","protected":false},"featured_media":31453,"template":"","meta":[],"product_brand":[],"product_cat":[1336,1465,1416],"product_tag":[],"class_list":{"0":"post-31458","1":"product","2":"type-product","3":"status-publish","4":"has-post-thumbnail","6":"product_cat-brpa-olunan-enerji-kulk-v-guns-enerjisi-olcusu-az","7":"product_cat-kalibrlm","8":"product_cat-kulk-sensoru","10":"first","11":"instock","12":"shipping-taxable","13":"product-type-simple"},"_links":{"self":[{"href":"https:\/\/airsystems.ge\/shop\/az\/wp-json\/wp\/v2\/product\/31458","targetHints":{"allow":["GET"]}}],"collection":[{"href":"https:\/\/airsystems.ge\/shop\/az\/wp-json\/wp\/v2\/product"}],"about":[{"href":"https:\/\/airsystems.ge\/shop\/az\/wp-json\/wp\/v2\/types\/product"}],"wp:featuredmedia":[{"embeddable":true,"href":"https:\/\/airsystems.ge\/shop\/az\/wp-json\/wp\/v2\/media\/31453"}],"wp:attachment":[{"href":"https:\/\/airsystems.ge\/shop\/az\/wp-json\/wp\/v2\/media?parent=31458"}],"wp:term":[{"taxonomy":"product_brand","embeddable":true,"href":"https:\/\/airsystems.ge\/shop\/az\/wp-json\/wp\/v2\/product_brand?post=31458"},{"taxonomy":"product_cat","embeddable":true,"href":"https:\/\/airsystems.ge\/shop\/az\/wp-json\/wp\/v2\/product_cat?post=31458"},{"taxonomy":"product_tag","embeddable":true,"href":"https:\/\/airsystems.ge\/shop\/az\/wp-json\/wp\/v2\/product_tag?post=31458"}],"curies":[{"name":"wp","href":"https:\/\/api.w.org\/{rel}","templated":true}]}}