{"id":31431,"date":"2025-05-11T17:50:48","date_gmt":"2025-05-11T13:50:48","guid":{"rendered":"https:\/\/airsystems.ge\/shop\/product\/calibration-precipitation-sensor\/"},"modified":"2025-05-11T17:57:40","modified_gmt":"2025-05-11T13:57:40","slug":"calibration-precipitation-sensor","status":"publish","type":"product","link":"https:\/\/airsystems.ge\/shop\/az\/product\/calibration-precipitation-sensor\/","title":{"rendered":"Kalibrl\u0259m\u0259 Ya\u011f\u0131\u015f Sensoru"},"content":{"rendered":"","protected":false},"excerpt":{"rendered":"<h3>Order number<\/h3>\n<p>S73090<\/p>\n","protected":false},"featured_media":31425,"template":"","meta":[],"product_brand":[],"product_cat":[1336,1465,1416],"product_tag":[],"class_list":{"0":"post-31431","1":"product","2":"type-product","3":"status-publish","4":"has-post-thumbnail","6":"product_cat-brpa-olunan-enerji-kulk-v-guns-enerjisi-olcusu-az","7":"product_cat-kalibrlm","8":"product_cat-kulk-sensoru","10":"first","11":"instock","12":"shipping-taxable","13":"product-type-simple"},"_links":{"self":[{"href":"https:\/\/airsystems.ge\/shop\/az\/wp-json\/wp\/v2\/product\/31431","targetHints":{"allow":["GET"]}}],"collection":[{"href":"https:\/\/airsystems.ge\/shop\/az\/wp-json\/wp\/v2\/product"}],"about":[{"href":"https:\/\/airsystems.ge\/shop\/az\/wp-json\/wp\/v2\/types\/product"}],"wp:featuredmedia":[{"embeddable":true,"href":"https:\/\/airsystems.ge\/shop\/az\/wp-json\/wp\/v2\/media\/31425"}],"wp:attachment":[{"href":"https:\/\/airsystems.ge\/shop\/az\/wp-json\/wp\/v2\/media?parent=31431"}],"wp:term":[{"taxonomy":"product_brand","embeddable":true,"href":"https:\/\/airsystems.ge\/shop\/az\/wp-json\/wp\/v2\/product_brand?post=31431"},{"taxonomy":"product_cat","embeddable":true,"href":"https:\/\/airsystems.ge\/shop\/az\/wp-json\/wp\/v2\/product_cat?post=31431"},{"taxonomy":"product_tag","embeddable":true,"href":"https:\/\/airsystems.ge\/shop\/az\/wp-json\/wp\/v2\/product_tag?post=31431"}],"curies":[{"name":"wp","href":"https:\/\/api.w.org\/{rel}","templated":true}]}}