{"id":31116,"date":"2025-05-11T12:43:37","date_gmt":"2025-05-11T08:43:37","guid":{"rendered":"https:\/\/airsystems.ge\/shop\/product\/bird-protection-ring-for-precipitation-sensor-young\/"},"modified":"2025-05-11T12:45:39","modified_gmt":"2025-05-11T08:45:39","slug":"bird-protection-ring-for-precipitation-sensor-young","status":"publish","type":"product","link":"https:\/\/airsystems.ge\/shop\/az\/product\/bird-protection-ring-for-precipitation-sensor-young\/","title":{"rendered":"Ya\u011f\u0131\u015f Sensoru G\u0259nc \u00fc\u00e7\u00fcn Qu\u015f Qoruma \u00dcz\u00fcy\u00fc"},"content":{"rendered":"","protected":false},"excerpt":{"rendered":"<h3>Sifari\u015f n\u00f6mr\u0259si<\/h3>\n<p>S73000<\/p>\n","protected":false},"featured_media":31111,"template":"","meta":[],"product_brand":[],"product_cat":[1336,1416,1447],"product_tag":[],"class_list":{"0":"post-31116","1":"product","2":"type-product","3":"status-publish","4":"has-post-thumbnail","6":"product_cat-brpa-olunan-enerji-kulk-v-guns-enerjisi-olcusu-az","7":"product_cat-kulk-sensoru","8":"product_cat-yagis-sensoru","10":"first","11":"instock","12":"shipping-taxable","13":"product-type-simple"},"_links":{"self":[{"href":"https:\/\/airsystems.ge\/shop\/az\/wp-json\/wp\/v2\/product\/31116","targetHints":{"allow":["GET"]}}],"collection":[{"href":"https:\/\/airsystems.ge\/shop\/az\/wp-json\/wp\/v2\/product"}],"about":[{"href":"https:\/\/airsystems.ge\/shop\/az\/wp-json\/wp\/v2\/types\/product"}],"wp:featuredmedia":[{"embeddable":true,"href":"https:\/\/airsystems.ge\/shop\/az\/wp-json\/wp\/v2\/media\/31111"}],"wp:attachment":[{"href":"https:\/\/airsystems.ge\/shop\/az\/wp-json\/wp\/v2\/media?parent=31116"}],"wp:term":[{"taxonomy":"product_brand","embeddable":true,"href":"https:\/\/airsystems.ge\/shop\/az\/wp-json\/wp\/v2\/product_brand?post=31116"},{"taxonomy":"product_cat","embeddable":true,"href":"https:\/\/airsystems.ge\/shop\/az\/wp-json\/wp\/v2\/product_cat?post=31116"},{"taxonomy":"product_tag","embeddable":true,"href":"https:\/\/airsystems.ge\/shop\/az\/wp-json\/wp\/v2\/product_tag?post=31116"}],"curies":[{"name":"wp","href":"https:\/\/api.w.org\/{rel}","templated":true}]}}