{"id":31087,"date":"2025-05-11T12:30:07","date_gmt":"2025-05-11T08:30:07","guid":{"rendered":"https:\/\/airsystems.ge\/shop\/product\/precipitation-monitor-thies\/"},"modified":"2025-05-11T12:34:55","modified_gmt":"2025-05-11T08:34:55","slug":"precipitation-monitor-thies","status":"publish","type":"product","link":"https:\/\/airsystems.ge\/shop\/az\/product\/precipitation-monitor-thies\/","title":{"rendered":"Ya\u011f\u0131\u015f Monitoru Thies"},"content":{"rendered":"<div class=\"appBody\">\n<div class=\"productDetail appContainer container\">\n<div id=\"productTabContent\" class=\"tab-content\">\n<div id=\"product-details\" class=\"tab-pane fade active show\" role=\"tabpanel\" aria-labelledby=\"product-details-tab\">\n<p>Thies Ya\u011f\u0131\u015f Monitoru ya\u011f\u0131\u015f\u0131n ba\u015flan\u011f\u0131c\u0131n\u0131 v\u0259 sonunu, el\u0259c\u0259 d\u0259 ya\u011f\u0131nt\u0131 d\u00f6vr\u00fcn\u00fcn m\u00fcdd\u0259tini m\u00fc\u0259yy\u0259n etm\u0259k \u00fc\u00e7\u00fcn siqnallar \u00f6t\u00fcr\u00fcr.<\/p>\n<\/div>\n<\/div>\n<\/div>\n<\/div>\n<footer class=\"appFooter\">\n<div class=\"appFooter__top\">\n<div class=\"container\">\n<table border=\"1\" cellspacing=\"1\" cellpadding=\"1\">\n<thead>\n<tr>\n<th scope=\"col\">Charateristic<\/th>\n<th scope=\"col\">Desciption \/ Value<\/th>\n<\/tr>\n<\/thead>\n<tbody>\n<tr>\n<td>Measuring value<\/td>\n<td>\u00a0Status of precipitation<\/td>\n<\/tr>\n<tr>\n<td>Drop size<\/td>\n<td>\u00a0\u2265 0.2 mm<\/td>\n<\/tr>\n<tr>\n<td>Switch-on condition<\/td>\n<td>1 &#8230; 15 incidences within 50 seconds<\/td>\n<\/tr>\n<tr>\n<td>Switch-on \/-off delay<\/td>\n<td>\u00a0none \/ 25 &#8230; 375 seconds<\/td>\n<\/tr>\n<tr>\n<td><strong>Operating range<\/strong><\/td>\n<td><\/td>\n<\/tr>\n<tr>\n<td>Ambient temperature<\/td>\n<td>-30 &#8230; 60\u00b0C<\/td>\n<\/tr>\n<tr>\n<td><strong>Electrical data\u00a0\u00a0<\/strong><\/td>\n<td><\/td>\n<\/tr>\n<tr>\n<td>Electrical supply<\/td>\n<td>12 &#8211; 28 VDC\/ 50 mA<br \/>\n1,2 A @ 24 VDC<\/td>\n<\/tr>\n<tr>\n<td>Relais<\/td>\n<td>S72100H: HZ Modus A<br \/>\nS72110H: HZ Modus C<\/td>\n<\/tr>\n<tr>\n<td><strong>General\u00a0\u00a0 \u00a0<\/strong><\/td>\n<td><\/td>\n<\/tr>\n<tr>\n<td>Mounting<\/td>\n<td>Mounting on mast tube \u00d8 34 &#8230; 50 mm<\/td>\n<\/tr>\n<tr>\n<td>Dimension<\/td>\n<td>38 x 125 x 136 mm (height x width x length)<\/td>\n<\/tr>\n<tr>\n<td>Weight<\/td>\n<td>0.4 kg<\/td>\n<\/tr>\n<tr>\n<td>Protection<\/td>\n<td>IP 65<\/td>\n<\/tr>\n<tr>\n<td>Manufacturer<\/td>\n<td>Thies<\/td>\n<\/tr>\n<\/tbody>\n<\/table>\n<\/div>\n<\/div>\n<\/footer>\n","protected":false},"excerpt":{"rendered":"<h3>Sifari\u015f n\u00f6mr\u0259si<\/h3>\n<p>S72100H\/S72110H<\/p>\n","protected":false},"featured_media":31076,"template":"","meta":[],"product_brand":[],"product_cat":[1447],"product_tag":[],"class_list":{"0":"post-31087","1":"product","2":"type-product","3":"status-publish","4":"has-post-thumbnail","6":"product_cat-yagis-sensoru","8":"first","9":"instock","10":"shipping-taxable","11":"product-type-simple"},"_links":{"self":[{"href":"https:\/\/airsystems.ge\/shop\/az\/wp-json\/wp\/v2\/product\/31087","targetHints":{"allow":["GET"]}}],"collection":[{"href":"https:\/\/airsystems.ge\/shop\/az\/wp-json\/wp\/v2\/product"}],"about":[{"href":"https:\/\/airsystems.ge\/shop\/az\/wp-json\/wp\/v2\/types\/product"}],"wp:featuredmedia":[{"embeddable":true,"href":"https:\/\/airsystems.ge\/shop\/az\/wp-json\/wp\/v2\/media\/31076"}],"wp:attachment":[{"href":"https:\/\/airsystems.ge\/shop\/az\/wp-json\/wp\/v2\/media?parent=31087"}],"wp:term":[{"taxonomy":"product_brand","embeddable":true,"href":"https:\/\/airsystems.ge\/shop\/az\/wp-json\/wp\/v2\/product_brand?post=31087"},{"taxonomy":"product_cat","embeddable":true,"href":"https:\/\/airsystems.ge\/shop\/az\/wp-json\/wp\/v2\/product_cat?post=31087"},{"taxonomy":"product_tag","embeddable":true,"href":"https:\/\/airsystems.ge\/shop\/az\/wp-json\/wp\/v2\/product_tag?post=31087"}],"curies":[{"name":"wp","href":"https:\/\/api.w.org\/{rel}","templated":true}]}}